{"id":25122,"date":"2024-08-08T16:30:42","date_gmt":"2024-08-08T09:30:42","guid":{"rendered":"https:\/\/kodointernational.com\/?post_type=product&#038;p=25122"},"modified":"2024-08-08T16:30:43","modified_gmt":"2024-08-08T09:30:43","slug":"nen-thom-tinh-dau-nuoc-hoa-vanilla-wood","status":"publish","type":"product","link":"https:\/\/kodointernational.com\/vi\/product\/nen-thom-tinh-dau-nuoc-hoa-vanilla-wood\/","title":{"rendered":"N\u1ebfn th\u01a1m tinh d\u1ea7u n\u01b0\u1edbc hoa Vanilla Wood"},"content":{"rendered":"","protected":false},"excerpt":{"rendered":"<p>Vanilla Wood: M\u1ed9t h\u00e0nh tr\u00ecnh h\u01b0\u01a1ng th\u01a1m \u0111\u01b0a b\u1ea1n \u0111\u1ebfn v\u1edbi th\u1ebf gi\u1edbi \u1ea5m \u00e1p v\u00e0 \u00eam d\u1ecbu c\u1ee7a g\u1ed7 v\u00e0 vani, nh\u01b0 l\u00e0 m\u1ed9t c\u00e1i \u00f4m nh\u1eb9 trong kh\u00f4ng gian \u1ea5m c\u00fang c\u1ee7a gia \u0111\u00ecnh. V\u1edbi s\u1ef1 h\u00f2a quy\u1ec7n tinh t\u1ebf c\u1ee7a Iris, Rose, Vanilla, Amber, Musk. Vanilla Wood l\u00e0 m\u1ed9t b\u1ee9c tranh m\u00f9i h\u01b0\u01a1ng \u0111\u1eadm \u0111\u00e0 v\u00e0 tr\u00e0n ng\u1eadp c\u1ea3m x\u00fac<\/p>\n","protected":false},"featured_media":25123,"comment_status":"open","ping_status":"closed","template":"","meta":[],"etheme_brands":[],"product_cat":[180],"product_tag":[],"scent-family":[],"diffusion-area":[],"scent-intensity":[],"scent-recommendations":[],"scent-pyramid":[],"class_list":{"0":"post-25122","1":"product","2":"type-product","3":"status-publish","4":"has-post-thumbnail","6":"product_cat-nen-thom","8":"first","9":"instock","10":"shipping-taxable","11":"product-type-simple"},"acf":[],"_links":{"self":[{"href":"https:\/\/kodointernational.com\/vi\/wp-json\/wp\/v2\/product\/25122","targetHints":{"allow":["GET"]}}],"collection":[{"href":"https:\/\/kodointernational.com\/vi\/wp-json\/wp\/v2\/product"}],"about":[{"href":"https:\/\/kodointernational.com\/vi\/wp-json\/wp\/v2\/types\/product"}],"replies":[{"embeddable":true,"href":"https:\/\/kodointernational.com\/vi\/wp-json\/wp\/v2\/comments?post=25122"}],"version-history":[{"count":0,"href":"https:\/\/kodointernational.com\/vi\/wp-json\/wp\/v2\/product\/25122\/revisions"}],"wp:featuredmedia":[{"embeddable":true,"href":"https:\/\/kodointernational.com\/vi\/wp-json\/wp\/v2\/media\/25123"}],"wp:attachment":[{"href":"https:\/\/kodointernational.com\/vi\/wp-json\/wp\/v2\/media?parent=25122"}],"wp:term":[{"taxonomy":"brand","embeddable":true,"href":"https:\/\/kodointernational.com\/vi\/wp-json\/wp\/v2\/etheme_brands?post=25122"},{"taxonomy":"product_cat","embeddable":true,"href":"https:\/\/kodointernational.com\/vi\/wp-json\/wp\/v2\/product_cat?post=25122"},{"taxonomy":"product_tag","embeddable":true,"href":"https:\/\/kodointernational.com\/vi\/wp-json\/wp\/v2\/product_tag?post=25122"},{"taxonomy":"scent-family","embeddable":true,"href":"https:\/\/kodointernational.com\/vi\/wp-json\/wp\/v2\/scent-family?post=25122"},{"taxonomy":"diffusion-area","embeddable":true,"href":"https:\/\/kodointernational.com\/vi\/wp-json\/wp\/v2\/diffusion-area?post=25122"},{"taxonomy":"scent-intensity","embeddable":true,"href":"https:\/\/kodointernational.com\/vi\/wp-json\/wp\/v2\/scent-intensity?post=25122"},{"taxonomy":"scent-recommendations","embeddable":true,"href":"https:\/\/kodointernational.com\/vi\/wp-json\/wp\/v2\/scent-recommendations?post=25122"},{"taxonomy":"scent-pyramid","embeddable":true,"href":"https:\/\/kodointernational.com\/vi\/wp-json\/wp\/v2\/scent-pyramid?post=25122"}],"curies":[{"name":"wp","href":"https:\/\/api.w.org\/{rel}","templated":true}]}}