{"id":25080,"date":"2024-08-08T15:58:02","date_gmt":"2024-08-08T08:58:02","guid":{"rendered":"https:\/\/kodointernational.com\/?post_type=product&#038;p=25080"},"modified":"2024-08-08T16:02:00","modified_gmt":"2024-08-08T09:02:00","slug":"nen-thom-tinh-dau-nuoc-hoa-rain","status":"publish","type":"product","link":"https:\/\/kodointernational.com\/vi\/product\/nen-thom-tinh-dau-nuoc-hoa-rain\/","title":{"rendered":"N\u1ebfn th\u01a1m tinh d\u1ea7u n\u01b0\u1edbc hoa Rain"},"content":{"rendered":"","protected":false},"excerpt":{"rendered":"<p>N\u1ebfn th\u01a1m tinh d\u1ea7u n\u01b0\u1edbc hoa Rain: H\u01b0\u01a1ng th\u01a1m c\u00f3 s\u1ef1 k\u1ebft h\u1ee3p c\u1ee7a c\u00e1c n\u1ed1t h\u01b0\u01a1ng tr\u00e1i c\u00e2y nh\u01b0 cam, b\u1ea1c h\u00e0, hoa phong l\u1eef v\u00e0 hoa c\u00fac t\u1ea1o n\u00ean m\u1ed9t h\u01b0\u01a1ng th\u01a1m t\u01b0\u01a1i m\u00e1t v\u00e0 ph\u00f3ng kho\u00e1ng.<\/p>\n","protected":false},"featured_media":25081,"comment_status":"open","ping_status":"closed","template":"","meta":[],"etheme_brands":[],"product_cat":[180],"product_tag":[],"scent-family":[],"diffusion-area":[],"scent-intensity":[],"scent-recommendations":[],"scent-pyramid":[],"class_list":{"0":"post-25080","1":"product","2":"type-product","3":"status-publish","4":"has-post-thumbnail","6":"product_cat-nen-thom","8":"first","9":"instock","10":"shipping-taxable","11":"product-type-simple"},"acf":[],"_links":{"self":[{"href":"https:\/\/kodointernational.com\/vi\/wp-json\/wp\/v2\/product\/25080","targetHints":{"allow":["GET"]}}],"collection":[{"href":"https:\/\/kodointernational.com\/vi\/wp-json\/wp\/v2\/product"}],"about":[{"href":"https:\/\/kodointernational.com\/vi\/wp-json\/wp\/v2\/types\/product"}],"replies":[{"embeddable":true,"href":"https:\/\/kodointernational.com\/vi\/wp-json\/wp\/v2\/comments?post=25080"}],"version-history":[{"count":0,"href":"https:\/\/kodointernational.com\/vi\/wp-json\/wp\/v2\/product\/25080\/revisions"}],"wp:featuredmedia":[{"embeddable":true,"href":"https:\/\/kodointernational.com\/vi\/wp-json\/wp\/v2\/media\/25081"}],"wp:attachment":[{"href":"https:\/\/kodointernational.com\/vi\/wp-json\/wp\/v2\/media?parent=25080"}],"wp:term":[{"taxonomy":"brand","embeddable":true,"href":"https:\/\/kodointernational.com\/vi\/wp-json\/wp\/v2\/etheme_brands?post=25080"},{"taxonomy":"product_cat","embeddable":true,"href":"https:\/\/kodointernational.com\/vi\/wp-json\/wp\/v2\/product_cat?post=25080"},{"taxonomy":"product_tag","embeddable":true,"href":"https:\/\/kodointernational.com\/vi\/wp-json\/wp\/v2\/product_tag?post=25080"},{"taxonomy":"scent-family","embeddable":true,"href":"https:\/\/kodointernational.com\/vi\/wp-json\/wp\/v2\/scent-family?post=25080"},{"taxonomy":"diffusion-area","embeddable":true,"href":"https:\/\/kodointernational.com\/vi\/wp-json\/wp\/v2\/diffusion-area?post=25080"},{"taxonomy":"scent-intensity","embeddable":true,"href":"https:\/\/kodointernational.com\/vi\/wp-json\/wp\/v2\/scent-intensity?post=25080"},{"taxonomy":"scent-recommendations","embeddable":true,"href":"https:\/\/kodointernational.com\/vi\/wp-json\/wp\/v2\/scent-recommendations?post=25080"},{"taxonomy":"scent-pyramid","embeddable":true,"href":"https:\/\/kodointernational.com\/vi\/wp-json\/wp\/v2\/scent-pyramid?post=25080"}],"curies":[{"name":"wp","href":"https:\/\/api.w.org\/{rel}","templated":true}]}}