{"id":25047,"date":"2024-08-08T12:53:48","date_gmt":"2024-08-08T05:53:48","guid":{"rendered":"https:\/\/kodointernational.com\/?post_type=product&#038;p=25047"},"modified":"2024-08-08T12:56:49","modified_gmt":"2024-08-08T05:56:49","slug":"kodo-air2","status":"publish","type":"product","link":"https:\/\/kodointernational.com\/vi\/product\/kodo-air2\/","title":{"rendered":"KODO Air2"},"content":{"rendered":"","protected":false},"excerpt":{"rendered":"<p>M\u00e1y khu\u1ebfch t\u00e1n tinh d\u1ea7u Kodo Air2 l\u00e0 d\u00f2ng m\u00e1y chuy\u00ean d\u1ee5ng cho kh\u00f4ng gian di\u1ec7n t\u00edch d\u01b0\u1edbi 160m2. M\u00e1y \u1ee9ng d\u1ee5ng c\u00f4ng ngh\u1ec7 \u00e9p h\u01b0\u01a1ng l\u1ea1nh gi\u00fap m\u00f9i h\u01b0\u01a1ng khu\u1ebfch t\u00e1n \u0111\u1ec1u, chu\u1ea9n v\u00e0 ti\u1ebft ki\u1ec7m h\u01a1n. M\u00e1y \u0111\u01b0\u1ee3c \u0111i\u1ec1u khi\u1ec3n qua app tr\u00ean \u0111i\u1ec7n tho\u1ea1i, r\u1ea5t ti\u1ec7n l\u1ee3i<\/p>\n","protected":false},"featured_media":25051,"comment_status":"open","ping_status":"closed","template":"","meta":[],"etheme_brands":[],"product_cat":[90,343,344],"product_tag":[],"scent-family":[],"diffusion-area":[],"scent-intensity":[],"scent-recommendations":[],"scent-pyramid":[],"class_list":{"0":"post-25047","1":"product","2":"type-product","3":"status-publish","4":"has-post-thumbnail","6":"product_cat-may-khuech-tan","7":"product_cat-dong-may-chuyen-nghiep","8":"product_cat-dong-may-gia-dinh","10":"first","11":"instock","12":"shipping-taxable","13":"product-type-simple"},"acf":[],"_links":{"self":[{"href":"https:\/\/kodointernational.com\/vi\/wp-json\/wp\/v2\/product\/25047","targetHints":{"allow":["GET"]}}],"collection":[{"href":"https:\/\/kodointernational.com\/vi\/wp-json\/wp\/v2\/product"}],"about":[{"href":"https:\/\/kodointernational.com\/vi\/wp-json\/wp\/v2\/types\/product"}],"replies":[{"embeddable":true,"href":"https:\/\/kodointernational.com\/vi\/wp-json\/wp\/v2\/comments?post=25047"}],"version-history":[{"count":0,"href":"https:\/\/kodointernational.com\/vi\/wp-json\/wp\/v2\/product\/25047\/revisions"}],"wp:featuredmedia":[{"embeddable":true,"href":"https:\/\/kodointernational.com\/vi\/wp-json\/wp\/v2\/media\/25051"}],"wp:attachment":[{"href":"https:\/\/kodointernational.com\/vi\/wp-json\/wp\/v2\/media?parent=25047"}],"wp:term":[{"taxonomy":"brand","embeddable":true,"href":"https:\/\/kodointernational.com\/vi\/wp-json\/wp\/v2\/etheme_brands?post=25047"},{"taxonomy":"product_cat","embeddable":true,"href":"https:\/\/kodointernational.com\/vi\/wp-json\/wp\/v2\/product_cat?post=25047"},{"taxonomy":"product_tag","embeddable":true,"href":"https:\/\/kodointernational.com\/vi\/wp-json\/wp\/v2\/product_tag?post=25047"},{"taxonomy":"scent-family","embeddable":true,"href":"https:\/\/kodointernational.com\/vi\/wp-json\/wp\/v2\/scent-family?post=25047"},{"taxonomy":"diffusion-area","embeddable":true,"href":"https:\/\/kodointernational.com\/vi\/wp-json\/wp\/v2\/diffusion-area?post=25047"},{"taxonomy":"scent-intensity","embeddable":true,"href":"https:\/\/kodointernational.com\/vi\/wp-json\/wp\/v2\/scent-intensity?post=25047"},{"taxonomy":"scent-recommendations","embeddable":true,"href":"https:\/\/kodointernational.com\/vi\/wp-json\/wp\/v2\/scent-recommendations?post=25047"},{"taxonomy":"scent-pyramid","embeddable":true,"href":"https:\/\/kodointernational.com\/vi\/wp-json\/wp\/v2\/scent-pyramid?post=25047"}],"curies":[{"name":"wp","href":"https:\/\/api.w.org\/{rel}","templated":true}]}}