{"id":25020,"date":"2024-08-08T12:26:26","date_gmt":"2024-08-08T05:26:26","guid":{"rendered":"https:\/\/kodointernational.com\/?post_type=product&#038;p=25020"},"modified":"2024-08-09T12:47:32","modified_gmt":"2024-08-09T05:47:32","slug":"tinh-dau-thien-nhien-lemongrass-citronella","status":"publish","type":"product","link":"https:\/\/kodointernational.com\/vi\/product\/tinh-dau-thien-nhien-lemongrass-citronella\/","title":{"rendered":"Tinh d\u1ea7u thi\u00ean nhi\u00ean Lemongrass Citronella"},"content":{"rendered":"","protected":false},"excerpt":{"rendered":"<p>Tinh d\u1ea7u nguy\u00ean ch\u1ea5t h\u01b0\u01a1ng chanh s\u1ea3 g\u1eebng (Lemongrass Citronella) kh\u1eed m\u00f9i h\u00f4i, l\u00e0m th\u01a1m kh\u00f4ng gian, l\u00e0m th\u01a1m ch\u0103n ga g\u1ed1i, n\u1ec7m, th\u1ea3m, d\u00f9ng thay n\u01b0\u1edbc hoa, l\u00e0m th\u01a1m t\u00fai, gi\u1ecf x\u00e1ch, t\u1ee7 qu\u1ea7n \u00e1o, s\u00e0n nh\u00e0, toilet.<\/p>\n","protected":false},"featured_media":25029,"comment_status":"open","ping_status":"closed","template":"","meta":[],"etheme_brands":[],"product_cat":[713],"product_tag":[],"scent-family":[],"diffusion-area":[],"scent-intensity":[],"scent-recommendations":[],"scent-pyramid":[],"class_list":{"0":"post-25020","1":"product","2":"type-product","3":"status-publish","4":"has-post-thumbnail","6":"product_cat-tinh-dau-thien-nhien","8":"first","9":"instock","10":"shipping-taxable","11":"product-type-simple"},"acf":[],"_links":{"self":[{"href":"https:\/\/kodointernational.com\/vi\/wp-json\/wp\/v2\/product\/25020","targetHints":{"allow":["GET"]}}],"collection":[{"href":"https:\/\/kodointernational.com\/vi\/wp-json\/wp\/v2\/product"}],"about":[{"href":"https:\/\/kodointernational.com\/vi\/wp-json\/wp\/v2\/types\/product"}],"replies":[{"embeddable":true,"href":"https:\/\/kodointernational.com\/vi\/wp-json\/wp\/v2\/comments?post=25020"}],"version-history":[{"count":0,"href":"https:\/\/kodointernational.com\/vi\/wp-json\/wp\/v2\/product\/25020\/revisions"}],"wp:featuredmedia":[{"embeddable":true,"href":"https:\/\/kodointernational.com\/vi\/wp-json\/wp\/v2\/media\/25029"}],"wp:attachment":[{"href":"https:\/\/kodointernational.com\/vi\/wp-json\/wp\/v2\/media?parent=25020"}],"wp:term":[{"taxonomy":"brand","embeddable":true,"href":"https:\/\/kodointernational.com\/vi\/wp-json\/wp\/v2\/etheme_brands?post=25020"},{"taxonomy":"product_cat","embeddable":true,"href":"https:\/\/kodointernational.com\/vi\/wp-json\/wp\/v2\/product_cat?post=25020"},{"taxonomy":"product_tag","embeddable":true,"href":"https:\/\/kodointernational.com\/vi\/wp-json\/wp\/v2\/product_tag?post=25020"},{"taxonomy":"scent-family","embeddable":true,"href":"https:\/\/kodointernational.com\/vi\/wp-json\/wp\/v2\/scent-family?post=25020"},{"taxonomy":"diffusion-area","embeddable":true,"href":"https:\/\/kodointernational.com\/vi\/wp-json\/wp\/v2\/diffusion-area?post=25020"},{"taxonomy":"scent-intensity","embeddable":true,"href":"https:\/\/kodointernational.com\/vi\/wp-json\/wp\/v2\/scent-intensity?post=25020"},{"taxonomy":"scent-recommendations","embeddable":true,"href":"https:\/\/kodointernational.com\/vi\/wp-json\/wp\/v2\/scent-recommendations?post=25020"},{"taxonomy":"scent-pyramid","embeddable":true,"href":"https:\/\/kodointernational.com\/vi\/wp-json\/wp\/v2\/scent-pyramid?post=25020"}],"curies":[{"name":"wp","href":"https:\/\/api.w.org\/{rel}","templated":true}]}}