{"id":24983,"date":"2024-08-08T12:13:08","date_gmt":"2024-08-08T05:13:08","guid":{"rendered":"https:\/\/kodointernational.com\/?post_type=product&#038;p=24983"},"modified":"2024-08-09T12:47:33","modified_gmt":"2024-08-09T05:47:33","slug":"tinh-dau-hoa-oai-huong","status":"publish","type":"product","link":"https:\/\/kodointernational.com\/vi\/product\/tinh-dau-hoa-oai-huong\/","title":{"rendered":"Tinh d\u1ea7u hoa o\u1ea3i h\u01b0\u01a1ng"},"content":{"rendered":"","protected":false},"excerpt":{"rendered":"<p>Tinh d\u1ea7u o\u1ea3i h\u01b0\u01a1ng Lavender v\u1edbi m\u00f9i h\u01b0\u01a1ng \u0111\u1eb7c tr\u01b0ng ng\u1ecdt ng\u00e0o v\u00e0 h\u01b0\u01a1ng th\u01a1m n\u1ed3ng v\u1edbi v\u00f4 s\u1ed1 c\u00f4ng d\u1ee5ng h\u1eefu \u00edch cho s\u1ee9c kh\u1ecfe, s\u1eafc \u0111\u1eb9p n\u00ean r\u1ea5t \u0111\u01b0\u1ee3c y\u00eau th\u00edch v\u00e0 ph\u1ed5 bi\u1ebfn hi\u1ec7n nay. M\u00f9i th\u01a1m hoa o\u1ea3i h\u01b0\u01a1ng gi\u00fap kh\u1eed tr\u00f9ng, l\u00e0m s\u1ea1ch kh\u00f4ng kh\u00ed, t\u1ea1o b\u1ea7u kh\u00f4ng kh\u00ed th\u01b0 gi\u00e3n, s\u1ea1ch s\u1ebd, th\u01a1m tho. H\u01b0\u01a1ng th\u01a1m hoa o\u1ea3i h\u01b0\u01a1ng gi\u00fap th\u01b0 gi\u00e3n \u0111\u1ea7u \u00f3c, gi\u1ea3m c\u0103ng th\u1eb3ng, m\u1ec7t m\u1ecfi, stress., gi\u00fap c\u00e2n b\u1eb1ng c\u1ea3m x\u00fac b\u00ecnh t\u0129nh<\/p>\n","protected":false},"featured_media":24992,"comment_status":"open","ping_status":"closed","template":"","meta":[],"etheme_brands":[],"product_cat":[713],"product_tag":[],"scent-family":[],"diffusion-area":[],"scent-intensity":[],"scent-recommendations":[],"scent-pyramid":[],"class_list":{"0":"post-24983","1":"product","2":"type-product","3":"status-publish","4":"has-post-thumbnail","6":"product_cat-tinh-dau-thien-nhien","8":"first","9":"instock","10":"shipping-taxable","11":"product-type-simple"},"acf":[],"_links":{"self":[{"href":"https:\/\/kodointernational.com\/vi\/wp-json\/wp\/v2\/product\/24983","targetHints":{"allow":["GET"]}}],"collection":[{"href":"https:\/\/kodointernational.com\/vi\/wp-json\/wp\/v2\/product"}],"about":[{"href":"https:\/\/kodointernational.com\/vi\/wp-json\/wp\/v2\/types\/product"}],"replies":[{"embeddable":true,"href":"https:\/\/kodointernational.com\/vi\/wp-json\/wp\/v2\/comments?post=24983"}],"version-history":[{"count":0,"href":"https:\/\/kodointernational.com\/vi\/wp-json\/wp\/v2\/product\/24983\/revisions"}],"wp:featuredmedia":[{"embeddable":true,"href":"https:\/\/kodointernational.com\/vi\/wp-json\/wp\/v2\/media\/24992"}],"wp:attachment":[{"href":"https:\/\/kodointernational.com\/vi\/wp-json\/wp\/v2\/media?parent=24983"}],"wp:term":[{"taxonomy":"brand","embeddable":true,"href":"https:\/\/kodointernational.com\/vi\/wp-json\/wp\/v2\/etheme_brands?post=24983"},{"taxonomy":"product_cat","embeddable":true,"href":"https:\/\/kodointernational.com\/vi\/wp-json\/wp\/v2\/product_cat?post=24983"},{"taxonomy":"product_tag","embeddable":true,"href":"https:\/\/kodointernational.com\/vi\/wp-json\/wp\/v2\/product_tag?post=24983"},{"taxonomy":"scent-family","embeddable":true,"href":"https:\/\/kodointernational.com\/vi\/wp-json\/wp\/v2\/scent-family?post=24983"},{"taxonomy":"diffusion-area","embeddable":true,"href":"https:\/\/kodointernational.com\/vi\/wp-json\/wp\/v2\/diffusion-area?post=24983"},{"taxonomy":"scent-intensity","embeddable":true,"href":"https:\/\/kodointernational.com\/vi\/wp-json\/wp\/v2\/scent-intensity?post=24983"},{"taxonomy":"scent-recommendations","embeddable":true,"href":"https:\/\/kodointernational.com\/vi\/wp-json\/wp\/v2\/scent-recommendations?post=24983"},{"taxonomy":"scent-pyramid","embeddable":true,"href":"https:\/\/kodointernational.com\/vi\/wp-json\/wp\/v2\/scent-pyramid?post=24983"}],"curies":[{"name":"wp","href":"https:\/\/api.w.org\/{rel}","templated":true}]}}