{"id":24870,"date":"2024-01-23T16:36:37","date_gmt":"2024-01-23T09:36:37","guid":{"rendered":"https:\/\/kodointernational.com\/product\/tinh-dau-nuoc-hoa-blue-sapphire\/"},"modified":"2024-01-23T16:36:37","modified_gmt":"2024-01-23T09:36:37","slug":"tinh-dau-nuoc-hoa-blue-sapphire","status":"publish","type":"product","link":"https:\/\/kodointernational.com\/vi\/product\/tinh-dau-nuoc-hoa-blue-sapphire\/","title":{"rendered":"Tinh D\u1ea7u N\u01b0\u1edbc Hoa Blue Sapphire"},"content":{"rendered":"<p>&nbsp;<\/p>\n<div id=\"tango-element-highlighter\" style=\"--tango-highlighter-background-color: transparent; --tango-highlighter-color: #FF7442;\"><\/div>\n","protected":false},"excerpt":{"rendered":"<p>M\u1ed9t h\u01b0\u01a1ng th\u01a1m nh\u01b0 l\u00e0 \u00e1nh s\u00e1ng ch\u00f3i l\u1ecdi c\u1ee7a vi\u00ean ng\u1ecdc qu\u00fd xanh bi\u1ec3n, l\u00e0m to\u00e1t l\u00ean v\u1ebb t\u01b0\u01a1i m\u00e1t v\u00e0 hi\u1ec7n \u0111\u1ea1i . \u0110\u01b0\u1ee3c ch\u1ebf t\u1ea1o t\u1eeb s\u1ef1 h\u00f2a quy\u1ec7n tinh t\u1ebf c\u1ee7a Bergamot, Grapefruit, Petitgrain, Mimosa, v\u00e0 Muguet, Blue Sapphire \u0111\u00e2y ch\u00ednh l\u00e0 m\u1ed9t chuy\u1ebfn phi\u00eau l\u01b0u h\u01b0\u01a1ng th\u01a1m \u0111\u1ea7y n\u0103ng l\u01b0\u1ee3ng v\u00e0 quy\u1ebfn r\u0169. <\/p>\n","protected":false},"featured_media":24882,"comment_status":"open","ping_status":"closed","template":"","meta":[],"etheme_brands":[],"product_cat":[99],"product_tag":[],"scent-family":[],"diffusion-area":[],"scent-intensity":[],"scent-recommendations":[],"scent-pyramid":[],"class_list":{"0":"post-24870","1":"product","2":"type-product","3":"status-publish","4":"has-post-thumbnail","6":"product_cat-bo-suu-tap-luxury","8":"first","9":"instock","10":"shipping-taxable","11":"purchasable","12":"product-type-simple"},"acf":[],"_links":{"self":[{"href":"https:\/\/kodointernational.com\/vi\/wp-json\/wp\/v2\/product\/24870","targetHints":{"allow":["GET"]}}],"collection":[{"href":"https:\/\/kodointernational.com\/vi\/wp-json\/wp\/v2\/product"}],"about":[{"href":"https:\/\/kodointernational.com\/vi\/wp-json\/wp\/v2\/types\/product"}],"replies":[{"embeddable":true,"href":"https:\/\/kodointernational.com\/vi\/wp-json\/wp\/v2\/comments?post=24870"}],"version-history":[{"count":0,"href":"https:\/\/kodointernational.com\/vi\/wp-json\/wp\/v2\/product\/24870\/revisions"}],"wp:featuredmedia":[{"embeddable":true,"href":"https:\/\/kodointernational.com\/vi\/wp-json\/wp\/v2\/media\/24882"}],"wp:attachment":[{"href":"https:\/\/kodointernational.com\/vi\/wp-json\/wp\/v2\/media?parent=24870"}],"wp:term":[{"taxonomy":"brand","embeddable":true,"href":"https:\/\/kodointernational.com\/vi\/wp-json\/wp\/v2\/etheme_brands?post=24870"},{"taxonomy":"product_cat","embeddable":true,"href":"https:\/\/kodointernational.com\/vi\/wp-json\/wp\/v2\/product_cat?post=24870"},{"taxonomy":"product_tag","embeddable":true,"href":"https:\/\/kodointernational.com\/vi\/wp-json\/wp\/v2\/product_tag?post=24870"},{"taxonomy":"scent-family","embeddable":true,"href":"https:\/\/kodointernational.com\/vi\/wp-json\/wp\/v2\/scent-family?post=24870"},{"taxonomy":"diffusion-area","embeddable":true,"href":"https:\/\/kodointernational.com\/vi\/wp-json\/wp\/v2\/diffusion-area?post=24870"},{"taxonomy":"scent-intensity","embeddable":true,"href":"https:\/\/kodointernational.com\/vi\/wp-json\/wp\/v2\/scent-intensity?post=24870"},{"taxonomy":"scent-recommendations","embeddable":true,"href":"https:\/\/kodointernational.com\/vi\/wp-json\/wp\/v2\/scent-recommendations?post=24870"},{"taxonomy":"scent-pyramid","embeddable":true,"href":"https:\/\/kodointernational.com\/vi\/wp-json\/wp\/v2\/scent-pyramid?post=24870"}],"curies":[{"name":"wp","href":"https:\/\/api.w.org\/{rel}","templated":true}]}}