{"id":24856,"date":"2024-01-23T16:36:38","date_gmt":"2024-01-23T09:36:38","guid":{"rendered":"https:\/\/kodointernational.com\/product\/tinh-dau-nuoc-hoa-citrus-bourbon\/"},"modified":"2024-01-23T16:36:38","modified_gmt":"2024-01-23T09:36:38","slug":"tinh-dau-nuoc-hoa-citrus-bourbon","status":"publish","type":"product","link":"https:\/\/kodointernational.com\/vi\/product\/tinh-dau-nuoc-hoa-citrus-bourbon\/","title":{"rendered":"Tinh D\u1ea7u N\u01b0\u1edbc Hoa Citrus Bourbon"},"content":{"rendered":"<p>&nbsp;<\/p>\n<div id=\"tango-element-highlighter\" style=\"--tango-highlighter-background-color: transparent; --tango-highlighter-color: #FF7442;\"><\/div>\n","protected":false},"excerpt":{"rendered":"<p>M\u1ed9t h\u01b0\u01a1ng th\u01a1m g\u1ed7 \u0111\u1ed9c \u0111\u00e1o, nh\u1eb9 nh\u00e0ng v\u00e0 thanh tho\u00e1t nh\u01b0 m\u1ed9t c\u01a1n gi\u00f3 nh\u1eb9 l\u00e0m d\u1ecbu d\u00e0ng c\u1ea3m x\u00fac. S\u1ef1 k\u1ebft h\u1ee3p tinh t\u1ebf c\u1ee7a Lily, Gardenia, Amber, Musk, Vanilla, Cedarwood, v\u00e0 Sandalwood t\u1ea1o n\u00ean m\u1ed9t h\u00f2a quy\u1ec7n tinh t\u1ebf, nh\u01b0 l\u00e0 m\u1ed9t v\u0169 \u0111i\u1ec7u c\u1ee7a h\u01b0\u01a1ng th\u01a1m<\/p>\n","protected":false},"featured_media":24864,"comment_status":"open","ping_status":"closed","template":"","meta":[],"etheme_brands":[],"product_cat":[99],"product_tag":[],"scent-family":[],"diffusion-area":[],"scent-intensity":[],"scent-recommendations":[],"scent-pyramid":[],"class_list":{"0":"post-24856","1":"product","2":"type-product","3":"status-publish","4":"has-post-thumbnail","6":"product_cat-bo-suu-tap-luxury","8":"first","9":"instock","10":"shipping-taxable","11":"purchasable","12":"product-type-simple"},"acf":[],"_links":{"self":[{"href":"https:\/\/kodointernational.com\/vi\/wp-json\/wp\/v2\/product\/24856","targetHints":{"allow":["GET"]}}],"collection":[{"href":"https:\/\/kodointernational.com\/vi\/wp-json\/wp\/v2\/product"}],"about":[{"href":"https:\/\/kodointernational.com\/vi\/wp-json\/wp\/v2\/types\/product"}],"replies":[{"embeddable":true,"href":"https:\/\/kodointernational.com\/vi\/wp-json\/wp\/v2\/comments?post=24856"}],"version-history":[{"count":0,"href":"https:\/\/kodointernational.com\/vi\/wp-json\/wp\/v2\/product\/24856\/revisions"}],"wp:featuredmedia":[{"embeddable":true,"href":"https:\/\/kodointernational.com\/vi\/wp-json\/wp\/v2\/media\/24864"}],"wp:attachment":[{"href":"https:\/\/kodointernational.com\/vi\/wp-json\/wp\/v2\/media?parent=24856"}],"wp:term":[{"taxonomy":"brand","embeddable":true,"href":"https:\/\/kodointernational.com\/vi\/wp-json\/wp\/v2\/etheme_brands?post=24856"},{"taxonomy":"product_cat","embeddable":true,"href":"https:\/\/kodointernational.com\/vi\/wp-json\/wp\/v2\/product_cat?post=24856"},{"taxonomy":"product_tag","embeddable":true,"href":"https:\/\/kodointernational.com\/vi\/wp-json\/wp\/v2\/product_tag?post=24856"},{"taxonomy":"scent-family","embeddable":true,"href":"https:\/\/kodointernational.com\/vi\/wp-json\/wp\/v2\/scent-family?post=24856"},{"taxonomy":"diffusion-area","embeddable":true,"href":"https:\/\/kodointernational.com\/vi\/wp-json\/wp\/v2\/diffusion-area?post=24856"},{"taxonomy":"scent-intensity","embeddable":true,"href":"https:\/\/kodointernational.com\/vi\/wp-json\/wp\/v2\/scent-intensity?post=24856"},{"taxonomy":"scent-recommendations","embeddable":true,"href":"https:\/\/kodointernational.com\/vi\/wp-json\/wp\/v2\/scent-recommendations?post=24856"},{"taxonomy":"scent-pyramid","embeddable":true,"href":"https:\/\/kodointernational.com\/vi\/wp-json\/wp\/v2\/scent-pyramid?post=24856"}],"curies":[{"name":"wp","href":"https:\/\/api.w.org\/{rel}","templated":true}]}}