{"id":24816,"date":"2024-01-23T16:36:39","date_gmt":"2024-01-23T09:36:39","guid":{"rendered":"https:\/\/kodointernational.com\/product\/tinh-dau-nuoc-hoa-night-sky\/"},"modified":"2024-01-23T16:36:39","modified_gmt":"2024-01-23T09:36:39","slug":"tinh-dau-nuoc-hoa-night-sky","status":"publish","type":"product","link":"https:\/\/kodointernational.com\/vi\/product\/tinh-dau-nuoc-hoa-night-sky\/","title":{"rendered":"Tinh D\u1ea7u N\u01b0\u1edbc Hoa Night Sky"},"content":{"rendered":"<p>&nbsp;<\/p>\n<div id=\"tango-element-highlighter\" style=\"--tango-highlighter-background-color: transparent; --tango-highlighter-color: #FF7442;\"><\/div>\n","protected":false},"excerpt":{"rendered":"<p>M\u1ed9t h\u01b0\u01a1ng th\u01a1m hi\u1ec7n \u0111\u1ea1i v\u00e0 tinh t\u1ebf, nh\u01b0 l\u00e0 s\u1ef1 k\u1ebft h\u1ee3p tuy\u1ec7t v\u1eddi gi\u1eefa h\u01b0\u01a1ng tr\u00e0 xanh t\u01b0\u01a1i m\u1edbi v\u00e0 v\u1ebb \u0111\u1eb9p ki\u00eau h\u00e3nh c\u1ee7a c\u00e1c lo\u1ea1i hoa quy\u1ebfn r\u0169. V\u1edbi s\u1ef1 pha tr\u1ed9n tinh t\u1ebf c\u1ee7a Green Tea, Cool Tuberose, Peony, v\u00e0 Iris, Night Sky l\u00e0 m\u1ed9t h\u00e0nh tr\u00ecnh m\u00f9i h\u01b0\u01a1ng \u0111\u1ea7y b\u00ed \u1ea9n v\u00e0 phong c\u00e1ch unisex<\/p>\n","protected":false},"featured_media":24828,"comment_status":"open","ping_status":"closed","template":"","meta":[],"etheme_brands":[],"product_cat":[99],"product_tag":[],"scent-family":[],"diffusion-area":[],"scent-intensity":[],"scent-recommendations":[],"scent-pyramid":[],"class_list":{"0":"post-24816","1":"product","2":"type-product","3":"status-publish","4":"has-post-thumbnail","6":"product_cat-bo-suu-tap-luxury","8":"first","9":"instock","10":"shipping-taxable","11":"purchasable","12":"product-type-simple"},"acf":[],"_links":{"self":[{"href":"https:\/\/kodointernational.com\/vi\/wp-json\/wp\/v2\/product\/24816","targetHints":{"allow":["GET"]}}],"collection":[{"href":"https:\/\/kodointernational.com\/vi\/wp-json\/wp\/v2\/product"}],"about":[{"href":"https:\/\/kodointernational.com\/vi\/wp-json\/wp\/v2\/types\/product"}],"replies":[{"embeddable":true,"href":"https:\/\/kodointernational.com\/vi\/wp-json\/wp\/v2\/comments?post=24816"}],"version-history":[{"count":0,"href":"https:\/\/kodointernational.com\/vi\/wp-json\/wp\/v2\/product\/24816\/revisions"}],"wp:featuredmedia":[{"embeddable":true,"href":"https:\/\/kodointernational.com\/vi\/wp-json\/wp\/v2\/media\/24828"}],"wp:attachment":[{"href":"https:\/\/kodointernational.com\/vi\/wp-json\/wp\/v2\/media?parent=24816"}],"wp:term":[{"taxonomy":"brand","embeddable":true,"href":"https:\/\/kodointernational.com\/vi\/wp-json\/wp\/v2\/etheme_brands?post=24816"},{"taxonomy":"product_cat","embeddable":true,"href":"https:\/\/kodointernational.com\/vi\/wp-json\/wp\/v2\/product_cat?post=24816"},{"taxonomy":"product_tag","embeddable":true,"href":"https:\/\/kodointernational.com\/vi\/wp-json\/wp\/v2\/product_tag?post=24816"},{"taxonomy":"scent-family","embeddable":true,"href":"https:\/\/kodointernational.com\/vi\/wp-json\/wp\/v2\/scent-family?post=24816"},{"taxonomy":"diffusion-area","embeddable":true,"href":"https:\/\/kodointernational.com\/vi\/wp-json\/wp\/v2\/diffusion-area?post=24816"},{"taxonomy":"scent-intensity","embeddable":true,"href":"https:\/\/kodointernational.com\/vi\/wp-json\/wp\/v2\/scent-intensity?post=24816"},{"taxonomy":"scent-recommendations","embeddable":true,"href":"https:\/\/kodointernational.com\/vi\/wp-json\/wp\/v2\/scent-recommendations?post=24816"},{"taxonomy":"scent-pyramid","embeddable":true,"href":"https:\/\/kodointernational.com\/vi\/wp-json\/wp\/v2\/scent-pyramid?post=24816"}],"curies":[{"name":"wp","href":"https:\/\/api.w.org\/{rel}","templated":true}]}}