{"id":24726,"date":"2024-01-23T16:36:42","date_gmt":"2024-01-23T09:36:42","guid":{"rendered":"https:\/\/kodointernational.com\/product\/tinh-dau-nuoc-hoa-the-cosmopolitan\/"},"modified":"2024-01-23T16:36:42","modified_gmt":"2024-01-23T09:36:42","slug":"tinh-dau-nuoc-hoa-the-cosmopolitan","status":"publish","type":"product","link":"https:\/\/kodointernational.com\/vi\/product\/tinh-dau-nuoc-hoa-the-cosmopolitan\/","title":{"rendered":"Tinh D\u1ea7u N\u01b0\u1edbc Hoa The Cosmopolitan"},"content":{"rendered":"<p>&nbsp;<\/p>\n<div id=\"tango-element-highlighter\" style=\"--tango-highlighter-background-color: transparent; --tango-highlighter-color: #FF7442;\"><\/div>\n","protected":false},"excerpt":{"rendered":"<p>H\u01b0\u01a1ng th\u01a1m tinh t\u1ebf v\u00e0 hi\u1ec7n \u0111\u1ea1i, nh\u01b0 l\u00e0 s\u1ef1 k\u1ebft h\u1ee3p h\u00e0i h\u00f2a gi\u1eefa h\u01b0\u01a1ng m\u00e1t c\u1ee7a th\u1ea3o m\u1ed9c v\u00e0 s\u1ee9c s\u1ed1ng c\u1ee7a nh\u1eefng lo\u1ea1i hoa quy\u1ebfn r\u0169. V\u1edbi s\u1ef1 pha tr\u1ed9n tinh t\u1ebf c\u1ee7a Black Pepper, Rosemary, Eucalyptus, Anise, Lavender, v\u00e0 Lilac, The Cosmopolitan l\u00e0 bi\u1ec3u t\u01b0\u1ee3ng c\u1ee7a s\u1ef1 t\u01b0\u01a1i m\u1edbi v\u00e0 phong c\u00e1ch \u0111\u01b0\u01a1ng \u0111\u1ea1i<\/p>\n","protected":false},"featured_media":24738,"comment_status":"open","ping_status":"closed","template":"","meta":[],"etheme_brands":[],"product_cat":[99],"product_tag":[],"scent-family":[],"diffusion-area":[],"scent-intensity":[],"scent-recommendations":[],"scent-pyramid":[],"class_list":{"0":"post-24726","1":"product","2":"type-product","3":"status-publish","4":"has-post-thumbnail","6":"product_cat-bo-suu-tap-luxury","8":"first","9":"instock","10":"shipping-taxable","11":"purchasable","12":"product-type-simple"},"acf":[],"_links":{"self":[{"href":"https:\/\/kodointernational.com\/vi\/wp-json\/wp\/v2\/product\/24726","targetHints":{"allow":["GET"]}}],"collection":[{"href":"https:\/\/kodointernational.com\/vi\/wp-json\/wp\/v2\/product"}],"about":[{"href":"https:\/\/kodointernational.com\/vi\/wp-json\/wp\/v2\/types\/product"}],"replies":[{"embeddable":true,"href":"https:\/\/kodointernational.com\/vi\/wp-json\/wp\/v2\/comments?post=24726"}],"version-history":[{"count":0,"href":"https:\/\/kodointernational.com\/vi\/wp-json\/wp\/v2\/product\/24726\/revisions"}],"wp:featuredmedia":[{"embeddable":true,"href":"https:\/\/kodointernational.com\/vi\/wp-json\/wp\/v2\/media\/24738"}],"wp:attachment":[{"href":"https:\/\/kodointernational.com\/vi\/wp-json\/wp\/v2\/media?parent=24726"}],"wp:term":[{"taxonomy":"brand","embeddable":true,"href":"https:\/\/kodointernational.com\/vi\/wp-json\/wp\/v2\/etheme_brands?post=24726"},{"taxonomy":"product_cat","embeddable":true,"href":"https:\/\/kodointernational.com\/vi\/wp-json\/wp\/v2\/product_cat?post=24726"},{"taxonomy":"product_tag","embeddable":true,"href":"https:\/\/kodointernational.com\/vi\/wp-json\/wp\/v2\/product_tag?post=24726"},{"taxonomy":"scent-family","embeddable":true,"href":"https:\/\/kodointernational.com\/vi\/wp-json\/wp\/v2\/scent-family?post=24726"},{"taxonomy":"diffusion-area","embeddable":true,"href":"https:\/\/kodointernational.com\/vi\/wp-json\/wp\/v2\/diffusion-area?post=24726"},{"taxonomy":"scent-intensity","embeddable":true,"href":"https:\/\/kodointernational.com\/vi\/wp-json\/wp\/v2\/scent-intensity?post=24726"},{"taxonomy":"scent-recommendations","embeddable":true,"href":"https:\/\/kodointernational.com\/vi\/wp-json\/wp\/v2\/scent-recommendations?post=24726"},{"taxonomy":"scent-pyramid","embeddable":true,"href":"https:\/\/kodointernational.com\/vi\/wp-json\/wp\/v2\/scent-pyramid?post=24726"}],"curies":[{"name":"wp","href":"https:\/\/api.w.org\/{rel}","templated":true}]}}