{"id":24476,"date":"2024-01-23T16:36:45","date_gmt":"2024-01-23T09:36:45","guid":{"rendered":"https:\/\/kodointernational.com\/product\/tinh-dau-nuoc-hoa-classic-jean-paul\/"},"modified":"2024-01-23T16:36:45","modified_gmt":"2024-01-23T09:36:45","slug":"tinh-dau-nuoc-hoa-classic-jean-paul","status":"publish","type":"product","link":"https:\/\/kodointernational.com\/vi\/product\/tinh-dau-nuoc-hoa-classic-jean-paul\/","title":{"rendered":"Tinh D\u1ea7u N\u01b0\u1edbc Hoa Classic Jean Paul"},"content":{"rendered":"","protected":false},"excerpt":{"rendered":"<p>H\u01b0\u01a1ng \u0111\u1ea7u cam s\u1ebd mang l\u1ea1i c\u1ea3m gi\u00e1c s\u1ea3ng kho\u00e1i, t\u01b0\u01a1i m\u00e1t v\u00e0 s\u1ef1 c\u00e2n b\u1eb1ng cho h\u01b0\u01a1ng th\u01a1m. H\u01b0\u01a1ng gi\u1eefa hoa h\u1ed3ng s\u1ebd t\u1ea1o ra m\u1ed9t h\u01b0\u01a1ng th\u01a1m hoa c\u1ecf ng\u1ecdt ng\u00e0o, n\u1eef t\u00ednh v\u00e0 tinh t\u1ebf.T\u1ea7ng h\u01b0\u01a1ng cu\u1ed1i Orange Blossom s\u1ebd l\u00e0m t\u0103ng th\u00eam s\u1ef1 ng\u1ecdt ng\u00e0o, n\u1ed3ng n\u00e0n v\u00e0 \u0111\u1ea7y quy\u1ebfn r\u0169 cho h\u01b0\u01a1ng th\u01a1m <\/p>\n","protected":false},"featured_media":24470,"comment_status":"open","ping_status":"closed","template":"","meta":[],"etheme_brands":[],"product_cat":[95],"product_tag":[],"scent-family":[],"diffusion-area":[],"scent-intensity":[],"scent-recommendations":[],"scent-pyramid":[],"class_list":{"0":"post-24476","1":"product","2":"type-product","3":"status-publish","4":"has-post-thumbnail","6":"product_cat-bo-suu-tap-standard","8":"first","9":"instock","10":"shipping-taxable","11":"purchasable","12":"product-type-simple"},"acf":[],"_links":{"self":[{"href":"https:\/\/kodointernational.com\/vi\/wp-json\/wp\/v2\/product\/24476","targetHints":{"allow":["GET"]}}],"collection":[{"href":"https:\/\/kodointernational.com\/vi\/wp-json\/wp\/v2\/product"}],"about":[{"href":"https:\/\/kodointernational.com\/vi\/wp-json\/wp\/v2\/types\/product"}],"replies":[{"embeddable":true,"href":"https:\/\/kodointernational.com\/vi\/wp-json\/wp\/v2\/comments?post=24476"}],"version-history":[{"count":0,"href":"https:\/\/kodointernational.com\/vi\/wp-json\/wp\/v2\/product\/24476\/revisions"}],"wp:featuredmedia":[{"embeddable":true,"href":"https:\/\/kodointernational.com\/vi\/wp-json\/wp\/v2\/media\/24470"}],"wp:attachment":[{"href":"https:\/\/kodointernational.com\/vi\/wp-json\/wp\/v2\/media?parent=24476"}],"wp:term":[{"taxonomy":"brand","embeddable":true,"href":"https:\/\/kodointernational.com\/vi\/wp-json\/wp\/v2\/etheme_brands?post=24476"},{"taxonomy":"product_cat","embeddable":true,"href":"https:\/\/kodointernational.com\/vi\/wp-json\/wp\/v2\/product_cat?post=24476"},{"taxonomy":"product_tag","embeddable":true,"href":"https:\/\/kodointernational.com\/vi\/wp-json\/wp\/v2\/product_tag?post=24476"},{"taxonomy":"scent-family","embeddable":true,"href":"https:\/\/kodointernational.com\/vi\/wp-json\/wp\/v2\/scent-family?post=24476"},{"taxonomy":"diffusion-area","embeddable":true,"href":"https:\/\/kodointernational.com\/vi\/wp-json\/wp\/v2\/diffusion-area?post=24476"},{"taxonomy":"scent-intensity","embeddable":true,"href":"https:\/\/kodointernational.com\/vi\/wp-json\/wp\/v2\/scent-intensity?post=24476"},{"taxonomy":"scent-recommendations","embeddable":true,"href":"https:\/\/kodointernational.com\/vi\/wp-json\/wp\/v2\/scent-recommendations?post=24476"},{"taxonomy":"scent-pyramid","embeddable":true,"href":"https:\/\/kodointernational.com\/vi\/wp-json\/wp\/v2\/scent-pyramid?post=24476"}],"curies":[{"name":"wp","href":"https:\/\/api.w.org\/{rel}","templated":true}]}}