{"id":24121,"date":"2024-01-23T16:36:32","date_gmt":"2024-01-23T09:36:32","guid":{"rendered":"https:\/\/kodointernational.com\/product\/arabian-night\/"},"modified":"2024-01-23T16:36:32","modified_gmt":"2024-01-23T09:36:32","slug":"arabian-night","status":"publish","type":"product","link":"https:\/\/kodointernational.com\/vi\/product\/arabian-night\/","title":{"rendered":"Arabian Night"},"content":{"rendered":"","protected":false},"excerpt":{"rendered":"<p><span data-sheets-root=\"1\" data-sheets-value=\"{\"1\":2,\"2\":\"A mystical adventure takes you to the lands of the East, where each drop of fragrance tells a tale of sophistication and class. With its unique scent, Arabian Night unfolds with the sweet aroma of roses, like blossoming flowers under the gentle light of a warm night's painting\"}\" data-sheets-userformat=\"{\"2\":769,\"3\":{\"1\":0},\"11\":4,\"12\":0}\">Arabian Night \u2013 M\u1ed9t chuy\u1ebfn phi\u00eau l\u01b0u huy\u1ec1n b\u00ed \u0111\u01b0a b\u1ea1n \u0111\u1ebfn v\u1edbi v\u00f9ng \u0111\u00e1t \u00e1 \u0111\u00f4ng, n\u01a1i m\u1ed7i gi\u1ecdt h\u01b0\u01a1ng nh\u01b0 l\u00e0 m\u1ed9t c\u00e2u chuy\u1ec7n k\u1ec3 v\u1ec1 s\u1ef1 qu\u00fd ph\u00e1i v\u00e0 \u0111\u1eb3ng c\u1ea5p. V\u1edbi h\u01b0\u01a1ng th\u01a1m \u0111\u1ed9c \u0111\u00e1o, Arabian Night m\u1edf ra v\u1edbi h\u01b0\u01a1ng hoa h\u1ed3ng ng\u1ecdt ng\u00e0o, nh\u01b0 l\u00e0 nh\u1eefng \u0111\u00f3a h\u1ed3ng m\u1edf r\u1ed9 d\u01b0\u1edbi \u00e1nh \u0111\u00e8n d\u1ecbu d\u00e0ng c\u1ee7a b\u1ee9c tranh \u0111\u00eam \u1ea5m \u00e1p <\/span><\/p>\n","protected":false},"featured_media":23887,"comment_status":"open","ping_status":"closed","template":"","meta":[],"etheme_brands":[],"product_cat":[100],"product_tag":[],"scent-family":[],"diffusion-area":[],"scent-intensity":[],"scent-recommendations":[],"scent-pyramid":[],"class_list":{"0":"post-24121","1":"product","2":"type-product","3":"status-publish","4":"has-post-thumbnail","6":"product_cat-bo-suu-tap-black","8":"first","9":"instock","10":"shipping-taxable","11":"purchasable","12":"product-type-simple"},"acf":[],"_links":{"self":[{"href":"https:\/\/kodointernational.com\/vi\/wp-json\/wp\/v2\/product\/24121","targetHints":{"allow":["GET"]}}],"collection":[{"href":"https:\/\/kodointernational.com\/vi\/wp-json\/wp\/v2\/product"}],"about":[{"href":"https:\/\/kodointernational.com\/vi\/wp-json\/wp\/v2\/types\/product"}],"replies":[{"embeddable":true,"href":"https:\/\/kodointernational.com\/vi\/wp-json\/wp\/v2\/comments?post=24121"}],"version-history":[{"count":0,"href":"https:\/\/kodointernational.com\/vi\/wp-json\/wp\/v2\/product\/24121\/revisions"}],"wp:featuredmedia":[{"embeddable":true,"href":"https:\/\/kodointernational.com\/vi\/wp-json\/wp\/v2\/media\/23887"}],"wp:attachment":[{"href":"https:\/\/kodointernational.com\/vi\/wp-json\/wp\/v2\/media?parent=24121"}],"wp:term":[{"taxonomy":"brand","embeddable":true,"href":"https:\/\/kodointernational.com\/vi\/wp-json\/wp\/v2\/etheme_brands?post=24121"},{"taxonomy":"product_cat","embeddable":true,"href":"https:\/\/kodointernational.com\/vi\/wp-json\/wp\/v2\/product_cat?post=24121"},{"taxonomy":"product_tag","embeddable":true,"href":"https:\/\/kodointernational.com\/vi\/wp-json\/wp\/v2\/product_tag?post=24121"},{"taxonomy":"scent-family","embeddable":true,"href":"https:\/\/kodointernational.com\/vi\/wp-json\/wp\/v2\/scent-family?post=24121"},{"taxonomy":"diffusion-area","embeddable":true,"href":"https:\/\/kodointernational.com\/vi\/wp-json\/wp\/v2\/diffusion-area?post=24121"},{"taxonomy":"scent-intensity","embeddable":true,"href":"https:\/\/kodointernational.com\/vi\/wp-json\/wp\/v2\/scent-intensity?post=24121"},{"taxonomy":"scent-recommendations","embeddable":true,"href":"https:\/\/kodointernational.com\/vi\/wp-json\/wp\/v2\/scent-recommendations?post=24121"},{"taxonomy":"scent-pyramid","embeddable":true,"href":"https:\/\/kodointernational.com\/vi\/wp-json\/wp\/v2\/scent-pyramid?post=24121"}],"curies":[{"name":"wp","href":"https:\/\/api.w.org\/{rel}","templated":true}]}}