{"id":23441,"date":"2024-03-08T14:02:21","date_gmt":"2024-03-08T07:02:21","guid":{"rendered":"https:\/\/kodointernational.com\/?post_type=product&#038;p=23441"},"modified":"2024-09-11T16:07:51","modified_gmt":"2024-09-11T09:07:51","slug":"kodo-2100ac","status":"publish","type":"product","link":"https:\/\/kodointernational.com\/vi\/product\/kodo-2100ac\/","title":{"rendered":"KODO 2100AC"},"content":{"rendered":"","protected":false},"excerpt":{"rendered":"<p>D\u00f2ng m\u00e1y phun tinh d\u1ea7u chuy\u00ean d\u1ee5ng cho nh\u1eefng kh\u00f4ng gian nh\u01b0 s\u1ea3nh to\u00e0 nh\u00e0, c\u1eeda h\u00e0ng, th\u1ea9m m\u1ef9 vi\u1ec7n, b\u1ec7nh vi\u1ec7n,&#8230;. Ngo\u1ea1i h\u00ecnh m\u00e1y trang nh\u00e3, sang tr\u1ecdng gi\u00fap d\u1ec5 d\u00e0ng k\u1ebft h\u1ee3p v\u1edbi nhi\u1ec1u kh\u00f4ng gian v\u00e0 phong c\u00e1ch thi\u1ebft k\u1ebf kh\u00e1c nhau.<\/p>\n","protected":false},"featured_media":26885,"comment_status":"open","ping_status":"closed","template":"","meta":[],"etheme_brands":[],"product_cat":[90,343],"product_tag":[],"scent-family":[],"diffusion-area":[],"scent-intensity":[],"scent-recommendations":[],"scent-pyramid":[],"class_list":{"0":"post-23441","1":"product","2":"type-product","3":"status-publish","4":"has-post-thumbnail","6":"product_cat-may-khuech-tan","7":"product_cat-dong-may-chuyen-nghiep","8":"pa_kodo-model-310ac","9":"pa_kodo-model-1000ac","10":"pa_kodo-model-2100ac","12":"first","13":"instock","14":"featured","15":"shipping-taxable","16":"product-type-variable"},"acf":[],"_links":{"self":[{"href":"https:\/\/kodointernational.com\/vi\/wp-json\/wp\/v2\/product\/23441","targetHints":{"allow":["GET"]}}],"collection":[{"href":"https:\/\/kodointernational.com\/vi\/wp-json\/wp\/v2\/product"}],"about":[{"href":"https:\/\/kodointernational.com\/vi\/wp-json\/wp\/v2\/types\/product"}],"replies":[{"embeddable":true,"href":"https:\/\/kodointernational.com\/vi\/wp-json\/wp\/v2\/comments?post=23441"}],"version-history":[{"count":0,"href":"https:\/\/kodointernational.com\/vi\/wp-json\/wp\/v2\/product\/23441\/revisions"}],"wp:featuredmedia":[{"embeddable":true,"href":"https:\/\/kodointernational.com\/vi\/wp-json\/wp\/v2\/media\/26885"}],"wp:attachment":[{"href":"https:\/\/kodointernational.com\/vi\/wp-json\/wp\/v2\/media?parent=23441"}],"wp:term":[{"taxonomy":"brand","embeddable":true,"href":"https:\/\/kodointernational.com\/vi\/wp-json\/wp\/v2\/etheme_brands?post=23441"},{"taxonomy":"product_cat","embeddable":true,"href":"https:\/\/kodointernational.com\/vi\/wp-json\/wp\/v2\/product_cat?post=23441"},{"taxonomy":"product_tag","embeddable":true,"href":"https:\/\/kodointernational.com\/vi\/wp-json\/wp\/v2\/product_tag?post=23441"},{"taxonomy":"scent-family","embeddable":true,"href":"https:\/\/kodointernational.com\/vi\/wp-json\/wp\/v2\/scent-family?post=23441"},{"taxonomy":"diffusion-area","embeddable":true,"href":"https:\/\/kodointernational.com\/vi\/wp-json\/wp\/v2\/diffusion-area?post=23441"},{"taxonomy":"scent-intensity","embeddable":true,"href":"https:\/\/kodointernational.com\/vi\/wp-json\/wp\/v2\/scent-intensity?post=23441"},{"taxonomy":"scent-recommendations","embeddable":true,"href":"https:\/\/kodointernational.com\/vi\/wp-json\/wp\/v2\/scent-recommendations?post=23441"},{"taxonomy":"scent-pyramid","embeddable":true,"href":"https:\/\/kodointernational.com\/vi\/wp-json\/wp\/v2\/scent-pyramid?post=23441"}],"curies":[{"name":"wp","href":"https:\/\/api.w.org\/{rel}","templated":true}]}}