{"id":17117,"date":"2023-10-11T10:14:13","date_gmt":"2023-10-11T03:14:13","guid":{"rendered":"https:\/\/kodointernational.com\/?post_type=product&#038;p=17117"},"modified":"2024-09-11T16:10:52","modified_gmt":"2024-09-11T09:10:52","slug":"kodo-eco-2","status":"publish","type":"product","link":"https:\/\/kodointernational.com\/vi\/product\/kodo-eco-2\/","title":{"rendered":"KODO ECO 2"},"content":{"rendered":"","protected":false},"excerpt":{"rendered":"<p>Eco 2 l\u00e0 phi\u00ean b\u1ea3n n\u00e2ng c\u1ea5p t\u1eeb Kodo Eco gi\u00fap t\u0103ng hi\u1ec7u su\u1ea5t, ti\u1ebft ki\u1ec7m tinh d\u1ea7u v\u00e0 c\u00f2n ch\u1ee9a c\u00e1c ho\u1ea1t ch\u1ea5t kh\u1eed m\u00f9i gi\u00fap ti\u00eau di\u1ec7t m\u00f9i h\u00f4i v\u00e0 vi khu\u1ea9n.. D\u00f2ng m\u00e1y chuy\u00ean d\u1ee5ng d\u00e0nh ri\u00eang cho nh\u1eefng kh\u00f4ng gian nh\u01b0 nh\u00e0 v\u1ec7 sinh, khu v\u1ef1c thang m\u00e1y,\u2026 V\u1edbi k\u00edch th\u01b0\u1edbc si\u00eau nh\u1ecf g\u1ecdn v\u00e0 v\u1eadn h\u00e0nh b\u1eb1ng pin n\u00ean d\u1ec5 d\u00e0ng b\u1ed1 tr\u00ed \u1edf m\u1ecdi v\u1ecb tr\u00ed m\u00e0 kh\u00f4ng c\u1ea7n ph\u1ee5 thu\u1ed9c v\u00e0o ngu\u1ed3n c\u1ed1 \u0111\u1ecbnh.<\/p>\n","protected":false},"featured_media":26924,"comment_status":"open","ping_status":"closed","template":"","meta":[],"etheme_brands":[],"product_cat":[90,343],"product_tag":[],"scent-family":[],"diffusion-area":[339,153],"scent-intensity":[],"scent-recommendations":[],"scent-pyramid":[],"class_list":{"0":"post-17117","1":"product","2":"type-product","3":"status-publish","4":"has-post-thumbnail","6":"product_cat-may-khuech-tan","7":"product_cat-dong-may-chuyen-nghiep","8":"diffusion-area-20m2","9":"diffusion-area-50m","11":"first","12":"instock","13":"shipping-taxable","14":"purchasable","15":"product-type-simple"},"acf":[],"_links":{"self":[{"href":"https:\/\/kodointernational.com\/vi\/wp-json\/wp\/v2\/product\/17117","targetHints":{"allow":["GET"]}}],"collection":[{"href":"https:\/\/kodointernational.com\/vi\/wp-json\/wp\/v2\/product"}],"about":[{"href":"https:\/\/kodointernational.com\/vi\/wp-json\/wp\/v2\/types\/product"}],"replies":[{"embeddable":true,"href":"https:\/\/kodointernational.com\/vi\/wp-json\/wp\/v2\/comments?post=17117"}],"version-history":[{"count":0,"href":"https:\/\/kodointernational.com\/vi\/wp-json\/wp\/v2\/product\/17117\/revisions"}],"wp:featuredmedia":[{"embeddable":true,"href":"https:\/\/kodointernational.com\/vi\/wp-json\/wp\/v2\/media\/26924"}],"wp:attachment":[{"href":"https:\/\/kodointernational.com\/vi\/wp-json\/wp\/v2\/media?parent=17117"}],"wp:term":[{"taxonomy":"brand","embeddable":true,"href":"https:\/\/kodointernational.com\/vi\/wp-json\/wp\/v2\/etheme_brands?post=17117"},{"taxonomy":"product_cat","embeddable":true,"href":"https:\/\/kodointernational.com\/vi\/wp-json\/wp\/v2\/product_cat?post=17117"},{"taxonomy":"product_tag","embeddable":true,"href":"https:\/\/kodointernational.com\/vi\/wp-json\/wp\/v2\/product_tag?post=17117"},{"taxonomy":"scent-family","embeddable":true,"href":"https:\/\/kodointernational.com\/vi\/wp-json\/wp\/v2\/scent-family?post=17117"},{"taxonomy":"diffusion-area","embeddable":true,"href":"https:\/\/kodointernational.com\/vi\/wp-json\/wp\/v2\/diffusion-area?post=17117"},{"taxonomy":"scent-intensity","embeddable":true,"href":"https:\/\/kodointernational.com\/vi\/wp-json\/wp\/v2\/scent-intensity?post=17117"},{"taxonomy":"scent-recommendations","embeddable":true,"href":"https:\/\/kodointernational.com\/vi\/wp-json\/wp\/v2\/scent-recommendations?post=17117"},{"taxonomy":"scent-pyramid","embeddable":true,"href":"https:\/\/kodointernational.com\/vi\/wp-json\/wp\/v2\/scent-pyramid?post=17117"}],"curies":[{"name":"wp","href":"https:\/\/api.w.org\/{rel}","templated":true}]}}