{"id":17088,"date":"2023-09-29T14:38:15","date_gmt":"2023-09-29T07:38:15","guid":{"rendered":"https:\/\/kodointernational.com\/?post_type=product&#038;p=17088"},"modified":"2024-09-11T16:13:43","modified_gmt":"2024-09-11T09:13:43","slug":"kodo-glass-tower-m","status":"publish","type":"product","link":"https:\/\/kodointernational.com\/vi\/product\/kodo-glass-tower-m\/","title":{"rendered":"Kodo Glass Tower M"},"content":{"rendered":"","protected":false},"excerpt":{"rendered":"<p>D\u00f2ng m\u00e1y khu\u1ebfch t\u00e1n tinh d\u1ea7u c\u00f4ng nghi\u1ec7p Kodo 1000 chuy\u00ean d\u1ee5ng cho nh\u1eefng kh\u00f4ng gian l\u1edbn nh\u01b0 kh\u00e1ch s\u1ea1n, khu ngh\u1ec9 d\u01b0\u1ee1ng, trung t\u00e2m tri\u1ec3n l\u00e3m, trung t\u00e2m mua s\u1eafm, &#8230; M\u00e1y\u00a0 thi\u1ebft k\u1ebf m\u00e0u \u0111en l\u1ecbch l\u00e3m, sang tr\u1ecdng s\u1ebd l\u00e0 m\u1ed9t \u0111i\u1ec3m nh\u1ea5n ki\u1ebfn t\u1ea1o n\u00ean kh\u00f4ng gian \u0111\u1eb3ng c\u1ea5p.<\/p>\n","protected":false},"featured_media":26937,"comment_status":"open","ping_status":"closed","template":"","meta":[],"etheme_brands":[],"product_cat":[90,343],"product_tag":[],"scent-family":[],"diffusion-area":[340,601,339,602,153],"scent-intensity":[],"scent-recommendations":[167,162,158],"scent-pyramid":[],"class_list":{"0":"post-17088","1":"product","2":"type-product","3":"status-publish","4":"has-post-thumbnail","6":"product_cat-may-khuech-tan","7":"product_cat-dong-may-chuyen-nghiep","8":"pa_kodo-model-310ac","9":"pa_kodo-model-1000ac","10":"pa_kodo-model-2100ac","11":"diffusion-area-100m2","12":"diffusion-area-200m2-2","13":"diffusion-area-20m2","14":"diffusion-area-500m2","15":"diffusion-area-50m","16":"scent-recommendations-benh-vien","17":"scent-recommendations-phong-trung-bay","18":"scent-recommendations-trung-tam-hoi-nghi","20":"first","21":"instock","22":"shipping-taxable","23":"purchasable","24":"product-type-simple"},"acf":[],"_links":{"self":[{"href":"https:\/\/kodointernational.com\/vi\/wp-json\/wp\/v2\/product\/17088","targetHints":{"allow":["GET"]}}],"collection":[{"href":"https:\/\/kodointernational.com\/vi\/wp-json\/wp\/v2\/product"}],"about":[{"href":"https:\/\/kodointernational.com\/vi\/wp-json\/wp\/v2\/types\/product"}],"replies":[{"embeddable":true,"href":"https:\/\/kodointernational.com\/vi\/wp-json\/wp\/v2\/comments?post=17088"}],"version-history":[{"count":0,"href":"https:\/\/kodointernational.com\/vi\/wp-json\/wp\/v2\/product\/17088\/revisions"}],"wp:featuredmedia":[{"embeddable":true,"href":"https:\/\/kodointernational.com\/vi\/wp-json\/wp\/v2\/media\/26937"}],"wp:attachment":[{"href":"https:\/\/kodointernational.com\/vi\/wp-json\/wp\/v2\/media?parent=17088"}],"wp:term":[{"taxonomy":"brand","embeddable":true,"href":"https:\/\/kodointernational.com\/vi\/wp-json\/wp\/v2\/etheme_brands?post=17088"},{"taxonomy":"product_cat","embeddable":true,"href":"https:\/\/kodointernational.com\/vi\/wp-json\/wp\/v2\/product_cat?post=17088"},{"taxonomy":"product_tag","embeddable":true,"href":"https:\/\/kodointernational.com\/vi\/wp-json\/wp\/v2\/product_tag?post=17088"},{"taxonomy":"scent-family","embeddable":true,"href":"https:\/\/kodointernational.com\/vi\/wp-json\/wp\/v2\/scent-family?post=17088"},{"taxonomy":"diffusion-area","embeddable":true,"href":"https:\/\/kodointernational.com\/vi\/wp-json\/wp\/v2\/diffusion-area?post=17088"},{"taxonomy":"scent-intensity","embeddable":true,"href":"https:\/\/kodointernational.com\/vi\/wp-json\/wp\/v2\/scent-intensity?post=17088"},{"taxonomy":"scent-recommendations","embeddable":true,"href":"https:\/\/kodointernational.com\/vi\/wp-json\/wp\/v2\/scent-recommendations?post=17088"},{"taxonomy":"scent-pyramid","embeddable":true,"href":"https:\/\/kodointernational.com\/vi\/wp-json\/wp\/v2\/scent-pyramid?post=17088"}],"curies":[{"name":"wp","href":"https:\/\/api.w.org\/{rel}","templated":true}]}}