{"id":17079,"date":"2023-09-28T09:43:53","date_gmt":"2023-09-28T02:43:53","guid":{"rendered":"https:\/\/kodointernational.com\/?post_type=product&#038;p=17079"},"modified":"2024-08-08T15:19:22","modified_gmt":"2024-08-08T08:19:22","slug":"nen-thom-tinh-dau-nuoc-hoa-jasmine-grapefruit","status":"publish","type":"product","link":"https:\/\/kodointernational.com\/vi\/product\/nen-thom-tinh-dau-nuoc-hoa-jasmine-grapefruit\/","title":{"rendered":"N\u1ebfn th\u01a1m tinh d\u1ea7u n\u01b0\u1edbc hoa Jasmine &#038; Grapefruit"},"content":{"rendered":"","protected":false},"excerpt":{"rendered":"<p>N\u1ebfn th\u01a1m tinh d\u1ea7u n\u01b0\u1edbc hoa Jasmine &amp; Grapefruit k\u1ebft h\u1ee3p 2 t\u1ea7ng h\u01b0\u01a1ng gi\u1eefa v\u1ecb man m\u00e1t t\u1eeb b\u01b0\u1edfi v\u00e0 cam ho\u00e0 quy\u1ec7n c\u00f9ng hoa nh\u00e0i v\u00e0 ng\u1ecdt d\u1ecbu t\u1eeb hoa ylang, mang ch\u00fat ph\u00f3ng kho\u00e1ng v\u00e0 d\u1ec5 ch\u1ecbu t\u1eeb tuy\u1ebft t\u00f9ng, x\u1ea1 h\u01b0\u01a1ng.<\/p>\n","protected":false},"featured_media":25074,"comment_status":"open","ping_status":"closed","template":"","meta":[],"etheme_brands":[],"product_cat":[180],"product_tag":[],"scent-family":[],"diffusion-area":[],"scent-intensity":[],"scent-recommendations":[],"scent-pyramid":[],"class_list":{"0":"post-17079","1":"product","2":"type-product","3":"status-publish","4":"has-post-thumbnail","6":"product_cat-nen-thom","8":"first","9":"instock","10":"shipping-taxable","11":"purchasable","12":"product-type-simple"},"acf":[],"_links":{"self":[{"href":"https:\/\/kodointernational.com\/vi\/wp-json\/wp\/v2\/product\/17079","targetHints":{"allow":["GET"]}}],"collection":[{"href":"https:\/\/kodointernational.com\/vi\/wp-json\/wp\/v2\/product"}],"about":[{"href":"https:\/\/kodointernational.com\/vi\/wp-json\/wp\/v2\/types\/product"}],"replies":[{"embeddable":true,"href":"https:\/\/kodointernational.com\/vi\/wp-json\/wp\/v2\/comments?post=17079"}],"version-history":[{"count":0,"href":"https:\/\/kodointernational.com\/vi\/wp-json\/wp\/v2\/product\/17079\/revisions"}],"wp:featuredmedia":[{"embeddable":true,"href":"https:\/\/kodointernational.com\/vi\/wp-json\/wp\/v2\/media\/25074"}],"wp:attachment":[{"href":"https:\/\/kodointernational.com\/vi\/wp-json\/wp\/v2\/media?parent=17079"}],"wp:term":[{"taxonomy":"brand","embeddable":true,"href":"https:\/\/kodointernational.com\/vi\/wp-json\/wp\/v2\/etheme_brands?post=17079"},{"taxonomy":"product_cat","embeddable":true,"href":"https:\/\/kodointernational.com\/vi\/wp-json\/wp\/v2\/product_cat?post=17079"},{"taxonomy":"product_tag","embeddable":true,"href":"https:\/\/kodointernational.com\/vi\/wp-json\/wp\/v2\/product_tag?post=17079"},{"taxonomy":"scent-family","embeddable":true,"href":"https:\/\/kodointernational.com\/vi\/wp-json\/wp\/v2\/scent-family?post=17079"},{"taxonomy":"diffusion-area","embeddable":true,"href":"https:\/\/kodointernational.com\/vi\/wp-json\/wp\/v2\/diffusion-area?post=17079"},{"taxonomy":"scent-intensity","embeddable":true,"href":"https:\/\/kodointernational.com\/vi\/wp-json\/wp\/v2\/scent-intensity?post=17079"},{"taxonomy":"scent-recommendations","embeddable":true,"href":"https:\/\/kodointernational.com\/vi\/wp-json\/wp\/v2\/scent-recommendations?post=17079"},{"taxonomy":"scent-pyramid","embeddable":true,"href":"https:\/\/kodointernational.com\/vi\/wp-json\/wp\/v2\/scent-pyramid?post=17079"}],"curies":[{"name":"wp","href":"https:\/\/api.w.org\/{rel}","templated":true}]}}