{"id":16976,"date":"2023-09-12T16:02:43","date_gmt":"2023-09-12T09:02:43","guid":{"rendered":"https:\/\/kodointernational.com\/?post_type=product&#038;p=16976"},"modified":"2023-10-26T17:28:10","modified_gmt":"2023-10-26T10:28:10","slug":"den-dot-nen-thom-kodo-aromalite","status":"publish","type":"product","link":"https:\/\/kodointernational.com\/vi\/product\/den-dot-nen-thom-kodo-aromalite\/","title":{"rendered":"\u0110\u00e8n \u0111\u1ed1t n\u1ebfn th\u01a1m Kodo Aromalite"},"content":{"rendered":"","protected":false},"excerpt":{"rendered":"<p>\u0110\u00e8n \u0111\u1ed1t n\u1ebfn th\u01a1m Kodo Aromalite l\u00e0 d\u00f2ng s\u1ea3n ph\u1ea9m cao c\u1ea5p \u0111\u00e8n \u0111\u1ed1t n\u1ebfn th\u01a1m. Th\u00edch h\u1ee3p \u0111\u1ec3 ph\u00f2ng ng\u1ee7, ph\u00f2ng t\u1eafm, qu\u00e1n bar, nh\u00e0 h\u00e0ng, ph\u00f2ng l\u00e0m vi\u1ec7c hay ph\u00f2ng kh\u00e1ch. B\u1ed9 s\u1ea3n ph\u1ea9m bao g\u1ed3m \u0110\u00e8n \u0111\u1ed1t n\u1ebfn v\u00e0 n\u1ebfn th\u01a1m tinh d\u1ea7u n\u01b0\u1edbc hoa Kodo<\/p>\n","protected":false},"featured_media":16979,"comment_status":"open","ping_status":"closed","template":"","meta":[],"etheme_brands":[],"product_cat":[180],"product_tag":[],"scent-family":[],"diffusion-area":[],"scent-intensity":[],"scent-recommendations":[],"scent-pyramid":[],"class_list":{"0":"post-16976","1":"product","2":"type-product","3":"status-publish","4":"has-post-thumbnail","6":"product_cat-nen-thom","8":"first","9":"instock","10":"shipping-taxable","11":"purchasable","12":"product-type-simple"},"acf":[],"_links":{"self":[{"href":"https:\/\/kodointernational.com\/vi\/wp-json\/wp\/v2\/product\/16976","targetHints":{"allow":["GET"]}}],"collection":[{"href":"https:\/\/kodointernational.com\/vi\/wp-json\/wp\/v2\/product"}],"about":[{"href":"https:\/\/kodointernational.com\/vi\/wp-json\/wp\/v2\/types\/product"}],"replies":[{"embeddable":true,"href":"https:\/\/kodointernational.com\/vi\/wp-json\/wp\/v2\/comments?post=16976"}],"version-history":[{"count":0,"href":"https:\/\/kodointernational.com\/vi\/wp-json\/wp\/v2\/product\/16976\/revisions"}],"wp:featuredmedia":[{"embeddable":true,"href":"https:\/\/kodointernational.com\/vi\/wp-json\/wp\/v2\/media\/16979"}],"wp:attachment":[{"href":"https:\/\/kodointernational.com\/vi\/wp-json\/wp\/v2\/media?parent=16976"}],"wp:term":[{"taxonomy":"brand","embeddable":true,"href":"https:\/\/kodointernational.com\/vi\/wp-json\/wp\/v2\/etheme_brands?post=16976"},{"taxonomy":"product_cat","embeddable":true,"href":"https:\/\/kodointernational.com\/vi\/wp-json\/wp\/v2\/product_cat?post=16976"},{"taxonomy":"product_tag","embeddable":true,"href":"https:\/\/kodointernational.com\/vi\/wp-json\/wp\/v2\/product_tag?post=16976"},{"taxonomy":"scent-family","embeddable":true,"href":"https:\/\/kodointernational.com\/vi\/wp-json\/wp\/v2\/scent-family?post=16976"},{"taxonomy":"diffusion-area","embeddable":true,"href":"https:\/\/kodointernational.com\/vi\/wp-json\/wp\/v2\/diffusion-area?post=16976"},{"taxonomy":"scent-intensity","embeddable":true,"href":"https:\/\/kodointernational.com\/vi\/wp-json\/wp\/v2\/scent-intensity?post=16976"},{"taxonomy":"scent-recommendations","embeddable":true,"href":"https:\/\/kodointernational.com\/vi\/wp-json\/wp\/v2\/scent-recommendations?post=16976"},{"taxonomy":"scent-pyramid","embeddable":true,"href":"https:\/\/kodointernational.com\/vi\/wp-json\/wp\/v2\/scent-pyramid?post=16976"}],"curies":[{"name":"wp","href":"https:\/\/api.w.org\/{rel}","templated":true}]}}