{"id":15506,"date":"2023-08-31T17:39:51","date_gmt":"2023-08-31T10:39:51","guid":{"rendered":"https:\/\/kodointernational.com\/?post_type=product&#038;p=15506"},"modified":"2024-09-11T17:07:25","modified_gmt":"2024-09-11T10:07:25","slug":"kodo-moonlight","status":"publish","type":"product","link":"https:\/\/kodointernational.com\/vi\/product\/kodo-moonlight\/","title":{"rendered":"KODO MOONLIGHT"},"content":{"rendered":"","protected":false},"excerpt":{"rendered":"<p>M\u00e1y khu\u1ebfch t\u00e1n tinh d\u1ea7u Kodo Moonlight l\u00e0 d\u00f2ng m\u00e1y gia \u0111\u00ecnh xinh x\u1eafn cho kh\u00f4ng gian di\u1ec7n t\u00edch d\u01b0\u1edbi 50m2. M\u00e1y \u1ee9ng d\u1ee5ng c\u00f4ng ngh\u1ec7 t\u00e1n h\u01b0\u01a1ng l\u1ea1nh, l\u00e0m h\u01b0\u01a1ng th\u01a1m khu\u1ebfch t\u00e1n \u0111\u1ec1u. Khu\u1ebfch t\u00e1n tinh d\u1ea7u tr\u1ef1c ti\u1ebfp kh\u00f4ng d\u00f9ng n\u01b0\u1edbc, kh\u00f4ng l\u00e0m bi\u1ebfn \u0111\u1ed5i th\u00e0nh ph\u1ea7n c\u1ee7a tinh d\u1ea7u v\u00e0 ti\u1ebft ki\u1ec7m h\u01a1n.<\/p>\n","protected":false},"featured_media":26955,"comment_status":"open","ping_status":"closed","template":"","meta":[],"etheme_brands":[],"product_cat":[90,344],"product_tag":[],"scent-family":[],"diffusion-area":[339,153],"scent-intensity":[],"scent-recommendations":[],"scent-pyramid":[],"class_list":{"0":"post-15506","1":"product","2":"type-product","3":"status-publish","4":"has-post-thumbnail","6":"product_cat-may-khuech-tan","7":"product_cat-dong-may-gia-dinh","8":"diffusion-area-20m2","9":"diffusion-area-50m","11":"first","12":"instock","13":"shipping-taxable","14":"purchasable","15":"product-type-simple"},"acf":[],"_links":{"self":[{"href":"https:\/\/kodointernational.com\/vi\/wp-json\/wp\/v2\/product\/15506","targetHints":{"allow":["GET"]}}],"collection":[{"href":"https:\/\/kodointernational.com\/vi\/wp-json\/wp\/v2\/product"}],"about":[{"href":"https:\/\/kodointernational.com\/vi\/wp-json\/wp\/v2\/types\/product"}],"replies":[{"embeddable":true,"href":"https:\/\/kodointernational.com\/vi\/wp-json\/wp\/v2\/comments?post=15506"}],"version-history":[{"count":0,"href":"https:\/\/kodointernational.com\/vi\/wp-json\/wp\/v2\/product\/15506\/revisions"}],"wp:featuredmedia":[{"embeddable":true,"href":"https:\/\/kodointernational.com\/vi\/wp-json\/wp\/v2\/media\/26955"}],"wp:attachment":[{"href":"https:\/\/kodointernational.com\/vi\/wp-json\/wp\/v2\/media?parent=15506"}],"wp:term":[{"taxonomy":"brand","embeddable":true,"href":"https:\/\/kodointernational.com\/vi\/wp-json\/wp\/v2\/etheme_brands?post=15506"},{"taxonomy":"product_cat","embeddable":true,"href":"https:\/\/kodointernational.com\/vi\/wp-json\/wp\/v2\/product_cat?post=15506"},{"taxonomy":"product_tag","embeddable":true,"href":"https:\/\/kodointernational.com\/vi\/wp-json\/wp\/v2\/product_tag?post=15506"},{"taxonomy":"scent-family","embeddable":true,"href":"https:\/\/kodointernational.com\/vi\/wp-json\/wp\/v2\/scent-family?post=15506"},{"taxonomy":"diffusion-area","embeddable":true,"href":"https:\/\/kodointernational.com\/vi\/wp-json\/wp\/v2\/diffusion-area?post=15506"},{"taxonomy":"scent-intensity","embeddable":true,"href":"https:\/\/kodointernational.com\/vi\/wp-json\/wp\/v2\/scent-intensity?post=15506"},{"taxonomy":"scent-recommendations","embeddable":true,"href":"https:\/\/kodointernational.com\/vi\/wp-json\/wp\/v2\/scent-recommendations?post=15506"},{"taxonomy":"scent-pyramid","embeddable":true,"href":"https:\/\/kodointernational.com\/vi\/wp-json\/wp\/v2\/scent-pyramid?post=15506"}],"curies":[{"name":"wp","href":"https:\/\/api.w.org\/{rel}","templated":true}]}}