{"id":14370,"date":"2023-07-24T13:51:48","date_gmt":"2023-07-24T06:51:48","guid":{"rendered":"https:\/\/kodointernational.com\/?post_type=product&#038;p=14370"},"modified":"2024-08-17T16:45:32","modified_gmt":"2024-08-17T09:45:32","slug":"chai-xit-da-nang-klean-plus","status":"publish","type":"product","link":"https:\/\/kodointernational.com\/vi\/product\/chai-xit-da-nang-klean-plus\/","title":{"rendered":"Chai X\u1ecbt \u0110a N\u0103ng Klean Plus"},"content":{"rendered":"","protected":false},"excerpt":{"rendered":"<p>Dung d\u1ecbch Klean+ d\u1ea1ng phun s\u01b0\u01a1ng, ch\u1ee9a c\u00e1c lo\u1ea1i tinh d\u1ea7u thi\u00ean nhi\u00ean kh\u1eed khu\u1ea9n l\u00e0m s\u1ea1ch an to\u00e0n. Ti\u00eau di\u1ec7t 99,99% vi tr\u00f9ng, vi khu\u1ea9n v\u00e0 n\u1ea5m g\u00e2y m\u00f9i kh\u00f3 ch\u1ecbu. L\u00e0m s\u1ea1ch an to\u00e0n cho \u0111\u00f4i tay c\u1ee7a b\u1ea1n v\u00ec ch\u1ee9a 100% th\u00e0nh ph\u1ea7n thi\u00ean nhi\u00ean, c\u00f3 ch\u1ee9ng nh\u1eadn FDA c\u1ee7a M\u1ef9. S\u1ea3n ph\u1ea9m c\u00f3 ch\u1ee9ng nh\u1eadn c\u1ee7a TUV c\u1ee7a \u0110\u1ee9c v\u00e0 Vinacontrol. Dung l\u01b0\u1ee3ng 50ml, tr\u00ean 350 l\u1ea7n x\u1ecbt, nh\u1ecf g\u1ecdn, ti\u1ec7n l\u1ee3i, d\u1ec5 mang theo. Th\u00e0nh ph\u1ea7n: Ethanol 67%; n\u01b0\u1edbc, c\u00e1c lo\u1ea1i tinh d\u1ea7u thi\u00ean nhi\u00ean c\u00f3 t\u00ednh n\u0103ng s\u00e1t khu\u1ea9n cao, chi\u1ebft xu\u1ea5t th\u1ef1c v\u1eadt ch\u1ed1ng kh\u00f4 da. H\u01b0\u01a1ng th\u01a1m t\u1ef1 nhi\u00ean r\u1ea5t d\u1ec5 ch\u1ecbu, t\u1ea1o c\u1ea3m gi\u00e1c th\u01b0 gi\u00e3n, s\u1ea1ch s\u1ebd c\u1ea3 ng\u00e0y<\/p>\n","protected":false},"featured_media":26364,"comment_status":"open","ping_status":"closed","template":"","meta":[],"etheme_brands":[],"product_cat":[94],"product_tag":[],"scent-family":[742],"diffusion-area":[],"scent-intensity":[151],"scent-recommendations":[],"scent-pyramid":[],"class_list":{"0":"post-14370","1":"product","2":"type-product","3":"status-publish","4":"has-post-thumbnail","6":"product_cat-san-pham-khac","7":"pa_mui-huong-citrus-mist","8":"pa_mui-huong-forest-mist","9":"pa_mui-huong-lavender-mist","10":"pa_mui-huong-yuyu-mist","11":"scent-family-thien-nhien","12":"scent-intensity-vua","14":"first","15":"instock","16":"shipping-taxable","17":"purchasable","18":"product-type-variable"},"acf":[],"_links":{"self":[{"href":"https:\/\/kodointernational.com\/vi\/wp-json\/wp\/v2\/product\/14370","targetHints":{"allow":["GET"]}}],"collection":[{"href":"https:\/\/kodointernational.com\/vi\/wp-json\/wp\/v2\/product"}],"about":[{"href":"https:\/\/kodointernational.com\/vi\/wp-json\/wp\/v2\/types\/product"}],"replies":[{"embeddable":true,"href":"https:\/\/kodointernational.com\/vi\/wp-json\/wp\/v2\/comments?post=14370"}],"version-history":[{"count":0,"href":"https:\/\/kodointernational.com\/vi\/wp-json\/wp\/v2\/product\/14370\/revisions"}],"wp:featuredmedia":[{"embeddable":true,"href":"https:\/\/kodointernational.com\/vi\/wp-json\/wp\/v2\/media\/26364"}],"wp:attachment":[{"href":"https:\/\/kodointernational.com\/vi\/wp-json\/wp\/v2\/media?parent=14370"}],"wp:term":[{"taxonomy":"brand","embeddable":true,"href":"https:\/\/kodointernational.com\/vi\/wp-json\/wp\/v2\/etheme_brands?post=14370"},{"taxonomy":"product_cat","embeddable":true,"href":"https:\/\/kodointernational.com\/vi\/wp-json\/wp\/v2\/product_cat?post=14370"},{"taxonomy":"product_tag","embeddable":true,"href":"https:\/\/kodointernational.com\/vi\/wp-json\/wp\/v2\/product_tag?post=14370"},{"taxonomy":"scent-family","embeddable":true,"href":"https:\/\/kodointernational.com\/vi\/wp-json\/wp\/v2\/scent-family?post=14370"},{"taxonomy":"diffusion-area","embeddable":true,"href":"https:\/\/kodointernational.com\/vi\/wp-json\/wp\/v2\/diffusion-area?post=14370"},{"taxonomy":"scent-intensity","embeddable":true,"href":"https:\/\/kodointernational.com\/vi\/wp-json\/wp\/v2\/scent-intensity?post=14370"},{"taxonomy":"scent-recommendations","embeddable":true,"href":"https:\/\/kodointernational.com\/vi\/wp-json\/wp\/v2\/scent-recommendations?post=14370"},{"taxonomy":"scent-pyramid","embeddable":true,"href":"https:\/\/kodointernational.com\/vi\/wp-json\/wp\/v2\/scent-pyramid?post=14370"}],"curies":[{"name":"wp","href":"https:\/\/api.w.org\/{rel}","templated":true}]}}