{"id":14358,"date":"2023-07-24T13:38:16","date_gmt":"2023-07-24T06:38:16","guid":{"rendered":"https:\/\/kodointernational.com\/?post_type=product&#038;p=14358"},"modified":"2023-10-21T15:01:13","modified_gmt":"2023-10-21T08:01:13","slug":"xit-thom-phong-thien-nhien-cao-cap","status":"publish","type":"product","link":"https:\/\/kodointernational.com\/vi\/product\/xit-thom-phong-thien-nhien-cao-cap\/","title":{"rendered":"X\u1ecbt th\u01a1m ph\u00f2ng thi\u00ean nhi\u00ean cao c\u1ea5p"},"content":{"rendered":"","protected":false},"excerpt":{"rendered":"<p>Th\u00e0nh ph\u1ea7n g\u1ed3m tinh d\u1ea7u t\u1ef1 nhi\u00ean, chi\u1ebft xu\u1ea5t tr\u00e1i c\u00e2y c\u00f3 kh\u1ea3 n\u0103ng tri\u1ec7t ti\u00eau ho\u00e0n to\u00e0n m\u00f9i h\u00f4i, kh\u1eed m\u00f9i hi\u1ec7u qu\u1ea3. D\u00f9ng \u0111\u1ec3 kh\u1eed m\u00f9i trong ph\u00f2ng ng\u1ee7, nh\u00e0 v\u1ec7 sinh, v\u0103n ph\u00f2ng, xe h\u01a1i<\/p>\n","protected":false},"featured_media":14365,"comment_status":"open","ping_status":"closed","template":"","meta":[],"etheme_brands":[],"product_cat":[93],"product_tag":[],"scent-family":[742],"diffusion-area":[],"scent-intensity":[151],"scent-recommendations":[],"scent-pyramid":[],"class_list":{"0":"post-14358","1":"product","2":"type-product","3":"status-publish","4":"has-post-thumbnail","6":"product_cat-xit-phong","7":"pa_mui-huong-kyoto-blossom","8":"pa_mui-huong-tokyo-night","9":"scent-family-thien-nhien","10":"scent-intensity-vua","12":"first","13":"instock","14":"shipping-taxable","15":"purchasable","16":"product-type-simple"},"acf":[],"_links":{"self":[{"href":"https:\/\/kodointernational.com\/vi\/wp-json\/wp\/v2\/product\/14358","targetHints":{"allow":["GET"]}}],"collection":[{"href":"https:\/\/kodointernational.com\/vi\/wp-json\/wp\/v2\/product"}],"about":[{"href":"https:\/\/kodointernational.com\/vi\/wp-json\/wp\/v2\/types\/product"}],"replies":[{"embeddable":true,"href":"https:\/\/kodointernational.com\/vi\/wp-json\/wp\/v2\/comments?post=14358"}],"version-history":[{"count":0,"href":"https:\/\/kodointernational.com\/vi\/wp-json\/wp\/v2\/product\/14358\/revisions"}],"wp:featuredmedia":[{"embeddable":true,"href":"https:\/\/kodointernational.com\/vi\/wp-json\/wp\/v2\/media\/14365"}],"wp:attachment":[{"href":"https:\/\/kodointernational.com\/vi\/wp-json\/wp\/v2\/media?parent=14358"}],"wp:term":[{"taxonomy":"brand","embeddable":true,"href":"https:\/\/kodointernational.com\/vi\/wp-json\/wp\/v2\/etheme_brands?post=14358"},{"taxonomy":"product_cat","embeddable":true,"href":"https:\/\/kodointernational.com\/vi\/wp-json\/wp\/v2\/product_cat?post=14358"},{"taxonomy":"product_tag","embeddable":true,"href":"https:\/\/kodointernational.com\/vi\/wp-json\/wp\/v2\/product_tag?post=14358"},{"taxonomy":"scent-family","embeddable":true,"href":"https:\/\/kodointernational.com\/vi\/wp-json\/wp\/v2\/scent-family?post=14358"},{"taxonomy":"diffusion-area","embeddable":true,"href":"https:\/\/kodointernational.com\/vi\/wp-json\/wp\/v2\/diffusion-area?post=14358"},{"taxonomy":"scent-intensity","embeddable":true,"href":"https:\/\/kodointernational.com\/vi\/wp-json\/wp\/v2\/scent-intensity?post=14358"},{"taxonomy":"scent-recommendations","embeddable":true,"href":"https:\/\/kodointernational.com\/vi\/wp-json\/wp\/v2\/scent-recommendations?post=14358"},{"taxonomy":"scent-pyramid","embeddable":true,"href":"https:\/\/kodointernational.com\/vi\/wp-json\/wp\/v2\/scent-pyramid?post=14358"}],"curies":[{"name":"wp","href":"https:\/\/api.w.org\/{rel}","templated":true}]}}