{"id":12929,"date":"2023-07-01T14:52:09","date_gmt":"2023-07-01T07:52:09","guid":{"rendered":"https:\/\/kodointernational.com\/?post_type=product&#038;p=12929"},"modified":"2024-04-09T14:21:28","modified_gmt":"2024-04-09T07:21:28","slug":"xit-nuoc-hoa-white-rose","status":"publish","type":"product","link":"https:\/\/kodointernational.com\/vi\/product\/xit-nuoc-hoa-white-rose\/","title":{"rendered":"Xi\u0323t nu\u031bo\u031b\u0301c hoa White Rose"},"content":{"rendered":"","protected":false},"excerpt":{"rendered":"<p>X\u1ecbt n\u01b0\u1edbc hoa White Rose l\u00e0 m\u1ed9t s\u1ea3n ph\u1ea9m h\u01b0\u01a1ng th\u01a1m tinh t\u1ebf v\u00e0 quy\u1ebfn r\u0169, mang \u0111\u1ebfn m\u1ed9t c\u1ea3m gi\u00e1c n\u1ed3ng n\u00e0n nh\u01b0 mu\u1ed1n n\u00edu ch\u00e2n nh\u1eefng ng\u01b0\u1eddi d\u00f9ng \u0111\u1eb7c bi\u1ec7t. H\u01b0\u01a1ng th\u01a1m n\u00e0y \u0111\u01b0a b\u1ea1n v\u00e0o m\u1ed9t th\u1ebf gi\u1edbi c\u1ee7a s\u1ef1 sang tr\u1ecdng v\u00e0 qu\u00fd ph\u00e1i.<\/p>\n","protected":false},"featured_media":12902,"comment_status":"open","ping_status":"closed","template":"","meta":[],"etheme_brands":[],"product_cat":[715],"product_tag":[],"scent-family":[],"diffusion-area":[],"scent-intensity":[],"scent-recommendations":[],"scent-pyramid":[],"class_list":{"0":"post-12929","1":"product","2":"type-product","3":"status-publish","4":"has-post-thumbnail","6":"product_cat-xit-nuoc-hoa","8":"first","9":"outofstock","10":"shipping-taxable","11":"purchasable","12":"product-type-simple"},"acf":[],"_links":{"self":[{"href":"https:\/\/kodointernational.com\/vi\/wp-json\/wp\/v2\/product\/12929","targetHints":{"allow":["GET"]}}],"collection":[{"href":"https:\/\/kodointernational.com\/vi\/wp-json\/wp\/v2\/product"}],"about":[{"href":"https:\/\/kodointernational.com\/vi\/wp-json\/wp\/v2\/types\/product"}],"replies":[{"embeddable":true,"href":"https:\/\/kodointernational.com\/vi\/wp-json\/wp\/v2\/comments?post=12929"}],"version-history":[{"count":0,"href":"https:\/\/kodointernational.com\/vi\/wp-json\/wp\/v2\/product\/12929\/revisions"}],"wp:featuredmedia":[{"embeddable":true,"href":"https:\/\/kodointernational.com\/vi\/wp-json\/wp\/v2\/media\/12902"}],"wp:attachment":[{"href":"https:\/\/kodointernational.com\/vi\/wp-json\/wp\/v2\/media?parent=12929"}],"wp:term":[{"taxonomy":"brand","embeddable":true,"href":"https:\/\/kodointernational.com\/vi\/wp-json\/wp\/v2\/etheme_brands?post=12929"},{"taxonomy":"product_cat","embeddable":true,"href":"https:\/\/kodointernational.com\/vi\/wp-json\/wp\/v2\/product_cat?post=12929"},{"taxonomy":"product_tag","embeddable":true,"href":"https:\/\/kodointernational.com\/vi\/wp-json\/wp\/v2\/product_tag?post=12929"},{"taxonomy":"scent-family","embeddable":true,"href":"https:\/\/kodointernational.com\/vi\/wp-json\/wp\/v2\/scent-family?post=12929"},{"taxonomy":"diffusion-area","embeddable":true,"href":"https:\/\/kodointernational.com\/vi\/wp-json\/wp\/v2\/diffusion-area?post=12929"},{"taxonomy":"scent-intensity","embeddable":true,"href":"https:\/\/kodointernational.com\/vi\/wp-json\/wp\/v2\/scent-intensity?post=12929"},{"taxonomy":"scent-recommendations","embeddable":true,"href":"https:\/\/kodointernational.com\/vi\/wp-json\/wp\/v2\/scent-recommendations?post=12929"},{"taxonomy":"scent-pyramid","embeddable":true,"href":"https:\/\/kodointernational.com\/vi\/wp-json\/wp\/v2\/scent-pyramid?post=12929"}],"curies":[{"name":"wp","href":"https:\/\/api.w.org\/{rel}","templated":true}]}}