{"id":12917,"date":"2023-07-01T14:27:32","date_gmt":"2023-07-01T07:27:32","guid":{"rendered":"https:\/\/kodointernational.com\/?post_type=product&#038;p=12917"},"modified":"2024-08-09T13:59:57","modified_gmt":"2024-08-09T06:59:57","slug":"xit-nuoc-hoa-pear-pressia","status":"publish","type":"product","link":"https:\/\/kodointernational.com\/vi\/product\/xit-nuoc-hoa-pear-pressia\/","title":{"rendered":"Xi\u0323t nu\u031bo\u031b\u0301c hoa Pear &#038; Fressia"},"content":{"rendered":"","protected":false},"excerpt":{"rendered":"<p>X\u1ecbt n\u01b0\u1edbc hoa Pear &amp; Fressia mang \u0111\u1ebfn s\u1ef1 t\u01b0\u01a1i m\u00e1t v\u00e0 tr\u00e0n \u0111\u1ea7y s\u1ee9c s\u1ed1ng t\u1eeb tr\u00e1i l\u00ea v\u00e0 \u0111\u00e0o ch\u00edn, c\u00f9ng v\u1edbi s\u1ef1 t\u01b0\u01a1i m\u1edbi c\u1ee7a chanh. H\u01b0\u01a1ng gi\u1eefa h\u00f2a quy\u1ec7n h\u00e0i h\u00f2a gi\u1eefa hoa lan v\u00e0 hoa h\u1ed3ng, t\u1ea1o n\u00ean s\u1ef1 tr\u1ebb trung v\u00e0 duy\u00ean d\u00e1ng.<\/p>\n","protected":false},"featured_media":25236,"comment_status":"open","ping_status":"closed","template":"","meta":[],"etheme_brands":[],"product_cat":[715],"product_tag":[],"scent-family":[],"diffusion-area":[],"scent-intensity":[],"scent-recommendations":[],"scent-pyramid":[],"class_list":{"0":"post-12917","1":"product","2":"type-product","3":"status-publish","4":"has-post-thumbnail","6":"product_cat-xit-nuoc-hoa","8":"first","9":"instock","10":"shipping-taxable","11":"purchasable","12":"product-type-simple"},"acf":[],"_links":{"self":[{"href":"https:\/\/kodointernational.com\/vi\/wp-json\/wp\/v2\/product\/12917","targetHints":{"allow":["GET"]}}],"collection":[{"href":"https:\/\/kodointernational.com\/vi\/wp-json\/wp\/v2\/product"}],"about":[{"href":"https:\/\/kodointernational.com\/vi\/wp-json\/wp\/v2\/types\/product"}],"replies":[{"embeddable":true,"href":"https:\/\/kodointernational.com\/vi\/wp-json\/wp\/v2\/comments?post=12917"}],"version-history":[{"count":0,"href":"https:\/\/kodointernational.com\/vi\/wp-json\/wp\/v2\/product\/12917\/revisions"}],"wp:featuredmedia":[{"embeddable":true,"href":"https:\/\/kodointernational.com\/vi\/wp-json\/wp\/v2\/media\/25236"}],"wp:attachment":[{"href":"https:\/\/kodointernational.com\/vi\/wp-json\/wp\/v2\/media?parent=12917"}],"wp:term":[{"taxonomy":"brand","embeddable":true,"href":"https:\/\/kodointernational.com\/vi\/wp-json\/wp\/v2\/etheme_brands?post=12917"},{"taxonomy":"product_cat","embeddable":true,"href":"https:\/\/kodointernational.com\/vi\/wp-json\/wp\/v2\/product_cat?post=12917"},{"taxonomy":"product_tag","embeddable":true,"href":"https:\/\/kodointernational.com\/vi\/wp-json\/wp\/v2\/product_tag?post=12917"},{"taxonomy":"scent-family","embeddable":true,"href":"https:\/\/kodointernational.com\/vi\/wp-json\/wp\/v2\/scent-family?post=12917"},{"taxonomy":"diffusion-area","embeddable":true,"href":"https:\/\/kodointernational.com\/vi\/wp-json\/wp\/v2\/diffusion-area?post=12917"},{"taxonomy":"scent-intensity","embeddable":true,"href":"https:\/\/kodointernational.com\/vi\/wp-json\/wp\/v2\/scent-intensity?post=12917"},{"taxonomy":"scent-recommendations","embeddable":true,"href":"https:\/\/kodointernational.com\/vi\/wp-json\/wp\/v2\/scent-recommendations?post=12917"},{"taxonomy":"scent-pyramid","embeddable":true,"href":"https:\/\/kodointernational.com\/vi\/wp-json\/wp\/v2\/scent-pyramid?post=12917"}],"curies":[{"name":"wp","href":"https:\/\/api.w.org\/{rel}","templated":true}]}}