{"id":12915,"date":"2023-07-01T14:23:17","date_gmt":"2023-07-01T07:23:17","guid":{"rendered":"https:\/\/kodointernational.com\/?post_type=product&#038;p=12915"},"modified":"2024-08-09T15:14:01","modified_gmt":"2024-08-09T08:14:01","slug":"xit-nuoc-hoa-oud-bergamot","status":"publish","type":"product","link":"https:\/\/kodointernational.com\/vi\/product\/xit-nuoc-hoa-oud-bergamot\/","title":{"rendered":"Xi\u0323t nu\u031bo\u031b\u0301c hoa Oud &#038; Bergamot"},"content":{"rendered":"","protected":false},"excerpt":{"rendered":"<p>X\u1ecbt n\u01b0\u1edbc hoa Oud &amp; Bergamot\u00a0 mang \u0111\u1ebfn m\u1ed9t c\u1ea3m gi\u00e1c t\u01b0\u01a1i m\u00e1t, m\u1edbi l\u1ea1, v\u1edbi s\u1ef1 xu\u1ea5t hi\u1ec7n c\u1ee7a Bergamot Citrus. \u0110\u00e2y l\u00e0 m\u1ed9t h\u01b0\u01a1ng th\u01a1m thanh tho\u00e1t v\u00e0 s\u1ea3ng kho\u00e1i, mang l\u1ea1i s\u1ef1 s\u1ea3ng kho\u00e1i v\u00e0 t\u01b0\u01a1i m\u1edbi cho kh\u00f4ng gian.<\/p>\n","protected":false},"featured_media":25280,"comment_status":"open","ping_status":"closed","template":"","meta":[],"etheme_brands":[],"product_cat":[715],"product_tag":[],"scent-family":[],"diffusion-area":[],"scent-intensity":[],"scent-recommendations":[],"scent-pyramid":[],"class_list":{"0":"post-12915","1":"product","2":"type-product","3":"status-publish","4":"has-post-thumbnail","6":"product_cat-xit-nuoc-hoa","8":"first","9":"instock","10":"shipping-taxable","11":"purchasable","12":"product-type-simple"},"acf":[],"_links":{"self":[{"href":"https:\/\/kodointernational.com\/vi\/wp-json\/wp\/v2\/product\/12915","targetHints":{"allow":["GET"]}}],"collection":[{"href":"https:\/\/kodointernational.com\/vi\/wp-json\/wp\/v2\/product"}],"about":[{"href":"https:\/\/kodointernational.com\/vi\/wp-json\/wp\/v2\/types\/product"}],"replies":[{"embeddable":true,"href":"https:\/\/kodointernational.com\/vi\/wp-json\/wp\/v2\/comments?post=12915"}],"version-history":[{"count":0,"href":"https:\/\/kodointernational.com\/vi\/wp-json\/wp\/v2\/product\/12915\/revisions"}],"wp:featuredmedia":[{"embeddable":true,"href":"https:\/\/kodointernational.com\/vi\/wp-json\/wp\/v2\/media\/25280"}],"wp:attachment":[{"href":"https:\/\/kodointernational.com\/vi\/wp-json\/wp\/v2\/media?parent=12915"}],"wp:term":[{"taxonomy":"brand","embeddable":true,"href":"https:\/\/kodointernational.com\/vi\/wp-json\/wp\/v2\/etheme_brands?post=12915"},{"taxonomy":"product_cat","embeddable":true,"href":"https:\/\/kodointernational.com\/vi\/wp-json\/wp\/v2\/product_cat?post=12915"},{"taxonomy":"product_tag","embeddable":true,"href":"https:\/\/kodointernational.com\/vi\/wp-json\/wp\/v2\/product_tag?post=12915"},{"taxonomy":"scent-family","embeddable":true,"href":"https:\/\/kodointernational.com\/vi\/wp-json\/wp\/v2\/scent-family?post=12915"},{"taxonomy":"diffusion-area","embeddable":true,"href":"https:\/\/kodointernational.com\/vi\/wp-json\/wp\/v2\/diffusion-area?post=12915"},{"taxonomy":"scent-intensity","embeddable":true,"href":"https:\/\/kodointernational.com\/vi\/wp-json\/wp\/v2\/scent-intensity?post=12915"},{"taxonomy":"scent-recommendations","embeddable":true,"href":"https:\/\/kodointernational.com\/vi\/wp-json\/wp\/v2\/scent-recommendations?post=12915"},{"taxonomy":"scent-pyramid","embeddable":true,"href":"https:\/\/kodointernational.com\/vi\/wp-json\/wp\/v2\/scent-pyramid?post=12915"}],"curies":[{"name":"wp","href":"https:\/\/api.w.org\/{rel}","templated":true}]}}