{"id":12913,"date":"2023-07-01T14:20:45","date_gmt":"2023-07-01T07:20:45","guid":{"rendered":"https:\/\/kodointernational.com\/?post_type=product&#038;p=12913"},"modified":"2024-04-09T14:36:05","modified_gmt":"2024-04-09T07:36:05","slug":"xit-nuoc-hoa-kodo-no2","status":"publish","type":"product","link":"https:\/\/kodointernational.com\/vi\/product\/xit-nuoc-hoa-kodo-no2\/","title":{"rendered":"Xi\u0323t nu\u031bo\u031b\u0301c hoa Kodo No.2"},"content":{"rendered":"","protected":false},"excerpt":{"rendered":"<p>X\u1ecbt n\u01b0\u1edbc hoa Kodo No2 l\u00e0 m\u1ed9t h\u01b0\u01a1ng th\u01a1m \u0111\u1eb7c bi\u1ec7t mang \u0111\u1ebfn s\u1ef1 k\u1ebft h\u1ee3p tuy\u1ec7t v\u1eddi gi\u1eefa s\u1ef1 t\u01b0\u01a1i m\u00e1t v\u00e0 nhi\u1ec7t \u0111\u1edbi c\u1ee7a d\u1eeba v\u00e0 sen, k\u1ebft h\u1ee3p v\u1edbi s\u1ef1 \u1ea5m \u00e1p v\u00e0 tr\u1ea7m l\u1eafng t\u1eeb h\u1ed5 ph\u00e1ch v\u00e0 g\u1ed7 tuy\u1ebft t\u00f9ng. \u0110\u00e2y l\u00e0 m\u1ed9t h\u01b0\u01a1ng th\u01a1m th\u00edch h\u1ee3p cho nh\u1eefng ng\u01b0\u1eddi y\u00eau th\u00edch c\u1ea3m gi\u00e1c th\u01b0 gi\u00e3n, g\u1ea7n g\u0169i v\u1edbi thi\u00ean nhi\u00ean v\u00e0 mang \u0111\u1ebfn c\u1ea3m gi\u00e1c \u1ea5m \u00e1p<\/p>\n<p>&nbsp;<\/p>\n","protected":false},"featured_media":12886,"comment_status":"open","ping_status":"closed","template":"","meta":[],"etheme_brands":[],"product_cat":[715],"product_tag":[],"scent-family":[],"diffusion-area":[],"scent-intensity":[],"scent-recommendations":[],"scent-pyramid":[],"class_list":{"0":"post-12913","1":"product","2":"type-product","3":"status-publish","4":"has-post-thumbnail","6":"product_cat-xit-nuoc-hoa","8":"first","9":"outofstock","10":"shipping-taxable","11":"purchasable","12":"product-type-simple"},"acf":[],"_links":{"self":[{"href":"https:\/\/kodointernational.com\/vi\/wp-json\/wp\/v2\/product\/12913","targetHints":{"allow":["GET"]}}],"collection":[{"href":"https:\/\/kodointernational.com\/vi\/wp-json\/wp\/v2\/product"}],"about":[{"href":"https:\/\/kodointernational.com\/vi\/wp-json\/wp\/v2\/types\/product"}],"replies":[{"embeddable":true,"href":"https:\/\/kodointernational.com\/vi\/wp-json\/wp\/v2\/comments?post=12913"}],"version-history":[{"count":0,"href":"https:\/\/kodointernational.com\/vi\/wp-json\/wp\/v2\/product\/12913\/revisions"}],"wp:featuredmedia":[{"embeddable":true,"href":"https:\/\/kodointernational.com\/vi\/wp-json\/wp\/v2\/media\/12886"}],"wp:attachment":[{"href":"https:\/\/kodointernational.com\/vi\/wp-json\/wp\/v2\/media?parent=12913"}],"wp:term":[{"taxonomy":"brand","embeddable":true,"href":"https:\/\/kodointernational.com\/vi\/wp-json\/wp\/v2\/etheme_brands?post=12913"},{"taxonomy":"product_cat","embeddable":true,"href":"https:\/\/kodointernational.com\/vi\/wp-json\/wp\/v2\/product_cat?post=12913"},{"taxonomy":"product_tag","embeddable":true,"href":"https:\/\/kodointernational.com\/vi\/wp-json\/wp\/v2\/product_tag?post=12913"},{"taxonomy":"scent-family","embeddable":true,"href":"https:\/\/kodointernational.com\/vi\/wp-json\/wp\/v2\/scent-family?post=12913"},{"taxonomy":"diffusion-area","embeddable":true,"href":"https:\/\/kodointernational.com\/vi\/wp-json\/wp\/v2\/diffusion-area?post=12913"},{"taxonomy":"scent-intensity","embeddable":true,"href":"https:\/\/kodointernational.com\/vi\/wp-json\/wp\/v2\/scent-intensity?post=12913"},{"taxonomy":"scent-recommendations","embeddable":true,"href":"https:\/\/kodointernational.com\/vi\/wp-json\/wp\/v2\/scent-recommendations?post=12913"},{"taxonomy":"scent-pyramid","embeddable":true,"href":"https:\/\/kodointernational.com\/vi\/wp-json\/wp\/v2\/scent-pyramid?post=12913"}],"curies":[{"name":"wp","href":"https:\/\/api.w.org\/{rel}","templated":true}]}}