{"id":12909,"date":"2023-07-01T14:11:23","date_gmt":"2023-07-01T07:11:23","guid":{"rendered":"https:\/\/kodointernational.com\/?post_type=product&#038;p=12909"},"modified":"2024-08-09T15:43:24","modified_gmt":"2024-08-09T08:43:24","slug":"xit-nuoc-hoa-heritage-blend","status":"publish","type":"product","link":"https:\/\/kodointernational.com\/vi\/product\/xit-nuoc-hoa-heritage-blend\/","title":{"rendered":"Xi\u0323t nu\u031bo\u031b\u0301c hoa Heritage Blend"},"content":{"rendered":"","protected":false},"excerpt":{"rendered":"<p><span data-sheets-value=\"{&quot;1&quot;:2,&quot;2&quot;:&quot;M\u1ed9t m\u00f9i h\u01b0\u01a1ng t\u01b0\u01a1i m\u00e1t v\u00e0 sang tr\u1ecdng, \u0111\u01b0\u1ee3c t\u1ea1o n\u00ean t\u1eeb s\u1ef1 k\u1ebft h\u1ee3p c\u1ee7a bergamot v\u00e0 qu\u1ea3 mandarin \u1edf h\u01b0\u01a1ng \u0111\u1ea7u.H\u01b0\u01a1ng gi\u1eefa c\u1ee7a clary sage, hoa jasmine v\u00e0 hoa lavender t\u1ea1o n\u00ean m\u1ed9t s\u1ef1 pha tr\u1ed9n ho\u00e0n h\u1ea3o c\u1ee7a h\u01b0\u01a1ng th\u1ea3o d\u01b0\u1ee3c v\u00e0 hoa c\u1ecf, mang l\u1ea1i c\u1ea3m gi\u00e1c th\u01b0 gi\u00e3n v\u00e0 an t\u00e2m.H\u01b0\u01a1ng cu\u1ed1i c\u1ee7a amber v\u00e0 vetiver t\u1ea1o n\u00ean m\u1ed9t s\u1ef1 k\u1ebft h\u1ee3p \u0111\u1ed9c \u0111\u00e1o \u0111\u1ecdng la\u1ecb trong t\u00e2m tr\u00ed &quot;}\" data-sheets-userformat=\"{&quot;2&quot;:769,&quot;3&quot;:{&quot;1&quot;:0},&quot;11&quot;:4,&quot;12&quot;:0}\">M\u1ed9t m\u00f9i h\u01b0\u01a1ng t\u01b0\u01a1i m\u00e1t v\u00e0 sang tr\u1ecdng, \u0111\u01b0\u1ee3c t\u1ea1o n\u00ean t\u1eeb s\u1ef1 k\u1ebft h\u1ee3p c\u1ee7a bergamot v\u00e0 qu\u1ea3 mandarin, clary sage, hoa jasmine hoa lavender t\u1ea1o n\u00ean m\u1ed9t s\u1ef1 pha tr\u1ed9n ho\u00e0n h\u1ea3o c\u1ee7a h\u01b0\u01a1ng th\u1ea3o d\u01b0\u1ee3c v\u00e0 hoa c\u1ecf, mang l\u1ea1i c\u1ea3m gi\u00e1c th\u01b0 gi\u00e3n v\u00e0 an t\u00e2m<\/span><\/p>\n","protected":false},"featured_media":25326,"comment_status":"open","ping_status":"closed","template":"","meta":[],"etheme_brands":[],"product_cat":[715],"product_tag":[],"scent-family":[],"diffusion-area":[],"scent-intensity":[],"scent-recommendations":[],"scent-pyramid":[],"class_list":{"0":"post-12909","1":"product","2":"type-product","3":"status-publish","4":"has-post-thumbnail","6":"product_cat-xit-nuoc-hoa","8":"first","9":"instock","10":"shipping-taxable","11":"purchasable","12":"product-type-simple"},"acf":[],"_links":{"self":[{"href":"https:\/\/kodointernational.com\/vi\/wp-json\/wp\/v2\/product\/12909","targetHints":{"allow":["GET"]}}],"collection":[{"href":"https:\/\/kodointernational.com\/vi\/wp-json\/wp\/v2\/product"}],"about":[{"href":"https:\/\/kodointernational.com\/vi\/wp-json\/wp\/v2\/types\/product"}],"replies":[{"embeddable":true,"href":"https:\/\/kodointernational.com\/vi\/wp-json\/wp\/v2\/comments?post=12909"}],"version-history":[{"count":0,"href":"https:\/\/kodointernational.com\/vi\/wp-json\/wp\/v2\/product\/12909\/revisions"}],"wp:featuredmedia":[{"embeddable":true,"href":"https:\/\/kodointernational.com\/vi\/wp-json\/wp\/v2\/media\/25326"}],"wp:attachment":[{"href":"https:\/\/kodointernational.com\/vi\/wp-json\/wp\/v2\/media?parent=12909"}],"wp:term":[{"taxonomy":"brand","embeddable":true,"href":"https:\/\/kodointernational.com\/vi\/wp-json\/wp\/v2\/etheme_brands?post=12909"},{"taxonomy":"product_cat","embeddable":true,"href":"https:\/\/kodointernational.com\/vi\/wp-json\/wp\/v2\/product_cat?post=12909"},{"taxonomy":"product_tag","embeddable":true,"href":"https:\/\/kodointernational.com\/vi\/wp-json\/wp\/v2\/product_tag?post=12909"},{"taxonomy":"scent-family","embeddable":true,"href":"https:\/\/kodointernational.com\/vi\/wp-json\/wp\/v2\/scent-family?post=12909"},{"taxonomy":"diffusion-area","embeddable":true,"href":"https:\/\/kodointernational.com\/vi\/wp-json\/wp\/v2\/diffusion-area?post=12909"},{"taxonomy":"scent-intensity","embeddable":true,"href":"https:\/\/kodointernational.com\/vi\/wp-json\/wp\/v2\/scent-intensity?post=12909"},{"taxonomy":"scent-recommendations","embeddable":true,"href":"https:\/\/kodointernational.com\/vi\/wp-json\/wp\/v2\/scent-recommendations?post=12909"},{"taxonomy":"scent-pyramid","embeddable":true,"href":"https:\/\/kodointernational.com\/vi\/wp-json\/wp\/v2\/scent-pyramid?post=12909"}],"curies":[{"name":"wp","href":"https:\/\/api.w.org\/{rel}","templated":true}]}}