{"id":11373,"date":"2023-06-02T17:49:38","date_gmt":"2023-06-02T10:49:38","guid":{"rendered":"https:\/\/kodointernational.com\/?post_type=product&#038;p=11373"},"modified":"2024-08-09T12:47:39","modified_gmt":"2024-08-09T05:47:39","slug":"tinh-dau-bac-ha-thao-duoc","status":"publish","type":"product","link":"https:\/\/kodointernational.com\/vi\/product\/tinh-dau-bac-ha-thao-duoc\/","title":{"rendered":"Tinh D\u1ea7u B\u1ea1c H\u00e0 &#038; Th\u1ea3o D\u01b0\u1ee3c"},"content":{"rendered":"","protected":false},"excerpt":{"rendered":"<p style=\"text-align: justify;\"><span style=\"font-weight: 400; font-size: 12pt;\">Tinh d\u1ea7u B\u1ea1c h\u00e0 &amp; Th\u1ea3o d\u01b0\u1ee3c l\u00e0 m\u1ed9t trong nh\u1eefng s\u1ea3n ph\u1ea9m tinh d\u1ea7u ph\u1ed5 bi\u1ebfn v\u00e0 \u0111\u01b0\u1ee3c \u01b0a chu\u1ed9ng c\u1ee7a Kodo. V\u1edbi m\u00f9i h\u01b0\u01a1ng t\u01b0\u01a1i m\u00e1t v\u00e0 s\u1ea3ng kho\u00e1i c\u1ee7a b\u1ea1c h\u00e0, th\u1ea3o d\u01b0\u1ee3c th\u01b0 th\u00e1i mang \u0111\u1ebfn kh\u00f4ng ch\u1ec9 s\u1ef1 th\u01b0 gi\u00e3n m\u00e0 c\u00f2n nhi\u1ec1u l\u1ee3i \u00edch kh\u00e1c<\/span><\/p>\n","protected":false},"featured_media":13518,"comment_status":"open","ping_status":"closed","template":"","meta":[],"etheme_brands":[],"product_cat":[713],"product_tag":[],"scent-family":[],"diffusion-area":[],"scent-intensity":[],"scent-recommendations":[],"scent-pyramid":[],"class_list":{"0":"post-11373","1":"product","2":"type-product","3":"status-publish","4":"has-post-thumbnail","6":"product_cat-tinh-dau-thien-nhien","8":"first","9":"instock","10":"shipping-taxable","11":"purchasable","12":"product-type-simple"},"acf":[],"_links":{"self":[{"href":"https:\/\/kodointernational.com\/vi\/wp-json\/wp\/v2\/product\/11373","targetHints":{"allow":["GET"]}}],"collection":[{"href":"https:\/\/kodointernational.com\/vi\/wp-json\/wp\/v2\/product"}],"about":[{"href":"https:\/\/kodointernational.com\/vi\/wp-json\/wp\/v2\/types\/product"}],"replies":[{"embeddable":true,"href":"https:\/\/kodointernational.com\/vi\/wp-json\/wp\/v2\/comments?post=11373"}],"version-history":[{"count":0,"href":"https:\/\/kodointernational.com\/vi\/wp-json\/wp\/v2\/product\/11373\/revisions"}],"wp:featuredmedia":[{"embeddable":true,"href":"https:\/\/kodointernational.com\/vi\/wp-json\/wp\/v2\/media\/13518"}],"wp:attachment":[{"href":"https:\/\/kodointernational.com\/vi\/wp-json\/wp\/v2\/media?parent=11373"}],"wp:term":[{"taxonomy":"brand","embeddable":true,"href":"https:\/\/kodointernational.com\/vi\/wp-json\/wp\/v2\/etheme_brands?post=11373"},{"taxonomy":"product_cat","embeddable":true,"href":"https:\/\/kodointernational.com\/vi\/wp-json\/wp\/v2\/product_cat?post=11373"},{"taxonomy":"product_tag","embeddable":true,"href":"https:\/\/kodointernational.com\/vi\/wp-json\/wp\/v2\/product_tag?post=11373"},{"taxonomy":"scent-family","embeddable":true,"href":"https:\/\/kodointernational.com\/vi\/wp-json\/wp\/v2\/scent-family?post=11373"},{"taxonomy":"diffusion-area","embeddable":true,"href":"https:\/\/kodointernational.com\/vi\/wp-json\/wp\/v2\/diffusion-area?post=11373"},{"taxonomy":"scent-intensity","embeddable":true,"href":"https:\/\/kodointernational.com\/vi\/wp-json\/wp\/v2\/scent-intensity?post=11373"},{"taxonomy":"scent-recommendations","embeddable":true,"href":"https:\/\/kodointernational.com\/vi\/wp-json\/wp\/v2\/scent-recommendations?post=11373"},{"taxonomy":"scent-pyramid","embeddable":true,"href":"https:\/\/kodointernational.com\/vi\/wp-json\/wp\/v2\/scent-pyramid?post=11373"}],"curies":[{"name":"wp","href":"https:\/\/api.w.org\/{rel}","templated":true}]}}