{"id":11369,"date":"2023-06-02T17:47:28","date_gmt":"2023-06-02T10:47:28","guid":{"rendered":"https:\/\/kodointernational.com\/?post_type=product&#038;p=11369"},"modified":"2024-08-11T11:11:58","modified_gmt":"2024-08-11T04:11:58","slug":"tinh-dau-thao-moc-tri-lieu-ya-hom","status":"publish","type":"product","link":"https:\/\/kodointernational.com\/vi\/product\/tinh-dau-thao-moc-tri-lieu-ya-hom\/","title":{"rendered":"Tinh D\u1ea7u Th\u1ea3o M\u1ed9c Tr\u1ecb Li\u1ec7u Ya Hom"},"content":{"rendered":"","protected":false},"excerpt":{"rendered":"<p>Tinh d\u1ea7u Ya Hom \u0111\u01b0\u1ee3c chi\u1ebft xu\u1ea5t t\u1eeb m\u1ed9t lo\u1ea1t c\u00e1c th\u1ea3o d\u01b0\u1ee3c v\u00e0 c\u00e2y c\u1ecf c\u00f3 t\u00ednh ch\u1ea5t tr\u1ecb li\u1ec7u. C\u00e1c th\u00e0nh ph\u1ea7n n\u00e0y \u0111\u01b0\u1ee3c ch\u1ecdn l\u1ecdc v\u00e0 k\u1ebft h\u1ee3p \u0111\u1ec3 t\u1ea1o ra m\u1ed9t s\u1ef1 pha tr\u1ed9n \u0111\u1ed9c \u0111\u00e1o c\u00f3 t\u00e1c d\u1ee5ng tr\u1ecb li\u1ec7u. \u201cYa Hom\u201d l\u00e0 t\u00ean g\u1ecdi trong ti\u1ebfng Th\u00e1i Lan v\u00e0 \u0111\u01b0\u1ee3c d\u00f9ng \u0111\u1ec3 ch\u1ec9 lo\u1ea1i tinh d\u1ea7u n\u00e0y.<\/p>\n","protected":false},"featured_media":13538,"comment_status":"open","ping_status":"closed","template":"","meta":[],"etheme_brands":[],"product_cat":[713],"product_tag":[],"scent-family":[],"diffusion-area":[],"scent-intensity":[],"scent-recommendations":[],"scent-pyramid":[],"class_list":{"0":"post-11369","1":"product","2":"type-product","3":"status-publish","4":"has-post-thumbnail","6":"product_cat-tinh-dau-thien-nhien","8":"first","9":"instock","10":"shipping-taxable","11":"purchasable","12":"product-type-simple"},"acf":[],"_links":{"self":[{"href":"https:\/\/kodointernational.com\/vi\/wp-json\/wp\/v2\/product\/11369","targetHints":{"allow":["GET"]}}],"collection":[{"href":"https:\/\/kodointernational.com\/vi\/wp-json\/wp\/v2\/product"}],"about":[{"href":"https:\/\/kodointernational.com\/vi\/wp-json\/wp\/v2\/types\/product"}],"replies":[{"embeddable":true,"href":"https:\/\/kodointernational.com\/vi\/wp-json\/wp\/v2\/comments?post=11369"}],"version-history":[{"count":0,"href":"https:\/\/kodointernational.com\/vi\/wp-json\/wp\/v2\/product\/11369\/revisions"}],"wp:featuredmedia":[{"embeddable":true,"href":"https:\/\/kodointernational.com\/vi\/wp-json\/wp\/v2\/media\/13538"}],"wp:attachment":[{"href":"https:\/\/kodointernational.com\/vi\/wp-json\/wp\/v2\/media?parent=11369"}],"wp:term":[{"taxonomy":"brand","embeddable":true,"href":"https:\/\/kodointernational.com\/vi\/wp-json\/wp\/v2\/etheme_brands?post=11369"},{"taxonomy":"product_cat","embeddable":true,"href":"https:\/\/kodointernational.com\/vi\/wp-json\/wp\/v2\/product_cat?post=11369"},{"taxonomy":"product_tag","embeddable":true,"href":"https:\/\/kodointernational.com\/vi\/wp-json\/wp\/v2\/product_tag?post=11369"},{"taxonomy":"scent-family","embeddable":true,"href":"https:\/\/kodointernational.com\/vi\/wp-json\/wp\/v2\/scent-family?post=11369"},{"taxonomy":"diffusion-area","embeddable":true,"href":"https:\/\/kodointernational.com\/vi\/wp-json\/wp\/v2\/diffusion-area?post=11369"},{"taxonomy":"scent-intensity","embeddable":true,"href":"https:\/\/kodointernational.com\/vi\/wp-json\/wp\/v2\/scent-intensity?post=11369"},{"taxonomy":"scent-recommendations","embeddable":true,"href":"https:\/\/kodointernational.com\/vi\/wp-json\/wp\/v2\/scent-recommendations?post=11369"},{"taxonomy":"scent-pyramid","embeddable":true,"href":"https:\/\/kodointernational.com\/vi\/wp-json\/wp\/v2\/scent-pyramid?post=11369"}],"curies":[{"name":"wp","href":"https:\/\/api.w.org\/{rel}","templated":true}]}}