{"id":11365,"date":"2023-06-02T17:45:26","date_gmt":"2023-06-02T10:45:26","guid":{"rendered":"https:\/\/kodointernational.com\/?post_type=product&#038;p=11365"},"modified":"2024-08-09T12:47:40","modified_gmt":"2024-08-09T05:47:40","slug":"tinh-dau-thao-moc-tri-lieu-sang-pure","status":"publish","type":"product","link":"https:\/\/kodointernational.com\/vi\/product\/tinh-dau-thao-moc-tri-lieu-sang-pure\/","title":{"rendered":"Tinh D\u1ea7u Th\u1ea3o M\u1ed9c Tr\u1ecb Li\u1ec7u Sang Pure"},"content":{"rendered":"","protected":false},"excerpt":{"rendered":"<p>Tinh d\u1ea7u th\u1ea3o m\u1ed9c tr\u1ecb li\u1ec7u Sang Pure \u0111\u01b0\u1ee3c chi\u1ebft xu\u1ea5t t\u1eeb c\u00e1c lo\u1ea1i th\u1ea3o m\u1ed9c. Tinh d\u1ea7u thi\u00ean nhi\u00ean Sang Pure c\u00f3 t\u00e1c d\u1ee5ng tr\u1ecb li\u1ec7u v\u00e0 \u0111em l\u1ea1i l\u1ee3i \u00edch cho c\u01a1 th\u1ec3 v\u00e0 t\u00e2m tr\u1ea1ng. T\u1ea1o h\u01b0\u01a1ng th\u01a1m trong kh\u00f4ng gian s\u1ed1ng gi\u00fap th\u01b0 gi\u00e3n v\u00e0 gi\u1ea3m c\u0103ng th\u1eb3ng.<\/p>\n","protected":false},"featured_media":13528,"comment_status":"open","ping_status":"closed","template":"","meta":[],"etheme_brands":[],"product_cat":[713],"product_tag":[],"scent-family":[],"diffusion-area":[],"scent-intensity":[],"scent-recommendations":[],"scent-pyramid":[],"class_list":{"0":"post-11365","1":"product","2":"type-product","3":"status-publish","4":"has-post-thumbnail","6":"product_cat-tinh-dau-thien-nhien","8":"first","9":"instock","10":"shipping-taxable","11":"purchasable","12":"product-type-simple"},"acf":[],"_links":{"self":[{"href":"https:\/\/kodointernational.com\/vi\/wp-json\/wp\/v2\/product\/11365","targetHints":{"allow":["GET"]}}],"collection":[{"href":"https:\/\/kodointernational.com\/vi\/wp-json\/wp\/v2\/product"}],"about":[{"href":"https:\/\/kodointernational.com\/vi\/wp-json\/wp\/v2\/types\/product"}],"replies":[{"embeddable":true,"href":"https:\/\/kodointernational.com\/vi\/wp-json\/wp\/v2\/comments?post=11365"}],"version-history":[{"count":0,"href":"https:\/\/kodointernational.com\/vi\/wp-json\/wp\/v2\/product\/11365\/revisions"}],"wp:featuredmedia":[{"embeddable":true,"href":"https:\/\/kodointernational.com\/vi\/wp-json\/wp\/v2\/media\/13528"}],"wp:attachment":[{"href":"https:\/\/kodointernational.com\/vi\/wp-json\/wp\/v2\/media?parent=11365"}],"wp:term":[{"taxonomy":"brand","embeddable":true,"href":"https:\/\/kodointernational.com\/vi\/wp-json\/wp\/v2\/etheme_brands?post=11365"},{"taxonomy":"product_cat","embeddable":true,"href":"https:\/\/kodointernational.com\/vi\/wp-json\/wp\/v2\/product_cat?post=11365"},{"taxonomy":"product_tag","embeddable":true,"href":"https:\/\/kodointernational.com\/vi\/wp-json\/wp\/v2\/product_tag?post=11365"},{"taxonomy":"scent-family","embeddable":true,"href":"https:\/\/kodointernational.com\/vi\/wp-json\/wp\/v2\/scent-family?post=11365"},{"taxonomy":"diffusion-area","embeddable":true,"href":"https:\/\/kodointernational.com\/vi\/wp-json\/wp\/v2\/diffusion-area?post=11365"},{"taxonomy":"scent-intensity","embeddable":true,"href":"https:\/\/kodointernational.com\/vi\/wp-json\/wp\/v2\/scent-intensity?post=11365"},{"taxonomy":"scent-recommendations","embeddable":true,"href":"https:\/\/kodointernational.com\/vi\/wp-json\/wp\/v2\/scent-recommendations?post=11365"},{"taxonomy":"scent-pyramid","embeddable":true,"href":"https:\/\/kodointernational.com\/vi\/wp-json\/wp\/v2\/scent-pyramid?post=11365"}],"curies":[{"name":"wp","href":"https:\/\/api.w.org\/{rel}","templated":true}]}}