{"id":11361,"date":"2023-06-02T17:43:44","date_gmt":"2023-06-02T10:43:44","guid":{"rendered":"https:\/\/kodointernational.com\/?post_type=product&#038;p=11361"},"modified":"2024-08-09T12:47:41","modified_gmt":"2024-08-09T05:47:41","slug":"tinh-dau-huong-thao-hoa-oai-huong","status":"publish","type":"product","link":"https:\/\/kodointernational.com\/vi\/product\/tinh-dau-huong-thao-hoa-oai-huong\/","title":{"rendered":"Tinh D\u1ea7u H\u01b0\u01a1ng Th\u1ea3o &#038; Hoa O\u1ea3i H\u01b0\u01a1ng"},"content":{"rendered":"","protected":false},"excerpt":{"rendered":"<p><span style=\"font-weight: 400;\">Tinh d\u1ea7u h\u01b0\u01a1ng th\u1ea3o v\u00e0 hoa o\u1ea3i h\u01b0\u01a1ng l\u00e0 m\u1ed9t s\u1ef1 k\u1ebft h\u1ee3p gi\u1eefa tinh d\u1ea7u h\u01b0\u01a1ng th\u1ea3o (rosemary) v\u00e0 tinh d\u1ea7u hoa o\u1ea3i h\u01b0\u01a1ng (lavender). \u0110\u00e2y l\u00e0 m\u1ed9t h\u1ed7n h\u1ee3p tinh d\u1ea7u th\u1ea3o m\u1ed9c ph\u1ed5 bi\u1ebfn v\u00e0 mang l\u1ea1i nhi\u1ec1u l\u1ee3i \u00edch cho s\u1ee9c kh\u1ecfe c\u1ea3i thi\u1ec7n t\u1ed1t t\u00e2m tr\u1ea1ng<\/span><\/p>\n","protected":false},"featured_media":13526,"comment_status":"open","ping_status":"closed","template":"","meta":[],"etheme_brands":[],"product_cat":[713],"product_tag":[],"scent-family":[],"diffusion-area":[],"scent-intensity":[],"scent-recommendations":[],"scent-pyramid":[],"class_list":{"0":"post-11361","1":"product","2":"type-product","3":"status-publish","4":"has-post-thumbnail","6":"product_cat-tinh-dau-thien-nhien","8":"first","9":"instock","10":"shipping-taxable","11":"purchasable","12":"product-type-simple"},"acf":[],"_links":{"self":[{"href":"https:\/\/kodointernational.com\/vi\/wp-json\/wp\/v2\/product\/11361","targetHints":{"allow":["GET"]}}],"collection":[{"href":"https:\/\/kodointernational.com\/vi\/wp-json\/wp\/v2\/product"}],"about":[{"href":"https:\/\/kodointernational.com\/vi\/wp-json\/wp\/v2\/types\/product"}],"replies":[{"embeddable":true,"href":"https:\/\/kodointernational.com\/vi\/wp-json\/wp\/v2\/comments?post=11361"}],"version-history":[{"count":0,"href":"https:\/\/kodointernational.com\/vi\/wp-json\/wp\/v2\/product\/11361\/revisions"}],"wp:featuredmedia":[{"embeddable":true,"href":"https:\/\/kodointernational.com\/vi\/wp-json\/wp\/v2\/media\/13526"}],"wp:attachment":[{"href":"https:\/\/kodointernational.com\/vi\/wp-json\/wp\/v2\/media?parent=11361"}],"wp:term":[{"taxonomy":"brand","embeddable":true,"href":"https:\/\/kodointernational.com\/vi\/wp-json\/wp\/v2\/etheme_brands?post=11361"},{"taxonomy":"product_cat","embeddable":true,"href":"https:\/\/kodointernational.com\/vi\/wp-json\/wp\/v2\/product_cat?post=11361"},{"taxonomy":"product_tag","embeddable":true,"href":"https:\/\/kodointernational.com\/vi\/wp-json\/wp\/v2\/product_tag?post=11361"},{"taxonomy":"scent-family","embeddable":true,"href":"https:\/\/kodointernational.com\/vi\/wp-json\/wp\/v2\/scent-family?post=11361"},{"taxonomy":"diffusion-area","embeddable":true,"href":"https:\/\/kodointernational.com\/vi\/wp-json\/wp\/v2\/diffusion-area?post=11361"},{"taxonomy":"scent-intensity","embeddable":true,"href":"https:\/\/kodointernational.com\/vi\/wp-json\/wp\/v2\/scent-intensity?post=11361"},{"taxonomy":"scent-recommendations","embeddable":true,"href":"https:\/\/kodointernational.com\/vi\/wp-json\/wp\/v2\/scent-recommendations?post=11361"},{"taxonomy":"scent-pyramid","embeddable":true,"href":"https:\/\/kodointernational.com\/vi\/wp-json\/wp\/v2\/scent-pyramid?post=11361"}],"curies":[{"name":"wp","href":"https:\/\/api.w.org\/{rel}","templated":true}]}}