{"id":11357,"date":"2023-06-02T17:38:15","date_gmt":"2023-06-02T10:38:15","guid":{"rendered":"https:\/\/kodointernational.com\/?post_type=product&#038;p=11357"},"modified":"2024-08-09T12:47:41","modified_gmt":"2024-08-09T05:47:41","slug":"tinh-dau-ngoc-lan-tay-go","status":"publish","type":"product","link":"https:\/\/kodointernational.com\/vi\/product\/tinh-dau-ngoc-lan-tay-go\/","title":{"rendered":"Tinh D\u1ea7u Ng\u1ecdc Lan T\u00e2y &#038; G\u1ed7"},"content":{"rendered":"","protected":false},"excerpt":{"rendered":"<p><span style=\"font-weight: 400;\">Tinh d\u1ea7u Ng\u1ecdc lan t\u00e2y &amp; g\u1ed7 l\u00e0 m\u1ed9t lo\u1ea1i tinh d\u1ea7u \u0111\u01b0\u1ee3c chi\u1ebft xu\u1ea5t t\u1eeb hoa Ng\u1ecdc lan t\u00e2y v\u00e0 g\u1ed7. \u0110\u00e2y l\u00e0 m\u1ed9t h\u1ed7n h\u1ee3p tinh d\u1ea7u mang \u0111\u1ebfn m\u1ed9t h\u01b0\u01a1ng th\u01a1m \u0111\u1ed9c \u0111\u00e1o v\u00e0 phong ph\u00fa. Tinh d\u1ea7u Ng\u1ecdc lan t\u00e2y &amp; g\u1ed7 c\u00f3 m\u1ed9t m\u00f9i h\u01b0\u01a1ng \u1ea5m \u00e1p, ng\u1ecdt ng\u00e0o v\u00e0 b\u00ed \u1ea9n<\/span><\/p>\n","protected":false},"featured_media":13536,"comment_status":"open","ping_status":"closed","template":"","meta":[],"etheme_brands":[],"product_cat":[713],"product_tag":[],"scent-family":[],"diffusion-area":[],"scent-intensity":[],"scent-recommendations":[],"scent-pyramid":[],"class_list":{"0":"post-11357","1":"product","2":"type-product","3":"status-publish","4":"has-post-thumbnail","6":"product_cat-tinh-dau-thien-nhien","8":"first","9":"instock","10":"shipping-taxable","11":"purchasable","12":"product-type-simple"},"acf":[],"_links":{"self":[{"href":"https:\/\/kodointernational.com\/vi\/wp-json\/wp\/v2\/product\/11357","targetHints":{"allow":["GET"]}}],"collection":[{"href":"https:\/\/kodointernational.com\/vi\/wp-json\/wp\/v2\/product"}],"about":[{"href":"https:\/\/kodointernational.com\/vi\/wp-json\/wp\/v2\/types\/product"}],"replies":[{"embeddable":true,"href":"https:\/\/kodointernational.com\/vi\/wp-json\/wp\/v2\/comments?post=11357"}],"version-history":[{"count":0,"href":"https:\/\/kodointernational.com\/vi\/wp-json\/wp\/v2\/product\/11357\/revisions"}],"wp:featuredmedia":[{"embeddable":true,"href":"https:\/\/kodointernational.com\/vi\/wp-json\/wp\/v2\/media\/13536"}],"wp:attachment":[{"href":"https:\/\/kodointernational.com\/vi\/wp-json\/wp\/v2\/media?parent=11357"}],"wp:term":[{"taxonomy":"brand","embeddable":true,"href":"https:\/\/kodointernational.com\/vi\/wp-json\/wp\/v2\/etheme_brands?post=11357"},{"taxonomy":"product_cat","embeddable":true,"href":"https:\/\/kodointernational.com\/vi\/wp-json\/wp\/v2\/product_cat?post=11357"},{"taxonomy":"product_tag","embeddable":true,"href":"https:\/\/kodointernational.com\/vi\/wp-json\/wp\/v2\/product_tag?post=11357"},{"taxonomy":"scent-family","embeddable":true,"href":"https:\/\/kodointernational.com\/vi\/wp-json\/wp\/v2\/scent-family?post=11357"},{"taxonomy":"diffusion-area","embeddable":true,"href":"https:\/\/kodointernational.com\/vi\/wp-json\/wp\/v2\/diffusion-area?post=11357"},{"taxonomy":"scent-intensity","embeddable":true,"href":"https:\/\/kodointernational.com\/vi\/wp-json\/wp\/v2\/scent-intensity?post=11357"},{"taxonomy":"scent-recommendations","embeddable":true,"href":"https:\/\/kodointernational.com\/vi\/wp-json\/wp\/v2\/scent-recommendations?post=11357"},{"taxonomy":"scent-pyramid","embeddable":true,"href":"https:\/\/kodointernational.com\/vi\/wp-json\/wp\/v2\/scent-pyramid?post=11357"}],"curies":[{"name":"wp","href":"https:\/\/api.w.org\/{rel}","templated":true}]}}