{"id":11241,"date":"2023-06-01T16:26:29","date_gmt":"2023-06-01T09:26:29","guid":{"rendered":"https:\/\/kodointernational.com\/?post_type=product&#038;p=11241"},"modified":"2024-08-09T12:47:42","modified_gmt":"2024-08-09T05:47:42","slug":"tinh-dau-thai-spa","status":"publish","type":"product","link":"https:\/\/kodointernational.com\/vi\/product\/tinh-dau-thai-spa\/","title":{"rendered":"Tinh D\u1ea7u Th\u00e1i Spa"},"content":{"rendered":"","protected":false},"excerpt":{"rendered":"<p>Tinh d\u1ea7u Thai Spa l\u00e0 m\u1ed9t lo\u1ea1i tinh d\u1ea7u \u0111\u01b0\u1ee3c l\u1ea5y c\u1ea3m h\u1ee9ng t\u1eeb c\u00e1c ph\u01b0\u01a1ng ph\u00e1p ch\u0103m s\u00f3c s\u1ee9c kh\u1ecfe v\u00e0 l\u00e0m \u0111\u1eb9p truy\u1ec1n th\u1ed1ng c\u1ee7a Th\u00e1i Lan, \u0111\u01b0\u1ee3c pha tr\u1ed9n t\u1eeb c\u00e1c lo\u1ea1i tinh d\u1ea7u th\u1ea3o m\u1ed9c v\u00e0 c\u00e1c th\u00e0nh ph\u1ea7n t\u1ef1 nhi\u00ean kh\u00e1c \u0111\u1ec3 t\u1ea1o ra m\u1ed9t h\u01b0\u01a1ng th\u01a1m \u0111\u1eb7c tr\u01b0ng.<\/p>\n","protected":false},"featured_media":13534,"comment_status":"open","ping_status":"closed","template":"","meta":[],"etheme_brands":[],"product_cat":[713],"product_tag":[],"scent-family":[],"diffusion-area":[],"scent-intensity":[],"scent-recommendations":[],"scent-pyramid":[],"class_list":{"0":"post-11241","1":"product","2":"type-product","3":"status-publish","4":"has-post-thumbnail","6":"product_cat-tinh-dau-thien-nhien","7":"pa_dung-tich-10ml","8":"pa_dung-tich-110ml","10":"first","11":"instock","12":"shipping-taxable","13":"purchasable","14":"product-type-simple"},"acf":[],"_links":{"self":[{"href":"https:\/\/kodointernational.com\/vi\/wp-json\/wp\/v2\/product\/11241","targetHints":{"allow":["GET"]}}],"collection":[{"href":"https:\/\/kodointernational.com\/vi\/wp-json\/wp\/v2\/product"}],"about":[{"href":"https:\/\/kodointernational.com\/vi\/wp-json\/wp\/v2\/types\/product"}],"replies":[{"embeddable":true,"href":"https:\/\/kodointernational.com\/vi\/wp-json\/wp\/v2\/comments?post=11241"}],"version-history":[{"count":0,"href":"https:\/\/kodointernational.com\/vi\/wp-json\/wp\/v2\/product\/11241\/revisions"}],"wp:featuredmedia":[{"embeddable":true,"href":"https:\/\/kodointernational.com\/vi\/wp-json\/wp\/v2\/media\/13534"}],"wp:attachment":[{"href":"https:\/\/kodointernational.com\/vi\/wp-json\/wp\/v2\/media?parent=11241"}],"wp:term":[{"taxonomy":"brand","embeddable":true,"href":"https:\/\/kodointernational.com\/vi\/wp-json\/wp\/v2\/etheme_brands?post=11241"},{"taxonomy":"product_cat","embeddable":true,"href":"https:\/\/kodointernational.com\/vi\/wp-json\/wp\/v2\/product_cat?post=11241"},{"taxonomy":"product_tag","embeddable":true,"href":"https:\/\/kodointernational.com\/vi\/wp-json\/wp\/v2\/product_tag?post=11241"},{"taxonomy":"scent-family","embeddable":true,"href":"https:\/\/kodointernational.com\/vi\/wp-json\/wp\/v2\/scent-family?post=11241"},{"taxonomy":"diffusion-area","embeddable":true,"href":"https:\/\/kodointernational.com\/vi\/wp-json\/wp\/v2\/diffusion-area?post=11241"},{"taxonomy":"scent-intensity","embeddable":true,"href":"https:\/\/kodointernational.com\/vi\/wp-json\/wp\/v2\/scent-intensity?post=11241"},{"taxonomy":"scent-recommendations","embeddable":true,"href":"https:\/\/kodointernational.com\/vi\/wp-json\/wp\/v2\/scent-recommendations?post=11241"},{"taxonomy":"scent-pyramid","embeddable":true,"href":"https:\/\/kodointernational.com\/vi\/wp-json\/wp\/v2\/scent-pyramid?post=11241"}],"curies":[{"name":"wp","href":"https:\/\/api.w.org\/{rel}","templated":true}]}}