{"id":11223,"date":"2023-06-01T16:15:44","date_gmt":"2023-06-01T09:15:44","guid":{"rendered":"https:\/\/kodointernational.com\/?post_type=product&#038;p=11223"},"modified":"2024-08-09T12:47:43","modified_gmt":"2024-08-09T05:47:43","slug":"tinh-dau-sa-java-thao-moc","status":"publish","type":"product","link":"https:\/\/kodointernational.com\/vi\/product\/tinh-dau-sa-java-thao-moc\/","title":{"rendered":"Tinh D\u1ea7u S\u1ea3 Java &#038; Th\u1ea3o M\u1ed9c"},"content":{"rendered":"","protected":false},"excerpt":{"rendered":"<p><span style=\"font-weight: 400;\">Tinh d\u1ea7u S\u1ea3 Java &amp; Th\u1ea3o m\u1ed9c l\u00e0 m\u1ed9t trong nh\u1eefng s\u1ea3n ph\u1ea9m tinh d\u1ea7u ph\u1ed5 bi\u1ebfn v\u00e0 \u0111\u01b0\u1ee3c \u01b0a chu\u1ed9ng c\u1ee7a Kodo. V\u1edbi m\u00f9i h\u01b0\u01a1ng t\u01b0\u01a1i m\u00e1t v\u00e0 s\u1ea3ng kho\u00e1i c\u1ee7a b\u1ea1c h\u00e0 v\u00e0 th\u1ea3o d\u01b0\u1ee3c th\u01b0 th\u00e1i mang \u0111\u1ebfn kh\u00f4ng ch\u1ec9 s\u1ef1 th\u01b0 gi\u00e3n m\u00e0 c\u00f2n nhi\u1ec1u l\u1ee3i \u00edch kh\u00e1c.<\/span><\/p>\n","protected":false},"featured_media":13490,"comment_status":"open","ping_status":"closed","template":"","meta":[],"etheme_brands":[],"product_cat":[713],"product_tag":[],"scent-family":[],"diffusion-area":[],"scent-intensity":[],"scent-recommendations":[],"scent-pyramid":[],"class_list":{"0":"post-11223","1":"product","2":"type-product","3":"status-publish","4":"has-post-thumbnail","6":"product_cat-tinh-dau-thien-nhien","7":"pa_dung-tich-10ml","8":"pa_dung-tich-110ml","10":"first","11":"instock","12":"shipping-taxable","13":"purchasable","14":"product-type-simple"},"acf":[],"_links":{"self":[{"href":"https:\/\/kodointernational.com\/vi\/wp-json\/wp\/v2\/product\/11223","targetHints":{"allow":["GET"]}}],"collection":[{"href":"https:\/\/kodointernational.com\/vi\/wp-json\/wp\/v2\/product"}],"about":[{"href":"https:\/\/kodointernational.com\/vi\/wp-json\/wp\/v2\/types\/product"}],"replies":[{"embeddable":true,"href":"https:\/\/kodointernational.com\/vi\/wp-json\/wp\/v2\/comments?post=11223"}],"version-history":[{"count":0,"href":"https:\/\/kodointernational.com\/vi\/wp-json\/wp\/v2\/product\/11223\/revisions"}],"wp:featuredmedia":[{"embeddable":true,"href":"https:\/\/kodointernational.com\/vi\/wp-json\/wp\/v2\/media\/13490"}],"wp:attachment":[{"href":"https:\/\/kodointernational.com\/vi\/wp-json\/wp\/v2\/media?parent=11223"}],"wp:term":[{"taxonomy":"brand","embeddable":true,"href":"https:\/\/kodointernational.com\/vi\/wp-json\/wp\/v2\/etheme_brands?post=11223"},{"taxonomy":"product_cat","embeddable":true,"href":"https:\/\/kodointernational.com\/vi\/wp-json\/wp\/v2\/product_cat?post=11223"},{"taxonomy":"product_tag","embeddable":true,"href":"https:\/\/kodointernational.com\/vi\/wp-json\/wp\/v2\/product_tag?post=11223"},{"taxonomy":"scent-family","embeddable":true,"href":"https:\/\/kodointernational.com\/vi\/wp-json\/wp\/v2\/scent-family?post=11223"},{"taxonomy":"diffusion-area","embeddable":true,"href":"https:\/\/kodointernational.com\/vi\/wp-json\/wp\/v2\/diffusion-area?post=11223"},{"taxonomy":"scent-intensity","embeddable":true,"href":"https:\/\/kodointernational.com\/vi\/wp-json\/wp\/v2\/scent-intensity?post=11223"},{"taxonomy":"scent-recommendations","embeddable":true,"href":"https:\/\/kodointernational.com\/vi\/wp-json\/wp\/v2\/scent-recommendations?post=11223"},{"taxonomy":"scent-pyramid","embeddable":true,"href":"https:\/\/kodointernational.com\/vi\/wp-json\/wp\/v2\/scent-pyramid?post=11223"}],"curies":[{"name":"wp","href":"https:\/\/api.w.org\/{rel}","templated":true}]}}