{"id":11217,"date":"2023-06-01T16:05:45","date_gmt":"2023-06-01T09:05:45","guid":{"rendered":"https:\/\/kodointernational.com\/?post_type=product&#038;p=11217"},"modified":"2024-08-11T11:45:21","modified_gmt":"2024-08-11T04:45:21","slug":"tinh-dau-hoa-hoi","status":"publish","type":"product","link":"https:\/\/kodointernational.com\/vi\/product\/tinh-dau-hoa-hoi\/","title":{"rendered":"Tinh D\u1ea7u Hoa H\u1ed3i"},"content":{"rendered":"","protected":false},"excerpt":{"rendered":"<p style=\"text-align: justify;\"><span style=\"font-weight: 400; font-size: 12pt;\">Tinh d\u1ea7u nguy\u00ean ch\u1ea5t hoa h\u1ed3i Anise \u0111\u01b0\u1ee3c chi\u1ebft xu\u1ea5t t\u1eeb hoa h\u1ed3i, mang m\u00f9i h\u01b0\u01a1ng \u0111\u1eb7c tr\u01b0ng. Ngo\u00e0i ra, n\u00f3 c\u00f2n c\u00f3 r\u1ea5t nhi\u1ec1u t\u00e1c d\u1ee5ng kh\u00e1c nh\u01b0 gi\u1ea3m \u0111\u1ed9ng kinh, t\u0103ng h\u01b0\u01a1ng v\u1ecb m\u00f3n \u0103n, h\u1ed7 tr\u1ee3 \u0111\u01b0\u1eddng h\u00f4 h\u1ea5p v\u00e0 h\u1ec7 ti\u00eau h\u00f3a hi\u1ec7u qu\u1ea3.<\/span><\/p>\n","protected":false},"featured_media":13486,"comment_status":"open","ping_status":"closed","template":"","meta":[],"etheme_brands":[],"product_cat":[713],"product_tag":[],"scent-family":[],"diffusion-area":[],"scent-intensity":[],"scent-recommendations":[],"scent-pyramid":[],"class_list":{"0":"post-11217","1":"product","2":"type-product","3":"status-publish","4":"has-post-thumbnail","6":"product_cat-tinh-dau-thien-nhien","7":"pa_dung-tich-10ml","8":"pa_dung-tich-110ml","10":"first","11":"instock","12":"shipping-taxable","13":"purchasable","14":"product-type-simple"},"acf":[],"_links":{"self":[{"href":"https:\/\/kodointernational.com\/vi\/wp-json\/wp\/v2\/product\/11217","targetHints":{"allow":["GET"]}}],"collection":[{"href":"https:\/\/kodointernational.com\/vi\/wp-json\/wp\/v2\/product"}],"about":[{"href":"https:\/\/kodointernational.com\/vi\/wp-json\/wp\/v2\/types\/product"}],"replies":[{"embeddable":true,"href":"https:\/\/kodointernational.com\/vi\/wp-json\/wp\/v2\/comments?post=11217"}],"version-history":[{"count":0,"href":"https:\/\/kodointernational.com\/vi\/wp-json\/wp\/v2\/product\/11217\/revisions"}],"wp:featuredmedia":[{"embeddable":true,"href":"https:\/\/kodointernational.com\/vi\/wp-json\/wp\/v2\/media\/13486"}],"wp:attachment":[{"href":"https:\/\/kodointernational.com\/vi\/wp-json\/wp\/v2\/media?parent=11217"}],"wp:term":[{"taxonomy":"brand","embeddable":true,"href":"https:\/\/kodointernational.com\/vi\/wp-json\/wp\/v2\/etheme_brands?post=11217"},{"taxonomy":"product_cat","embeddable":true,"href":"https:\/\/kodointernational.com\/vi\/wp-json\/wp\/v2\/product_cat?post=11217"},{"taxonomy":"product_tag","embeddable":true,"href":"https:\/\/kodointernational.com\/vi\/wp-json\/wp\/v2\/product_tag?post=11217"},{"taxonomy":"scent-family","embeddable":true,"href":"https:\/\/kodointernational.com\/vi\/wp-json\/wp\/v2\/scent-family?post=11217"},{"taxonomy":"diffusion-area","embeddable":true,"href":"https:\/\/kodointernational.com\/vi\/wp-json\/wp\/v2\/diffusion-area?post=11217"},{"taxonomy":"scent-intensity","embeddable":true,"href":"https:\/\/kodointernational.com\/vi\/wp-json\/wp\/v2\/scent-intensity?post=11217"},{"taxonomy":"scent-recommendations","embeddable":true,"href":"https:\/\/kodointernational.com\/vi\/wp-json\/wp\/v2\/scent-recommendations?post=11217"},{"taxonomy":"scent-pyramid","embeddable":true,"href":"https:\/\/kodointernational.com\/vi\/wp-json\/wp\/v2\/scent-pyramid?post=11217"}],"curies":[{"name":"wp","href":"https:\/\/api.w.org\/{rel}","templated":true}]}}