{"id":11211,"date":"2023-06-01T16:02:48","date_gmt":"2023-06-01T09:02:48","guid":{"rendered":"https:\/\/kodointernational.com\/?post_type=product&#038;p=11211"},"modified":"2024-08-09T12:47:44","modified_gmt":"2024-08-09T05:47:44","slug":"tinh-dau-gung-thai","status":"publish","type":"product","link":"https:\/\/kodointernational.com\/vi\/product\/tinh-dau-gung-thai\/","title":{"rendered":"Tinh D\u1ea7u G\u1eebng Th\u00e1i"},"content":{"rendered":"","protected":false},"excerpt":{"rendered":"<p><span style=\"font-weight: 400;\">Tinh d\u1ea7u g\u1eebng Ginger mang m\u00f9i th\u01a1m nh\u1eb9 nh\u00e0ng, cay v\u00e0 \u1ea5m, \u0111\u01b0\u1ee3c s\u1eed d\u1ee5ng \u0111\u1ec3 c\u00e2n b\u1eb1ng t\u00e2m tr\u1ea1ng, t\u0103ng c\u01b0\u1eddng n\u0103ng l\u01b0\u1ee3ng t\u00edch c\u1ef1c. \u0110\u1eb7c bi\u1ec7t, tinh d\u1ea7u g\u1eebng c\u00f3 t\u00e1c d\u1ee5ng t\u1ed1t cho h\u1ec7 ti\u00eau ho\u00e1, h\u00f4 h\u1ea5p, gi\u1ea3m ho, c\u1ea3m c\u00fam,.. V\u1edbi t\u00ednh n\u0103ng \u1ea5m n\u00f3ng t\u1ef1 nhi\u00ean, tinh d\u1ea7u g\u1eebng r\u1ea5t h\u1eefu \u00edch trong vi\u1ec7c massage l\u00e0m \u1ea5m c\u01a1 th\u1ec3.<\/span><\/p>\n","protected":false},"featured_media":13504,"comment_status":"open","ping_status":"closed","template":"","meta":[],"etheme_brands":[],"product_cat":[713],"product_tag":[],"scent-family":[],"diffusion-area":[],"scent-intensity":[],"scent-recommendations":[],"scent-pyramid":[],"class_list":{"0":"post-11211","1":"product","2":"type-product","3":"status-publish","4":"has-post-thumbnail","6":"product_cat-tinh-dau-thien-nhien","7":"pa_dung-tich-10ml","8":"pa_dung-tich-110ml","10":"first","11":"instock","12":"shipping-taxable","13":"purchasable","14":"product-type-simple"},"acf":[],"_links":{"self":[{"href":"https:\/\/kodointernational.com\/vi\/wp-json\/wp\/v2\/product\/11211","targetHints":{"allow":["GET"]}}],"collection":[{"href":"https:\/\/kodointernational.com\/vi\/wp-json\/wp\/v2\/product"}],"about":[{"href":"https:\/\/kodointernational.com\/vi\/wp-json\/wp\/v2\/types\/product"}],"replies":[{"embeddable":true,"href":"https:\/\/kodointernational.com\/vi\/wp-json\/wp\/v2\/comments?post=11211"}],"version-history":[{"count":0,"href":"https:\/\/kodointernational.com\/vi\/wp-json\/wp\/v2\/product\/11211\/revisions"}],"wp:featuredmedia":[{"embeddable":true,"href":"https:\/\/kodointernational.com\/vi\/wp-json\/wp\/v2\/media\/13504"}],"wp:attachment":[{"href":"https:\/\/kodointernational.com\/vi\/wp-json\/wp\/v2\/media?parent=11211"}],"wp:term":[{"taxonomy":"brand","embeddable":true,"href":"https:\/\/kodointernational.com\/vi\/wp-json\/wp\/v2\/etheme_brands?post=11211"},{"taxonomy":"product_cat","embeddable":true,"href":"https:\/\/kodointernational.com\/vi\/wp-json\/wp\/v2\/product_cat?post=11211"},{"taxonomy":"product_tag","embeddable":true,"href":"https:\/\/kodointernational.com\/vi\/wp-json\/wp\/v2\/product_tag?post=11211"},{"taxonomy":"scent-family","embeddable":true,"href":"https:\/\/kodointernational.com\/vi\/wp-json\/wp\/v2\/scent-family?post=11211"},{"taxonomy":"diffusion-area","embeddable":true,"href":"https:\/\/kodointernational.com\/vi\/wp-json\/wp\/v2\/diffusion-area?post=11211"},{"taxonomy":"scent-intensity","embeddable":true,"href":"https:\/\/kodointernational.com\/vi\/wp-json\/wp\/v2\/scent-intensity?post=11211"},{"taxonomy":"scent-recommendations","embeddable":true,"href":"https:\/\/kodointernational.com\/vi\/wp-json\/wp\/v2\/scent-recommendations?post=11211"},{"taxonomy":"scent-pyramid","embeddable":true,"href":"https:\/\/kodointernational.com\/vi\/wp-json\/wp\/v2\/scent-pyramid?post=11211"}],"curies":[{"name":"wp","href":"https:\/\/api.w.org\/{rel}","templated":true}]}}