{"id":11199,"date":"2023-06-01T15:57:45","date_gmt":"2023-06-01T08:57:45","guid":{"rendered":"https:\/\/kodointernational.com\/?post_type=product&#038;p=11199"},"modified":"2024-08-09T12:47:45","modified_gmt":"2024-08-09T05:47:45","slug":"tinh-dau-cam-bac-ha","status":"publish","type":"product","link":"https:\/\/kodointernational.com\/vi\/product\/tinh-dau-cam-bac-ha\/","title":{"rendered":"Tinh D\u1ea7u Cam &#038; B\u1ea1c H\u00e0"},"content":{"rendered":"","protected":false},"excerpt":{"rendered":"<p style=\"text-align: justify;\"><span style=\"font-size: 12pt;\">Tinh d\u1ea7u Cam v\u00e0 B\u1ea1c h\u00e0 th\u01b0\u1eddng \u0111\u01b0\u1ee3c s\u1eed d\u1ee5ng trong aromatherapy v\u00e0 c\u00e1c li\u1ec7u ph\u00e1p th\u01b0 gi\u00e3n. M\u00f9i h\u01b0\u01a1ng t\u01b0\u01a1i m\u00e1t v\u00e0 s\u1ea3ng kho\u00e1i c\u1ee7a B\u1ea1c h\u00e0 k\u1ebft h\u1ee3p v\u1edbi m\u00f9i h\u01b0\u01a1ng ng\u1ecdt ng\u00e0o v\u00e0 n\u1ed3ng n\u00e0n c\u1ee7a Cam, t\u1ea1o ra c\u1ea3m gi\u00e1c tr\u00e0n \u0111\u1ea7y n\u0103ng l\u01b0\u1ee3ng t\u00edch c\u1ef1c<\/span><\/p>\n","protected":false},"featured_media":13512,"comment_status":"open","ping_status":"closed","template":"","meta":[],"etheme_brands":[],"product_cat":[713],"product_tag":[],"scent-family":[],"diffusion-area":[],"scent-intensity":[],"scent-recommendations":[],"scent-pyramid":[],"class_list":{"0":"post-11199","1":"product","2":"type-product","3":"status-publish","4":"has-post-thumbnail","6":"product_cat-tinh-dau-thien-nhien","7":"pa_dung-tich-10ml","8":"pa_dung-tich-110ml","10":"first","11":"instock","12":"shipping-taxable","13":"purchasable","14":"product-type-simple"},"acf":[],"_links":{"self":[{"href":"https:\/\/kodointernational.com\/vi\/wp-json\/wp\/v2\/product\/11199","targetHints":{"allow":["GET"]}}],"collection":[{"href":"https:\/\/kodointernational.com\/vi\/wp-json\/wp\/v2\/product"}],"about":[{"href":"https:\/\/kodointernational.com\/vi\/wp-json\/wp\/v2\/types\/product"}],"replies":[{"embeddable":true,"href":"https:\/\/kodointernational.com\/vi\/wp-json\/wp\/v2\/comments?post=11199"}],"version-history":[{"count":0,"href":"https:\/\/kodointernational.com\/vi\/wp-json\/wp\/v2\/product\/11199\/revisions"}],"wp:featuredmedia":[{"embeddable":true,"href":"https:\/\/kodointernational.com\/vi\/wp-json\/wp\/v2\/media\/13512"}],"wp:attachment":[{"href":"https:\/\/kodointernational.com\/vi\/wp-json\/wp\/v2\/media?parent=11199"}],"wp:term":[{"taxonomy":"brand","embeddable":true,"href":"https:\/\/kodointernational.com\/vi\/wp-json\/wp\/v2\/etheme_brands?post=11199"},{"taxonomy":"product_cat","embeddable":true,"href":"https:\/\/kodointernational.com\/vi\/wp-json\/wp\/v2\/product_cat?post=11199"},{"taxonomy":"product_tag","embeddable":true,"href":"https:\/\/kodointernational.com\/vi\/wp-json\/wp\/v2\/product_tag?post=11199"},{"taxonomy":"scent-family","embeddable":true,"href":"https:\/\/kodointernational.com\/vi\/wp-json\/wp\/v2\/scent-family?post=11199"},{"taxonomy":"diffusion-area","embeddable":true,"href":"https:\/\/kodointernational.com\/vi\/wp-json\/wp\/v2\/diffusion-area?post=11199"},{"taxonomy":"scent-intensity","embeddable":true,"href":"https:\/\/kodointernational.com\/vi\/wp-json\/wp\/v2\/scent-intensity?post=11199"},{"taxonomy":"scent-recommendations","embeddable":true,"href":"https:\/\/kodointernational.com\/vi\/wp-json\/wp\/v2\/scent-recommendations?post=11199"},{"taxonomy":"scent-pyramid","embeddable":true,"href":"https:\/\/kodointernational.com\/vi\/wp-json\/wp\/v2\/scent-pyramid?post=11199"}],"curies":[{"name":"wp","href":"https:\/\/api.w.org\/{rel}","templated":true}]}}