{"id":11193,"date":"2023-06-01T15:52:43","date_gmt":"2023-06-01T08:52:43","guid":{"rendered":"https:\/\/kodointernational.com\/?post_type=product&#038;p=11193"},"modified":"2024-08-11T12:30:42","modified_gmt":"2024-08-11T05:30:42","slug":"tinh-dau-sa-chanh","status":"publish","type":"product","link":"https:\/\/kodointernational.com\/vi\/product\/tinh-dau-sa-chanh\/","title":{"rendered":"Tinh D\u1ea7u S\u1ea3 Chanh"},"content":{"rendered":"","protected":false},"excerpt":{"rendered":"<p style=\"text-align: justify;\"><span style=\"font-size: 12pt; color: #000000;\">Tinh d\u1ea7u s\u1ea3 chanh Lemongrass t\u1ef1 nhi\u00ean mang \u0111\u1ebfn m\u1ed9t h\u01b0\u01a1ng th\u01a1m s\u1ea3 t\u01b0\u01a1i m\u00e1t, v\u00e0 cung c\u1ea5p nhi\u1ec1u l\u1ee3i \u00edch. \u0110\u00e2y l\u00e0 m\u1ed9t lo\u1ea1i tinh d\u1ea7u nguy\u00ean ch\u1ea5t c\u00f3 t\u00e1c d\u1ee5ng kh\u1eed m\u00f9i, l\u00e0m s\u1ea1ch kh\u00f4ng kh\u00ed v\u00e0 gi\u00fap th\u01b0 gi\u00e3n tinh th\u1ea7n, gi\u1ea3m c\u0103ng th\u1eb3ng. \u0110\u1eb7c bi\u1ec7t, c\u00f2n c\u00f3 kh\u1ea3 n\u0103ng \u0111u\u1ed5i mu\u1ed7i v\u00e0 c\u00f4n tr\u00f9ng hi\u1ec7u qu\u1ea3.<\/span><\/p>\n","protected":false},"featured_media":13510,"comment_status":"open","ping_status":"closed","template":"","meta":[],"etheme_brands":[],"product_cat":[713],"product_tag":[],"scent-family":[],"diffusion-area":[],"scent-intensity":[],"scent-recommendations":[],"scent-pyramid":[],"class_list":{"0":"post-11193","1":"product","2":"type-product","3":"status-publish","4":"has-post-thumbnail","6":"product_cat-tinh-dau-thien-nhien","7":"pa_dung-tich-10ml","8":"pa_dung-tich-110ml","10":"first","11":"instock","12":"shipping-taxable","13":"purchasable","14":"product-type-simple"},"acf":[],"_links":{"self":[{"href":"https:\/\/kodointernational.com\/vi\/wp-json\/wp\/v2\/product\/11193","targetHints":{"allow":["GET"]}}],"collection":[{"href":"https:\/\/kodointernational.com\/vi\/wp-json\/wp\/v2\/product"}],"about":[{"href":"https:\/\/kodointernational.com\/vi\/wp-json\/wp\/v2\/types\/product"}],"replies":[{"embeddable":true,"href":"https:\/\/kodointernational.com\/vi\/wp-json\/wp\/v2\/comments?post=11193"}],"version-history":[{"count":0,"href":"https:\/\/kodointernational.com\/vi\/wp-json\/wp\/v2\/product\/11193\/revisions"}],"wp:featuredmedia":[{"embeddable":true,"href":"https:\/\/kodointernational.com\/vi\/wp-json\/wp\/v2\/media\/13510"}],"wp:attachment":[{"href":"https:\/\/kodointernational.com\/vi\/wp-json\/wp\/v2\/media?parent=11193"}],"wp:term":[{"taxonomy":"brand","embeddable":true,"href":"https:\/\/kodointernational.com\/vi\/wp-json\/wp\/v2\/etheme_brands?post=11193"},{"taxonomy":"product_cat","embeddable":true,"href":"https:\/\/kodointernational.com\/vi\/wp-json\/wp\/v2\/product_cat?post=11193"},{"taxonomy":"product_tag","embeddable":true,"href":"https:\/\/kodointernational.com\/vi\/wp-json\/wp\/v2\/product_tag?post=11193"},{"taxonomy":"scent-family","embeddable":true,"href":"https:\/\/kodointernational.com\/vi\/wp-json\/wp\/v2\/scent-family?post=11193"},{"taxonomy":"diffusion-area","embeddable":true,"href":"https:\/\/kodointernational.com\/vi\/wp-json\/wp\/v2\/diffusion-area?post=11193"},{"taxonomy":"scent-intensity","embeddable":true,"href":"https:\/\/kodointernational.com\/vi\/wp-json\/wp\/v2\/scent-intensity?post=11193"},{"taxonomy":"scent-recommendations","embeddable":true,"href":"https:\/\/kodointernational.com\/vi\/wp-json\/wp\/v2\/scent-recommendations?post=11193"},{"taxonomy":"scent-pyramid","embeddable":true,"href":"https:\/\/kodointernational.com\/vi\/wp-json\/wp\/v2\/scent-pyramid?post=11193"}],"curies":[{"name":"wp","href":"https:\/\/api.w.org\/{rel}","templated":true}]}}