{"id":11181,"date":"2023-06-01T15:45:47","date_gmt":"2023-06-01T08:45:47","guid":{"rendered":"https:\/\/kodointernational.com\/?post_type=product&#038;p=11181"},"modified":"2024-08-09T12:46:31","modified_gmt":"2024-08-09T05:46:31","slug":"tinh-dau-tram-tra","status":"publish","type":"product","link":"https:\/\/kodointernational.com\/vi\/product\/tinh-dau-tram-tra\/","title":{"rendered":"Tinh D\u1ea7u Tr\u00e0m Tr\u00e0"},"content":{"rendered":"","protected":false},"excerpt":{"rendered":"<p><span style=\"font-weight: 400;\">Tinh d\u1ea7u tr\u00e0m tr\u00e0 l\u00e0 m\u1ed9t trong nh\u1eefng lo\u1ea1i tinh d\u1ea7u thi\u00ean nhi\u00ean ph\u1ed5 bi\u1ebfn v\u00e0 c\u00f3 nhi\u1ec1u \u1ee9ng d\u1ee5ng \u0111a d\u1ea1ng trong cu\u1ed9c s\u1ed1ng h\u00e0ng ng\u00e0y. \u0110\u01b0\u1ee3c chi\u1ebft xu\u1ea5t t\u1eeb c\u00e2y tr\u00e0m tr\u00e0 &#8211; m\u1ed9t lo\u1ea1i c\u00e2y th\u00e2n g\u1ed7 th\u01a1m ng\u00e1t, tinh d\u1ea7u tr\u00e0m tr\u00e0 mang trong m\u00ecnh m\u1ed9t h\u01b0\u01a1ng th\u01a1m \u0111\u1eb7c tr\u01b0ng, s\u1ea3ng kho\u00e1i v\u00e0 m\u1ea1nh m\u1ebd.<\/span><\/p>\n","protected":false},"featured_media":25011,"comment_status":"open","ping_status":"closed","template":"","meta":[],"etheme_brands":[],"product_cat":[713],"product_tag":[],"scent-family":[],"diffusion-area":[],"scent-intensity":[],"scent-recommendations":[],"scent-pyramid":[],"class_list":{"0":"post-11181","1":"product","2":"type-product","3":"status-publish","4":"has-post-thumbnail","6":"product_cat-tinh-dau-thien-nhien","7":"pa_dung-tich-10ml","8":"pa_dung-tich-110ml","10":"first","11":"instock","12":"shipping-taxable","13":"purchasable","14":"product-type-simple"},"acf":[],"_links":{"self":[{"href":"https:\/\/kodointernational.com\/vi\/wp-json\/wp\/v2\/product\/11181","targetHints":{"allow":["GET"]}}],"collection":[{"href":"https:\/\/kodointernational.com\/vi\/wp-json\/wp\/v2\/product"}],"about":[{"href":"https:\/\/kodointernational.com\/vi\/wp-json\/wp\/v2\/types\/product"}],"replies":[{"embeddable":true,"href":"https:\/\/kodointernational.com\/vi\/wp-json\/wp\/v2\/comments?post=11181"}],"version-history":[{"count":0,"href":"https:\/\/kodointernational.com\/vi\/wp-json\/wp\/v2\/product\/11181\/revisions"}],"wp:featuredmedia":[{"embeddable":true,"href":"https:\/\/kodointernational.com\/vi\/wp-json\/wp\/v2\/media\/25011"}],"wp:attachment":[{"href":"https:\/\/kodointernational.com\/vi\/wp-json\/wp\/v2\/media?parent=11181"}],"wp:term":[{"taxonomy":"brand","embeddable":true,"href":"https:\/\/kodointernational.com\/vi\/wp-json\/wp\/v2\/etheme_brands?post=11181"},{"taxonomy":"product_cat","embeddable":true,"href":"https:\/\/kodointernational.com\/vi\/wp-json\/wp\/v2\/product_cat?post=11181"},{"taxonomy":"product_tag","embeddable":true,"href":"https:\/\/kodointernational.com\/vi\/wp-json\/wp\/v2\/product_tag?post=11181"},{"taxonomy":"scent-family","embeddable":true,"href":"https:\/\/kodointernational.com\/vi\/wp-json\/wp\/v2\/scent-family?post=11181"},{"taxonomy":"diffusion-area","embeddable":true,"href":"https:\/\/kodointernational.com\/vi\/wp-json\/wp\/v2\/diffusion-area?post=11181"},{"taxonomy":"scent-intensity","embeddable":true,"href":"https:\/\/kodointernational.com\/vi\/wp-json\/wp\/v2\/scent-intensity?post=11181"},{"taxonomy":"scent-recommendations","embeddable":true,"href":"https:\/\/kodointernational.com\/vi\/wp-json\/wp\/v2\/scent-recommendations?post=11181"},{"taxonomy":"scent-pyramid","embeddable":true,"href":"https:\/\/kodointernational.com\/vi\/wp-json\/wp\/v2\/scent-pyramid?post=11181"}],"curies":[{"name":"wp","href":"https:\/\/api.w.org\/{rel}","templated":true}]}}