{"id":11165,"date":"2023-06-01T15:25:17","date_gmt":"2023-06-01T08:25:17","guid":{"rendered":"https:\/\/kodointernational.com\/?post_type=product&#038;p=11165"},"modified":"2024-08-09T12:46:33","modified_gmt":"2024-08-09T05:46:33","slug":"tinh-dau-buoi","status":"publish","type":"product","link":"https:\/\/kodointernational.com\/vi\/product\/tinh-dau-buoi\/","title":{"rendered":"Tinh D\u1ea7u B\u01b0\u1edfi"},"content":{"rendered":"","protected":false},"excerpt":{"rendered":"<p style=\"text-align: justify;\"><span style=\"font-weight: 400; font-size: 12pt;\">V\u1edbi kh\u1ea3 n\u0103ng kh\u1eed m\u00f9i v\u00e0 thanh l\u1ecdc kh\u00f4ng kh\u00ed, tinh d\u1ea7u b\u01b0\u1edfi Polemo gi\u00fap l\u00e0m s\u1ea1ch kh\u00f4ng gian s\u1ed1ng c\u1ee7a b\u1ea1n, t\u1ea1o ra m\u1ed9t m\u00f4i tr\u01b0\u1eddng trong l\u00e0nh v\u00e0 th\u01b0 th\u00e1i. Ngo\u00e0i ra, n\u00f3 c\u00f2n c\u00f3 t\u00e1c d\u1ee5ng th\u01b0 gi\u00e3n v\u00e0 gi\u1ea3m c\u0103ng th\u1eb3ng, gi\u00fap b\u1ea1n l\u1ea5y l\u1ea1i s\u1ef1 c\u00e2n b\u1eb1ng v\u00e0 h\u1ee9ng kh\u1edfi trong cu\u1ed9c s\u1ed1ng h\u00e0ng ng\u00e0y.<\/span><\/p>\n","protected":false},"featured_media":13522,"comment_status":"open","ping_status":"closed","template":"","meta":[],"etheme_brands":[],"product_cat":[713],"product_tag":[],"scent-family":[],"diffusion-area":[],"scent-intensity":[],"scent-recommendations":[],"scent-pyramid":[],"class_list":{"0":"post-11165","1":"product","2":"type-product","3":"status-publish","4":"has-post-thumbnail","6":"product_cat-tinh-dau-thien-nhien","7":"pa_dung-tich-10ml","8":"pa_dung-tich-110ml","10":"first","11":"instock","12":"shipping-taxable","13":"purchasable","14":"product-type-simple"},"acf":[],"_links":{"self":[{"href":"https:\/\/kodointernational.com\/vi\/wp-json\/wp\/v2\/product\/11165","targetHints":{"allow":["GET"]}}],"collection":[{"href":"https:\/\/kodointernational.com\/vi\/wp-json\/wp\/v2\/product"}],"about":[{"href":"https:\/\/kodointernational.com\/vi\/wp-json\/wp\/v2\/types\/product"}],"replies":[{"embeddable":true,"href":"https:\/\/kodointernational.com\/vi\/wp-json\/wp\/v2\/comments?post=11165"}],"version-history":[{"count":0,"href":"https:\/\/kodointernational.com\/vi\/wp-json\/wp\/v2\/product\/11165\/revisions"}],"wp:featuredmedia":[{"embeddable":true,"href":"https:\/\/kodointernational.com\/vi\/wp-json\/wp\/v2\/media\/13522"}],"wp:attachment":[{"href":"https:\/\/kodointernational.com\/vi\/wp-json\/wp\/v2\/media?parent=11165"}],"wp:term":[{"taxonomy":"brand","embeddable":true,"href":"https:\/\/kodointernational.com\/vi\/wp-json\/wp\/v2\/etheme_brands?post=11165"},{"taxonomy":"product_cat","embeddable":true,"href":"https:\/\/kodointernational.com\/vi\/wp-json\/wp\/v2\/product_cat?post=11165"},{"taxonomy":"product_tag","embeddable":true,"href":"https:\/\/kodointernational.com\/vi\/wp-json\/wp\/v2\/product_tag?post=11165"},{"taxonomy":"scent-family","embeddable":true,"href":"https:\/\/kodointernational.com\/vi\/wp-json\/wp\/v2\/scent-family?post=11165"},{"taxonomy":"diffusion-area","embeddable":true,"href":"https:\/\/kodointernational.com\/vi\/wp-json\/wp\/v2\/diffusion-area?post=11165"},{"taxonomy":"scent-intensity","embeddable":true,"href":"https:\/\/kodointernational.com\/vi\/wp-json\/wp\/v2\/scent-intensity?post=11165"},{"taxonomy":"scent-recommendations","embeddable":true,"href":"https:\/\/kodointernational.com\/vi\/wp-json\/wp\/v2\/scent-recommendations?post=11165"},{"taxonomy":"scent-pyramid","embeddable":true,"href":"https:\/\/kodointernational.com\/vi\/wp-json\/wp\/v2\/scent-pyramid?post=11165"}],"curies":[{"name":"wp","href":"https:\/\/api.w.org\/{rel}","templated":true}]}}