{"id":11142,"date":"2023-06-01T15:07:44","date_gmt":"2023-06-01T08:07:44","guid":{"rendered":"https:\/\/kodointernational.com\/?post_type=product&#038;p=11142"},"modified":"2024-08-09T12:46:34","modified_gmt":"2024-08-09T05:46:34","slug":"tinh-dau-khuynh-diep","status":"publish","type":"product","link":"https:\/\/kodointernational.com\/vi\/product\/tinh-dau-khuynh-diep\/","title":{"rendered":"Tinh D\u1ea7u Khuynh Di\u1ec7p"},"content":{"rendered":"","protected":false},"excerpt":{"rendered":"<p><span style=\"font-weight: 400;\">Tinh d\u1ea7u Khuynh di\u1ec7p mang m\u00f9i h\u01b0\u01a1ng t\u01b0\u01a1i m\u00e1t c\u1ee7a th\u1ea3o m\u1ed9c, c\u00f3 t\u00e1c d\u1ee5ng th\u01b0 gi\u00e3n, gi\u1ea3m m\u1ec7t m\u1ecfi v\u00e0 c\u0103ng th\u1eb3ng, c\u0169ng nh\u01b0 gi\u00fap chu\u1ea9n b\u1ecb cho gi\u1ea5c ng\u1ee7 ngon. Ngo\u00e0i ra, tinh d\u1ea7u Khuynh di\u1ec7p c\u00f2n c\u00f3 th\u1ec3 \u0111\u01b0\u1ee3c s\u1eed d\u1ee5ng \u0111\u1ec3 ch\u0103m s\u00f3c da, gi\u1ea3m \u0111au c\u01a1 kh\u1edbp, l\u00e0m th\u00f4ng m\u0169i t\u1eafc, ph\u00f2ng ng\u1eeba c\u1ea3m l\u1ea1nh.<\/span><\/p>\n","protected":false},"featured_media":13500,"comment_status":"open","ping_status":"closed","template":"","meta":[],"etheme_brands":[],"product_cat":[713],"product_tag":[],"scent-family":[],"diffusion-area":[],"scent-intensity":[],"scent-recommendations":[],"scent-pyramid":[],"class_list":{"0":"post-11142","1":"product","2":"type-product","3":"status-publish","4":"has-post-thumbnail","6":"product_cat-tinh-dau-thien-nhien","8":"first","9":"instock","10":"shipping-taxable","11":"purchasable","12":"product-type-simple"},"acf":[],"_links":{"self":[{"href":"https:\/\/kodointernational.com\/vi\/wp-json\/wp\/v2\/product\/11142","targetHints":{"allow":["GET"]}}],"collection":[{"href":"https:\/\/kodointernational.com\/vi\/wp-json\/wp\/v2\/product"}],"about":[{"href":"https:\/\/kodointernational.com\/vi\/wp-json\/wp\/v2\/types\/product"}],"replies":[{"embeddable":true,"href":"https:\/\/kodointernational.com\/vi\/wp-json\/wp\/v2\/comments?post=11142"}],"version-history":[{"count":0,"href":"https:\/\/kodointernational.com\/vi\/wp-json\/wp\/v2\/product\/11142\/revisions"}],"wp:featuredmedia":[{"embeddable":true,"href":"https:\/\/kodointernational.com\/vi\/wp-json\/wp\/v2\/media\/13500"}],"wp:attachment":[{"href":"https:\/\/kodointernational.com\/vi\/wp-json\/wp\/v2\/media?parent=11142"}],"wp:term":[{"taxonomy":"brand","embeddable":true,"href":"https:\/\/kodointernational.com\/vi\/wp-json\/wp\/v2\/etheme_brands?post=11142"},{"taxonomy":"product_cat","embeddable":true,"href":"https:\/\/kodointernational.com\/vi\/wp-json\/wp\/v2\/product_cat?post=11142"},{"taxonomy":"product_tag","embeddable":true,"href":"https:\/\/kodointernational.com\/vi\/wp-json\/wp\/v2\/product_tag?post=11142"},{"taxonomy":"scent-family","embeddable":true,"href":"https:\/\/kodointernational.com\/vi\/wp-json\/wp\/v2\/scent-family?post=11142"},{"taxonomy":"diffusion-area","embeddable":true,"href":"https:\/\/kodointernational.com\/vi\/wp-json\/wp\/v2\/diffusion-area?post=11142"},{"taxonomy":"scent-intensity","embeddable":true,"href":"https:\/\/kodointernational.com\/vi\/wp-json\/wp\/v2\/scent-intensity?post=11142"},{"taxonomy":"scent-recommendations","embeddable":true,"href":"https:\/\/kodointernational.com\/vi\/wp-json\/wp\/v2\/scent-recommendations?post=11142"},{"taxonomy":"scent-pyramid","embeddable":true,"href":"https:\/\/kodointernational.com\/vi\/wp-json\/wp\/v2\/scent-pyramid?post=11142"}],"curies":[{"name":"wp","href":"https:\/\/api.w.org\/{rel}","templated":true}]}}