{"id":1793,"date":"2022-12-09T04:03:30","date_gmt":"2022-12-09T04:03:30","guid":{"rendered":"http:\/\/18.143.89.174\/?page_id=1793"},"modified":"2023-07-20T09:33:31","modified_gmt":"2023-07-20T02:33:31","slug":"chinh-sach-bao-mat","status":"publish","type":"page","link":"https:\/\/kodointernational.com\/vi\/chinh-sach-bao-mat\/","title":{"rendered":"Ch\u00ednh s\u00e1ch b\u1ea3o m\u1eadt"},"content":{"rendered":"\t\t<div data-elementor-type=\"wp-page\" data-elementor-id=\"1793\" class=\"elementor elementor-1793\" data-elementor-post-type=\"page\">\n\t\t\t\t\t\t\t\t\t<section class=\"elementor-section elementor-top-section elementor-element elementor-element-693e749 elementor-section-boxed elementor-section-height-default elementor-section-height-default\" data-id=\"693e749\" data-element_type=\"section\">\n\t\t\t\t\t\t<div class=\"elementor-container elementor-column-gap-no\">\n\t\t\t\t\t<div class=\"elementor-column elementor-col-100 elementor-top-column elementor-element elementor-element-b4e3035\" data-id=\"b4e3035\" data-element_type=\"column\">\n\t\t\t<div class=\"elementor-widget-wrap elementor-element-populated\">\n\t\t\t\t\t\t\t\t<div class=\"elementor-element elementor-element-a22968f elementor-widget elementor-widget-heading\" data-id=\"a22968f\" data-element_type=\"widget\" data-widget_type=\"heading.default\">\n\t\t\t\t<div class=\"elementor-widget-container\">\n\t\t\t<style>\/*! elementor - v3.18.0 - 08-12-2023 *\/\n.elementor-heading-title{padding:0;margin:0;line-height:1}.elementor-widget-heading .elementor-heading-title[class*=elementor-size-]>a{color:inherit;font-size:inherit;line-height:inherit}.elementor-widget-heading .elementor-heading-title.elementor-size-small{font-size:15px}.elementor-widget-heading .elementor-heading-title.elementor-size-medium{font-size:19px}.elementor-widget-heading .elementor-heading-title.elementor-size-large{font-size:29px}.elementor-widget-heading .elementor-heading-title.elementor-size-xl{font-size:39px}.elementor-widget-heading .elementor-heading-title.elementor-size-xxl{font-size:59px}<\/style><h2 class=\"elementor-heading-title elementor-size-default\">Ch\u00ednh s\u00e1ch b\u1ea3o m\u1eadt<\/h2>\t\t<\/div>\n\t\t\t\t<\/div>\n\t\t\t\t<div class=\"elementor-element elementor-element-3aa10ee elementor-widget elementor-widget-heading\" data-id=\"3aa10ee\" data-element_type=\"widget\" data-widget_type=\"heading.default\">\n\t\t\t\t<div class=\"elementor-widget-container\">\n\t\t\t<h3 class=\"elementor-heading-title elementor-size-default\">I. M\u1ee5c \u0111\u00edch thu th\u1eadp th\u00f4ng tin<\/h3>\t\t<\/div>\n\t\t\t\t<\/div>\n\t\t\t\t<div class=\"elementor-element elementor-element-9af7209 elementor-widget elementor-widget-text-editor\" data-id=\"9af7209\" data-element_type=\"widget\" data-widget_type=\"text-editor.default\">\n\t\t\t\t<div class=\"elementor-widget-container\">\n\t\t\t<style>\/*! elementor - v3.18.0 - 08-12-2023 *\/\n.elementor-widget-text-editor.elementor-drop-cap-view-stacked .elementor-drop-cap{background-color:#69727d;color:#fff}.elementor-widget-text-editor.elementor-drop-cap-view-framed .elementor-drop-cap{color:#69727d;border:3px solid;background-color:transparent}.elementor-widget-text-editor:not(.elementor-drop-cap-view-default) .elementor-drop-cap{margin-top:8px}.elementor-widget-text-editor:not(.elementor-drop-cap-view-default) .elementor-drop-cap-letter{width:1em;height:1em}.elementor-widget-text-editor .elementor-drop-cap{float:left;text-align:center;line-height:1;font-size:50px}.elementor-widget-text-editor .elementor-drop-cap-letter{display:inline-block}<\/style>\t\t\t\t<p>\u0110\u1ec3 h\u1ed7 tr\u1ee3 qu\u00fd kh\u00e1ch h\u00e0ng m\u1ed9t c\u00e1ch t\u1ed1t nh\u1ea5t, KODO c\u00f3 th\u1ec3 y\u00eau c\u1ea7u qu\u00fd kh\u00e1ch h\u00e0ng cung c\u1ea5p th\u00f4ng tin c\u00e1 nh\u00e2n bao g\u1ed3m t\u00ean v\u00e0 s\u1ed1 \u0111i\u1ec7n tho\u1ea1i, email qua c\u00e1c h\u00ecnh th\u1ee9c t\u01b0\u01a1ng t\u00e1c.<\/p>\t\t\t\t\t\t<\/div>\n\t\t\t\t<\/div>\n\t\t\t\t<div class=\"elementor-element elementor-element-1e13017 elementor-widget elementor-widget-heading\" data-id=\"1e13017\" data-element_type=\"widget\" data-widget_type=\"heading.default\">\n\t\t\t\t<div class=\"elementor-widget-container\">\n\t\t\t<h3 class=\"elementor-heading-title elementor-size-default\">II. Ph\u1ea1m vi s\u1eed d\u1ee5ng th\u00f4ng tin<\/h3>\t\t<\/div>\n\t\t\t\t<\/div>\n\t\t\t\t<div class=\"elementor-element elementor-element-84c9660 elementor-widget elementor-widget-text-editor\" data-id=\"84c9660\" data-element_type=\"widget\" data-widget_type=\"text-editor.default\">\n\t\t\t\t<div class=\"elementor-widget-container\">\n\t\t\t\t\t\t\t<p>KODO s\u1eed d\u1ee5ng th\u00f4ng tin c\u1ee7a qu\u00fd kh\u00e1ch h\u00e0ng \u0111\u1ec3:<br \/>&#8211; H\u1ed7 tr\u1ee3 kh\u00e1ch h\u00e0ng khi mua s\u1ea3n ph\u1ea9m.<br \/>&#8211; Gi\u1ea3i \u0111\u00e1p th\u1eafc m\u1eafc cho qu\u00fd kh\u00e1ch h\u00e0ng.<br \/>&#8211; Cung c\u1ea5p cho qu\u00fd kh\u00e1ch h\u00e0ng th\u00f4ng tin m\u1edbi nh\u1ea5t v\u1ec1 ch\u00ednh s\u00e1ch c\u1ee7a ch\u00fang t\u00f4i, th\u1ef1c hi\u1ec7n c\u00e1c kh\u1ea3o s\u00e1t kh\u00e1ch h\u00e0ng, c\u00e1c ho\u1ea1t \u0111\u1ed9ng qu\u1ea3ng b\u00e1 li\u00ean quan \u0111\u1ebfn c\u00e1c s\u1ea3n ph\u1ea9m v\u00e0 d\u1ecbch v\u1ee5 c\u1ee7a Kodo n\u1ebfu qu\u00fd kh\u00e1ch \u0111\u0103ng k\u00fd nh\u1eadn th\u00f4ng tin qua email.<br \/>&#8211; Th\u1ef1c hi\u1ec7n c\u00e1c ch\u01b0\u01a1ng tr\u00ecnh ch\u0103m s\u00f3c kh\u00e1ch h\u00e0ng nh\u01b0 tri \u00e2n t\u1eb7ng qu\u00e0, gi\u1ea3m gi\u00e1 nh\u00e2n d\u1ecbp sinh nh\u1eadt kh\u00e1ch h\u00e0ng,&#8230; \u00a0<\/p>\t\t\t\t\t\t<\/div>\n\t\t\t\t<\/div>\n\t\t\t\t<div class=\"elementor-element elementor-element-b19ff05 elementor-widget elementor-widget-heading\" data-id=\"b19ff05\" data-element_type=\"widget\" data-widget_type=\"heading.default\">\n\t\t\t\t<div class=\"elementor-widget-container\">\n\t\t\t<h3 class=\"elementor-heading-title elementor-size-default\">III. Th\u1eddi gian l\u01b0u tr\u1eef th\u00f4ng tin kh\u00e1ch h\u00e0ng<\/h3>\t\t<\/div>\n\t\t\t\t<\/div>\n\t\t\t\t<div class=\"elementor-element elementor-element-986a595 elementor-widget elementor-widget-text-editor\" data-id=\"986a595\" data-element_type=\"widget\" data-widget_type=\"text-editor.default\">\n\t\t\t\t<div class=\"elementor-widget-container\">\n\t\t\t\t\t\t\t<p>Th\u00f4ng tin kh\u00e1ch h\u00e0ng \u0111\u0103ng k\u00fd mua s\u1ea3n ph\u1ea9m t\u1ea1i KODO s\u1ebd \u0111\u01b0\u1ee3c ch\u00fang t\u00f4i l\u01b0u tr\u1eef trong th\u1eddi gian 5 n\u0103m.<\/p>\t\t\t\t\t\t<\/div>\n\t\t\t\t<\/div>\n\t\t\t\t<div class=\"elementor-element elementor-element-7c7bde4 elementor-widget elementor-widget-heading\" data-id=\"7c7bde4\" data-element_type=\"widget\" data-widget_type=\"heading.default\">\n\t\t\t\t<div class=\"elementor-widget-container\">\n\t\t\t<h3 class=\"elementor-heading-title elementor-size-default\">IV. Ph\u01b0\u01a1ng ti\u1ec7n v\u00e0 c\u00f4ng c\u1ee5 \u0111\u1ec3 ng\u01b0\u1eddi d\u00f9ng ti\u1ebfp c\u1eadn v\u00e0 ch\u1ec9nh s\u1eeda th\u00f4ng tin c\u00e1 nh\u00e2n<\/h3>\t\t<\/div>\n\t\t\t\t<\/div>\n\t\t\t\t<div class=\"elementor-element elementor-element-c217408 elementor-widget elementor-widget-text-editor\" data-id=\"c217408\" data-element_type=\"widget\" data-widget_type=\"text-editor.default\">\n\t\t\t\t<div class=\"elementor-widget-container\">\n\t\t\t\t\t\t\t<p>Ch\u00fang t\u00f4i c\u00f3 bi\u1ec7n ph\u00e1p th\u00edch h\u1ee3p v\u1ec1 k\u1ef9 thu\u1eadt v\u00e0 an ninh \u0111\u1ec3 b\u1ea3o m\u1eadt th\u00f4ng tin c\u00e1 nh\u00e2n c\u1ee7a kh\u00e1ch h\u00e0ng khi thu th\u1eadp d\u1eef li\u1ec7u tr\u00ean website.<br \/>KODO cam k\u1ebft ho\u00e0n to\u00e0n kh\u00f4ng s\u1eed d\u1ee5ng th\u00f4ng tin c\u1ee7a kh\u00e1ch h\u00e0ng \u0111\u1ec3 th\u1ef1c hi\u1ec7n nh\u1eefng vi\u1ec7c tr\u00e1i quy \u0111\u1ecbnh c\u1ee7a ph\u00e1p lu\u1eadt.<\/p>\t\t\t\t\t\t<\/div>\n\t\t\t\t<\/div>\n\t\t\t\t<div class=\"elementor-element elementor-element-3e18726 elementor-widget elementor-widget-heading\" data-id=\"3e18726\" data-element_type=\"widget\" data-widget_type=\"heading.default\">\n\t\t\t\t<div class=\"elementor-widget-container\">\n\t\t\t<h3 class=\"elementor-heading-title elementor-size-default\">V. Cam k\u1ebft b\u1ea3o m\u1eadt th\u00f4ng tin c\u00e1 nh\u00e2n kh\u00e1ch h\u00e0ng<\/h3>\t\t<\/div>\n\t\t\t\t<\/div>\n\t\t\t\t<div class=\"elementor-element elementor-element-03bfffc elementor-widget elementor-widget-text-editor\" data-id=\"03bfffc\" data-element_type=\"widget\" data-widget_type=\"text-editor.default\">\n\t\t\t\t<div class=\"elementor-widget-container\">\n\t\t\t\t\t\t\t<p>Th\u00f4ng tin c\u00e1 nh\u00e2n c\u1ee7a qu\u00fd kh\u00e1ch h\u00e0ng s\u1ebd \u0111\u01b0\u1ee3c Kodo cam k\u1ebft b\u1ea3o m\u1eadt tuy\u1ec7t \u0111\u1ed1i. Vi\u1ec7c thu th\u1eadp v\u00e0 s\u1eed d\u1ee5ng th\u00f4ng tin c\u1ee7a qu\u00fd kh\u00e1ch h\u00e0ng ch\u1ec9 \u0111\u01b0\u1ee3c th\u1ef1c hi\u1ec7n khi c\u00f3 s\u1ef1 \u0111\u1ed3ng \u00fd c\u1ee7a kh\u00e1ch h\u00e0ng.<br>KODO cam k\u1ebft kh\u00f4ng s\u1eed d\u1ee5ng, kh\u00f4ng chuy\u1ec3n giao, cung c\u1ea5p hay ti\u1ebft l\u1ed9 cho b\u00ean th\u1ee9 3 n\u00e0o v\u1ec1 th\u00f4ng tin c\u00e1 nh\u00e2n c\u1ee7a qu\u00fd kh\u00e1ch khi kh\u00f4ng c\u00f3 s\u1ef1 cho ph\u00e9p \u0111\u1ed3ng \u00fd t\u1eeb kh\u00e1ch h\u00e0ng.<br>KODO nh\u1ea5n m\u1ea1nh r\u1eb1ng ch\u00fang t\u00f4i r\u1ea5t quan t\u00e2m \u0111\u1ebfn quy\u1ec1n l\u1ee3i c\u1ee7a qu\u00fd \u200ekh\u00e1ch h\u00e0ng trong vi\u1ec7c b\u1ea3o v\u1ec7 th\u00f4ng tin c\u00e1 nh\u00e2n n\u00ean trong tr\u01b0\u1eddng h\u1ee3p b\u1ea1n c\u00f3 g\u00f3p \u200e\u00fd, th\u1eafc m\u1eafc li\u00ean quan \u0111\u1ebfn ch\u00ednh s\u00e1ch b\u1ea3o m\u1eadt c\u1ee7a ch\u00fang t\u00f4i, vui l\u00f2ng li\u00ean h\u1ec7 hotline \u0111\u1ec3 \u0111\u01b0\u1ee3c h\u1ed7 tr\u1ee3.<\/p>\t\t\t\t\t\t<\/div>\n\t\t\t\t<\/div>\n\t\t\t\t<div class=\"elementor-element elementor-element-a3ed353 elementor-widget elementor-widget-heading\" data-id=\"a3ed353\" data-element_type=\"widget\" data-widget_type=\"heading.default\">\n\t\t\t\t<div class=\"elementor-widget-container\">\n\t\t\t<h3 class=\"elementor-heading-title elementor-size-default\">VI. Trung t\u00e2m h\u1ed7 tr\u1ee3 kh\u00e1ch h\u00e0ng 24h<\/h3>\t\t<\/div>\n\t\t\t\t<\/div>\n\t\t\t\t<div class=\"elementor-element elementor-element-b7cfaa0 elementor-widget elementor-widget-text-editor\" data-id=\"b7cfaa0\" data-element_type=\"widget\" data-widget_type=\"text-editor.default\">\n\t\t\t\t<div class=\"elementor-widget-container\">\n\t\t\t\t\t\t\t<p>H\u00e3y g\u1ecdi cho ch\u00fang t\u00f4i 24\/7 \u0111\u1ec3 \u0111\u01b0\u1ee3c t\u01b0 v\u1ea5n v\u00e0 gi\u1ea3i \u0111\u00e1p m\u1ecdi th\u00f4ng tin v\u1ec1 s\u1ea3n ph\u1ea9m<br \/>Hotline HN: 0243 266 9718<br \/>Hotline SG: 0286 285 3382<\/p>\t\t\t\t\t\t<\/div>\n\t\t\t\t<\/div>\n\t\t\t\t\t<\/div>\n\t\t<\/div>\n\t\t\t\t\t\t\t<\/div>\n\t\t<\/section>\n\t\t\t\t\t\t\t<\/div>\n\t\t","protected":false},"excerpt":{"rendered":"<p>Ch\u00ednh s\u00e1ch b\u1ea3o m\u1eadt I. M\u1ee5c \u0111\u00edch thu th\u1eadp th\u00f4ng tin \u0110\u1ec3 h\u1ed7 tr\u1ee3 qu\u00fd kh\u00e1ch h\u00e0ng m\u1ed9t c\u00e1ch t\u1ed1t nh\u1ea5t, KODO c\u00f3 th\u1ec3 y\u00eau&#8230;<\/p>\n","protected":false},"author":9,"featured_media":0,"parent":0,"menu_order":0,"comment_status":"closed","ping_status":"closed","template":"elementor_header_footer","meta":{"footnotes":""},"class_list":["post-1793","page","type-page","status-publish","hentry"],"acf":[],"_links":{"self":[{"href":"https:\/\/kodointernational.com\/vi\/wp-json\/wp\/v2\/pages\/1793","targetHints":{"allow":["GET"]}}],"collection":[{"href":"https:\/\/kodointernational.com\/vi\/wp-json\/wp\/v2\/pages"}],"about":[{"href":"https:\/\/kodointernational.com\/vi\/wp-json\/wp\/v2\/types\/page"}],"author":[{"embeddable":true,"href":"https:\/\/kodointernational.com\/vi\/wp-json\/wp\/v2\/users\/9"}],"replies":[{"embeddable":true,"href":"https:\/\/kodointernational.com\/vi\/wp-json\/wp\/v2\/comments?post=1793"}],"version-history":[{"count":0,"href":"https:\/\/kodointernational.com\/vi\/wp-json\/wp\/v2\/pages\/1793\/revisions"}],"wp:attachment":[{"href":"https:\/\/kodointernational.com\/vi\/wp-json\/wp\/v2\/media?parent=1793"}],"curies":[{"name":"wp","href":"https:\/\/api.w.org\/{rel}","templated":true}]}}