{"id":1751,"date":"2022-12-09T03:41:00","date_gmt":"2022-12-09T03:41:00","guid":{"rendered":"http:\/\/18.143.89.174\/?page_id=1751"},"modified":"2023-07-20T09:31:26","modified_gmt":"2023-07-20T02:31:26","slug":"dieu-khoan-su-dung","status":"publish","type":"page","link":"https:\/\/kodointernational.com\/vi\/dieu-khoan-su-dung\/","title":{"rendered":"\u0110i\u1ec1u kho\u1ea3n s\u1eed d\u1ee5ng"},"content":{"rendered":"\t\t<div data-elementor-type=\"wp-page\" data-elementor-id=\"1751\" class=\"elementor elementor-1751\" data-elementor-post-type=\"page\">\n\t\t\t\t\t\t\t\t\t<section class=\"elementor-section elementor-top-section elementor-element elementor-element-c7f05b9 elementor-section-boxed elementor-section-height-default elementor-section-height-default\" data-id=\"c7f05b9\" data-element_type=\"section\">\n\t\t\t\t\t\t<div class=\"elementor-container elementor-column-gap-no\">\n\t\t\t\t\t<div class=\"elementor-column elementor-col-100 elementor-top-column elementor-element elementor-element-e08a9c5\" data-id=\"e08a9c5\" data-element_type=\"column\">\n\t\t\t<div class=\"elementor-widget-wrap elementor-element-populated\">\n\t\t\t\t\t\t\t\t<div class=\"elementor-element elementor-element-18f426b elementor-widget elementor-widget-heading\" data-id=\"18f426b\" data-element_type=\"widget\" data-widget_type=\"heading.default\">\n\t\t\t\t<div class=\"elementor-widget-container\">\n\t\t\t<style>\/*! elementor - v3.18.0 - 08-12-2023 *\/\n.elementor-heading-title{padding:0;margin:0;line-height:1}.elementor-widget-heading .elementor-heading-title[class*=elementor-size-]>a{color:inherit;font-size:inherit;line-height:inherit}.elementor-widget-heading .elementor-heading-title.elementor-size-small{font-size:15px}.elementor-widget-heading .elementor-heading-title.elementor-size-medium{font-size:19px}.elementor-widget-heading .elementor-heading-title.elementor-size-large{font-size:29px}.elementor-widget-heading .elementor-heading-title.elementor-size-xl{font-size:39px}.elementor-widget-heading .elementor-heading-title.elementor-size-xxl{font-size:59px}<\/style><h2 class=\"elementor-heading-title elementor-size-default\">Ch\u00ednh s\u00e1ch b\u00e1n h\u00e0ng<\/h2>\t\t<\/div>\n\t\t\t\t<\/div>\n\t\t\t\t<div class=\"elementor-element elementor-element-37b854e elementor-widget elementor-widget-text-editor\" data-id=\"37b854e\" data-element_type=\"widget\" data-widget_type=\"text-editor.default\">\n\t\t\t\t<div class=\"elementor-widget-container\">\n\t\t\t<style>\/*! elementor - v3.18.0 - 08-12-2023 *\/\n.elementor-widget-text-editor.elementor-drop-cap-view-stacked .elementor-drop-cap{background-color:#69727d;color:#fff}.elementor-widget-text-editor.elementor-drop-cap-view-framed .elementor-drop-cap{color:#69727d;border:3px solid;background-color:transparent}.elementor-widget-text-editor:not(.elementor-drop-cap-view-default) .elementor-drop-cap{margin-top:8px}.elementor-widget-text-editor:not(.elementor-drop-cap-view-default) .elementor-drop-cap-letter{width:1em;height:1em}.elementor-widget-text-editor .elementor-drop-cap{float:left;text-align:center;line-height:1;font-size:50px}.elementor-widget-text-editor .elementor-drop-cap-letter{display:inline-block}<\/style>\t\t\t\t<p>\u0110\u1ec3 \u0111\u1ea3m b\u1ea3o s\u1ea3n ph\u1ea9m \u0111\u1ebfn tay kh\u00e1ch h\u00e0ng ch\u1ea5t l\u01b0\u1ee3ng t\u1ed1t nh\u1ea5t theo m\u1ed9t quy tr\u00ecnh ch\u1ec9n chu v\u00e0 ti\u1ec7n l\u1ee3i cho kh\u00e1ch h\u00e0ng, KODO cung c\u1ea5p ch\u00ednh s\u00e1ch giao h\u00e0ng sau:<\/p><p>&#8211; D\u1ecbch v\u1ee5 giao h\u00e0ng t\u1eadn n\u01a1i tr\u00ean to\u00e0n qu\u1ed1c, \u00e1p d\u1ee5ng cho kh\u00e1ch mua h\u00e0ng tr\u00ean website, Fanpage v\u00e0 g\u1ecdi \u0111i\u1ec7n tho\u1ea1i v\u00e0 mua tr\u1ef1c ti\u1ebfp t\u1ea1i c\u1eeda h\u00e0ng.<\/p><p>&#8211; \u0110\u01a1n h\u00e0ng s\u1ebd \u0111\u01b0\u1ee3c chuy\u1ec3n ph\u00e1t \u0111\u1ebfn t\u1eadn \u0111\u1ecba ch\u1ec9 kh\u00e1ch h\u00e0ng cung c\u1ea5p th\u00f4ng qua d\u1ecbch v\u1ee5 v\u1eadn chuy\u1ec3n trung gian c\u00f3 uy t\u00edn ho\u1eb7c t\u1eeb nh\u00e2n vi\u00ean c\u1ee7a KODO.<\/p>\t\t\t\t\t\t<\/div>\n\t\t\t\t<\/div>\n\t\t\t\t<div class=\"elementor-element elementor-element-e809bff elementor-widget elementor-widget-heading\" data-id=\"e809bff\" data-element_type=\"widget\" data-widget_type=\"heading.default\">\n\t\t\t\t<div class=\"elementor-widget-container\">\n\t\t\t<h3 class=\"elementor-heading-title elementor-size-default\">1. Th\u1eddi gian giao h\u00e0ng:<\/h3>\t\t<\/div>\n\t\t\t\t<\/div>\n\t\t\t\t<div class=\"elementor-element elementor-element-6b2c1e8 elementor-widget elementor-widget-text-editor\" data-id=\"6b2c1e8\" data-element_type=\"widget\" data-widget_type=\"text-editor.default\">\n\t\t\t\t<div class=\"elementor-widget-container\">\n\t\t\t\t\t\t\t<p>\u0110\u01a1n h\u00e0ng n\u1ed9i v\u00e0 ngo\u1ea1i th\u00e0nh TP.HCM:<br \/>&#8211; Th\u1eddi gian giao h\u00e0ng l\u00e0 1-2 ng\u00e0y sau khi \u0111\u1eb7t h\u00e0ng.<br \/>&#8211; \u0110\u01a1n h\u00e0ng tr\u01b0\u1edbc 11h30 tr\u01b0a th\u00ec s\u1ebd giao trong bu\u1ed5i chi\u1ec1u c\u00f9ng ng\u00e0y.<br \/>&#8211; \u0110\u01a1n h\u00e0ng sau 11h30 s\u1ebd giao trong bu\u1ed5i t\u1ed1i v\u00e0 s\u00e1ng h\u00f4m sau.<br \/>&#8211; \u0110\u01a1n h\u00e0ng \u1edf c\u00e1c t\u1ec9nh th\u00e0nh kh\u00e1c:<br \/>&#8211; Th\u1eddi gian l\u00e0 2-3 ng\u00e0y \u0111\u1ed1i v\u1edbi khu v\u1ef1c trung t\u00e2m t\u1ec9nh th\u00e0nh ph\u1ed1<br \/>&#8211; 3-7 ng\u00e0y \u0111\u1ed1i v\u1edbi khu v\u1ef1c ngo\u1ea1i th\u00e0nh, huy\u1ec7n, x\u00e3, th\u1ecb tr\u1ea5n&#8230;<br \/>&#8211; Kh\u00f4ng t\u00ednh th\u1ee9 b\u1ea3y, ch\u1ee7 nh\u1eadt v\u00e0 c\u00e1c ng\u00e0y l\u1ec5 t\u1ebft.<\/p>\t\t\t\t\t\t<\/div>\n\t\t\t\t<\/div>\n\t\t\t\t<div class=\"elementor-element elementor-element-e6ec126 elementor-widget elementor-widget-heading\" data-id=\"e6ec126\" data-element_type=\"widget\" data-widget_type=\"heading.default\">\n\t\t\t\t<div class=\"elementor-widget-container\">\n\t\t\t<h3 class=\"elementor-heading-title elementor-size-default\">Quy \u0111\u1ecbnh chung:<\/h3>\t\t<\/div>\n\t\t\t\t<\/div>\n\t\t\t\t<div class=\"elementor-element elementor-element-146aed3 elementor-widget elementor-widget-text-editor\" data-id=\"146aed3\" data-element_type=\"widget\" data-widget_type=\"text-editor.default\">\n\t\t\t\t<div class=\"elementor-widget-container\">\n\t\t\t\t\t\t\t<p>&#8211; Th\u1eddi gian x\u1eed l\u00fd \u0111\u01a1n h\u00e0ng s\u1ebd \u0111\u01b0\u1ee3c t\u00ednh t\u1eeb khi nh\u1eadn \u0111\u01b0\u1ee3c thanh to\u00e1n ho\u00e0n t\u1ea5t c\u1ee7a qu\u00fd kh\u00e1ch.<br \/>&#8211; C\u00f3 th\u1ec3 thay \u0111\u1ed5i th\u1eddi gian giao h\u00e0ng theo y\u00eau c\u1ea7u c\u1ee7a kh\u00e1ch<br \/>&#8211; \u0110\u01a1n h\u00e0ng c\u1ee7a qu\u00fd kh\u00e1ch s\u1ebd \u0111\u01b0\u1ee3c giao t\u1ed1i \u0111a trong 2 l\u1ea7n. Tr\u01b0\u1eddng h\u1ee3p l\u1ea7n \u0111\u1ea7u giao h\u00e0ng kh\u00f4ng th\u00e0nh c\u00f4ng, s\u1ebd c\u00f3 nh\u00e2n vi\u00ean li\u00ean h\u1ec7 \u0111\u1ec3 s\u1eafp x\u1ebfp l\u1ecbch giao h\u00e0ng l\u1ea7n 2 v\u1edbi qu\u00fd kh\u00e1ch, trong tr\u01b0\u1eddng h\u1ee3p v\u1eabn kh\u00f4ng th\u1ec3 li\u00ean l\u1ea1c l\u1ea1i \u0111\u01b0\u1ee3c ho\u1eb7c kh\u00f4ng nh\u1eadn \u0111\u01b0\u1ee3c b\u1ea5t k\u00ec ph\u1ea3n h\u1ed3i n\u00e0o t\u1eeb ph\u00eda qu\u00fd kh\u00e1ch, \u0111\u01a1n h\u00e0ng s\u1ebd kh\u00f4ng c\u00f2n hi\u1ec7u l\u1ef1c.<br \/>&#8211; \u0110\u1ec3 ki\u1ec3m tra th\u00f4ng tin ho\u1eb7c t\u00ecnh tr\u1ea1ng \u0111\u01a1n h\u00e0ng c\u1ee7a qu\u00fd kh\u00e1ch, xin vui lo\u0300ng inbox Fanpage ho\u1eb7c g\u1ecdi s\u1ed1 hotline&#8230;, cung c\u1ea5p th\u00f4ng tin g\u1ed3m t\u00ean, s\u1ed1 \u0111i\u1ec7n tho\u1ea1i \u0111\u1ec3 \u0111\u01b0\u1ee3c ki\u1ec3m tra.<br \/>&#8211; Khi h\u00e0ng \u0111\u01b0\u1ee3c giao \u0111\u1ebfn qu\u00fd kh\u00e1ch, vui l\u00f2ng k\u00fd x\u00e1c nh\u1eadn v\u1edbi nh\u00e2n vi\u00ean giao h\u00e0ng v\u00e0 ki\u1ec3m tra l\u1ea1i s\u1ed1 l\u01b0\u1ee3ng c\u0169ng nh\u01b0 lo\u1ea1i h\u00e0ng h\u00f3a \u0111\u01b0\u1ee3c giao c\u00f3 ch\u00ednh x\u00e1c kh\u00f4ng.<br \/>&#8211; Qu\u00fd kh\u00e1ch vui l\u00f2ng gi\u1eef l\u1ea1i bi\u00ean lai v\u1eadn chuy\u1ec3n v\u00e0 h\u00f3a \u0111\u01a1n mua h\u00e0ng \u0111\u1ec3 \u0111\u1ed1i chi\u1ebfu ki\u1ec3m tra.<\/p>\t\t\t\t\t\t<\/div>\n\t\t\t\t<\/div>\n\t\t\t\t<div class=\"elementor-element elementor-element-fb365e8 elementor-widget elementor-widget-heading\" data-id=\"fb365e8\" data-element_type=\"widget\" data-widget_type=\"heading.default\">\n\t\t\t\t<div class=\"elementor-widget-container\">\n\t\t\t<h3 class=\"elementor-heading-title elementor-size-default\">2. Ph\u00ed giao h\u00e0ng:<\/h3>\t\t<\/div>\n\t\t\t\t<\/div>\n\t\t\t\t<div class=\"elementor-element elementor-element-87c6b58 elementor-widget elementor-widget-text-editor\" data-id=\"87c6b58\" data-element_type=\"widget\" data-widget_type=\"text-editor.default\">\n\t\t\t\t<div class=\"elementor-widget-container\">\n\t\t\t\t\t\t\t<p>&#8211; Mi\u1ec5n ph\u00ed giao h\u00e0ng to\u00e0n qu\u1ed1c v\u1edbi \u0111\u01a1n h\u00e0ng t\u1eeb 500.000 VN\u0110 tr\u1edf l\u00ean<br>&#8211; Ph\u00ed v\u1eadn chuy\u1ec3n cho t\u1eebng khu v\u1ef1c \u0111\u1ed1i v\u1edbi \u0111\u01a1n h\u00e0ng d\u01b0\u1edbi 500.000 VN\u0110 c\u1ee5 th\u1ec3 nh\u01b0 sau:<br>+ N\u1ed9i th\u00e0nh, Ngo\u1ea1i th\u00e0nh HCM: 20,000\u0111<br>+ C\u00e1c t\u1ec9nh th\u00e0nh kh\u00e1c: 25,000\u0111<\/p>\t\t\t\t\t\t<\/div>\n\t\t\t\t<\/div>\n\t\t\t\t\t<\/div>\n\t\t<\/div>\n\t\t\t\t\t\t\t<\/div>\n\t\t<\/section>\n\t\t\t\t\t\t\t<\/div>\n\t\t","protected":false},"excerpt":{"rendered":"<p>Ch\u00ednh s\u00e1ch b\u00e1n h\u00e0ng \u0110\u1ec3 \u0111\u1ea3m b\u1ea3o s\u1ea3n ph\u1ea9m \u0111\u1ebfn tay kh\u00e1ch h\u00e0ng ch\u1ea5t l\u01b0\u1ee3ng t\u1ed1t nh\u1ea5t theo m\u1ed9t quy tr\u00ecnh ch\u1ec9n chu v\u00e0 ti\u1ec7n&#8230;<\/p>\n","protected":false},"author":9,"featured_media":0,"parent":0,"menu_order":0,"comment_status":"closed","ping_status":"closed","template":"elementor_header_footer","meta":{"footnotes":""},"class_list":["post-1751","page","type-page","status-publish","hentry"],"acf":[],"_links":{"self":[{"href":"https:\/\/kodointernational.com\/vi\/wp-json\/wp\/v2\/pages\/1751","targetHints":{"allow":["GET"]}}],"collection":[{"href":"https:\/\/kodointernational.com\/vi\/wp-json\/wp\/v2\/pages"}],"about":[{"href":"https:\/\/kodointernational.com\/vi\/wp-json\/wp\/v2\/types\/page"}],"author":[{"embeddable":true,"href":"https:\/\/kodointernational.com\/vi\/wp-json\/wp\/v2\/users\/9"}],"replies":[{"embeddable":true,"href":"https:\/\/kodointernational.com\/vi\/wp-json\/wp\/v2\/comments?post=1751"}],"version-history":[{"count":0,"href":"https:\/\/kodointernational.com\/vi\/wp-json\/wp\/v2\/pages\/1751\/revisions"}],"wp:attachment":[{"href":"https:\/\/kodointernational.com\/vi\/wp-json\/wp\/v2\/media?parent=1751"}],"curies":[{"name":"wp","href":"https:\/\/api.w.org\/{rel}","templated":true}]}}