{"id":18188,"date":"2023-02-25T08:07:11","date_gmt":"2023-02-25T01:07:11","guid":{"rendered":"https:\/\/kodointernational.com\/product\/lavender-woody\/"},"modified":"2023-02-25T08:07:11","modified_gmt":"2023-02-25T01:07:11","slug":"lavender-woody","status":"publish","type":"product","link":"https:\/\/kodointernational.com\/th\/product\/lavender-woody\/","title":{"rendered":"Lavender Woody"},"content":{"rendered":"","protected":false},"excerpt":{"rendered":"<p><span data-sheets-value=\"{\"1\":2,\"2\":\"M\u00f9i h\u01b0\u01a1ng c\u1ee7a Lavender Woody r\u1ea5t th\u01a1m v\u00e0 t\u1ef1 nhi\u00ean, k\u1ebft h\u1ee3p gi\u1eefa h\u01b0\u01a1ng hoa o\u1ea3i h\u01b0\u01a1ng v\u00e0 c\u00e1c n\u1ed1t h\u01b0\u01a1ng g\u1ed7. H\u01b0\u01a1ng th\u01a1m t\u01b0\u01a1i m\u00e1t v\u00e0 \u0111\u1ea7y s\u1ee9c s\u1ed1ng c\u1ee7a hoa o\u1ea3i h\u01b0\u01a1ng k\u1ebft h\u1ee3p v\u1edbi n\u1ed1t h\u01b0\u01a1ng g\u1ed7 t\u1ea1o ra m\u1ed9t h\u01b0\u01a1ng th\u01a1m \u0111\u1ea7y \u0111\u1eb7n v\u00e0 \u1ea5m \u00e1p\"}\" data-sheets-userformat=\"{\"2\":769,\"3\":{\"1\":0},\"11\":4,\"12\":0}\">Lavender Woody&#8217;s scent is fragrant and natural, combining lavender notes and woody notes. The fresh and energetic aroma of lavender combined with woody notes creates a plump and warm aroma<\/span><\/p>\n","protected":false},"featured_media":13096,"comment_status":"open","ping_status":"closed","template":"","meta":[],"etheme_brands":[],"product_cat":[],"product_tag":[],"scent-family":[882],"diffusion-area":[],"scent-intensity":[910],"scent-recommendations":[924,930],"scent-pyramid":[],"class_list":{"0":"post-18188","1":"product","2":"type-product","3":"status-publish","4":"has-post-thumbnail","6":"pa_dung-tich-10ml","7":"pa_dung-tich-50ml","8":"pa_dung-tich-110ml","9":"pa_dung-tich-500ml","10":"scent-family-sweet-en","11":"scent-intensity-strong-en","12":"scent-recommendations-bank-en","13":"scent-recommendations-medical-en","15":"first","16":"instock","17":"shipping-taxable","18":"purchasable","19":"product-type-simple"},"acf":[],"_links":{"self":[{"href":"https:\/\/kodointernational.com\/th\/wp-json\/wp\/v2\/product\/18188","targetHints":{"allow":["GET"]}}],"collection":[{"href":"https:\/\/kodointernational.com\/th\/wp-json\/wp\/v2\/product"}],"about":[{"href":"https:\/\/kodointernational.com\/th\/wp-json\/wp\/v2\/types\/product"}],"replies":[{"embeddable":true,"href":"https:\/\/kodointernational.com\/th\/wp-json\/wp\/v2\/comments?post=18188"}],"version-history":[{"count":0,"href":"https:\/\/kodointernational.com\/th\/wp-json\/wp\/v2\/product\/18188\/revisions"}],"wp:featuredmedia":[{"embeddable":true,"href":"https:\/\/kodointernational.com\/th\/wp-json\/wp\/v2\/media\/13096"}],"wp:attachment":[{"href":"https:\/\/kodointernational.com\/th\/wp-json\/wp\/v2\/media?parent=18188"}],"wp:term":[{"taxonomy":"brand","embeddable":true,"href":"https:\/\/kodointernational.com\/th\/wp-json\/wp\/v2\/etheme_brands?post=18188"},{"taxonomy":"product_cat","embeddable":true,"href":"https:\/\/kodointernational.com\/th\/wp-json\/wp\/v2\/product_cat?post=18188"},{"taxonomy":"product_tag","embeddable":true,"href":"https:\/\/kodointernational.com\/th\/wp-json\/wp\/v2\/product_tag?post=18188"},{"taxonomy":"scent-family","embeddable":true,"href":"https:\/\/kodointernational.com\/th\/wp-json\/wp\/v2\/scent-family?post=18188"},{"taxonomy":"diffusion-area","embeddable":true,"href":"https:\/\/kodointernational.com\/th\/wp-json\/wp\/v2\/diffusion-area?post=18188"},{"taxonomy":"scent-intensity","embeddable":true,"href":"https:\/\/kodointernational.com\/th\/wp-json\/wp\/v2\/scent-intensity?post=18188"},{"taxonomy":"scent-recommendations","embeddable":true,"href":"https:\/\/kodointernational.com\/th\/wp-json\/wp\/v2\/scent-recommendations?post=18188"},{"taxonomy":"scent-pyramid","embeddable":true,"href":"https:\/\/kodointernational.com\/th\/wp-json\/wp\/v2\/scent-pyramid?post=18188"}],"curies":[{"name":"wp","href":"https:\/\/api.w.org\/{rel}","templated":true}]}}