{"id":18153,"date":"2023-02-28T02:35:33","date_gmt":"2023-02-27T19:35:33","guid":{"rendered":"https:\/\/kodointernational.com\/product\/orange-grass\/"},"modified":"2023-02-28T02:35:33","modified_gmt":"2023-02-27T19:35:33","slug":"orange-grass","status":"publish","type":"product","link":"https:\/\/kodointernational.com\/th\/product\/orange-grass\/","title":{"rendered":"Orange Grass"},"content":{"rendered":"","protected":false},"excerpt":{"rendered":"<p><span data-sheets-value=\"{\"1\":2,\"2\":\"Gi\u1ea5c M\u1ed9ng \u00cam D\u1ecbu N\u1ebfu b\u1ea1n \u0111ang t\u00ecm ki\u1ebfm m\u1ed9t m\u00f9i h\u01b0\u01a1ng c\u00f3 th\u1ec3 mang l\u1ea1i s\u1ef1 b\u00ecnh y\u00ean cho kh\u00f4ng gian c\u1ee7a m\u00ecnh, th\u00ec Orange Grass l\u00e0 l\u1ef1a ch\u1ecdn l\u00fd t\u01b0\u1edfng.Lo\u1ea1i tinh d\u1ea7u n\u00e0y \u0111\u01b0\u1ee3c ch\u01b0ng c\u1ea5t k\u1ebft h\u1ee3p t\u1eeb th\u1ef1c v\u1eadt l\u00e0 cam Brazil, hoa cam v\u00e0 chanh s\u1ea3. \u0110\u00f3 l\u00e0 c\u00e1c h\u1ee3p ch\u1ea5t \u0111\u00e3 \u0111\u01b0\u1ee3c ch\u1ee9ng minh trong nghi\u00ean c\u1ee9u \u0111\u1ec3 \u0111i\u1ec1u ho\u00e0 huy\u1ebft \u00e1p, l\u00e0m gi\u1ea3m c\u00e1c tri\u1ec7u ch\u1ee9ng c\u0103ng th\u1eb3ng.\"}\" data-sheets-userformat=\"{\"2\":769,\"3\":{\"1\":0},\"11\":4,\"12\":0}\">Soothing Dreams If you are looking for a scent that can bring peace to your space, then Orange Grass is the ideal choice. This essential oil is distilled from plants such as Brazilian orange, orange blossom and lemongrass. These are compounds that have been shown in research to regulate blood pressure, reducing symptoms of stress.<\/span><\/p>\n","protected":false},"featured_media":13390,"comment_status":"open","ping_status":"closed","template":"","meta":[],"etheme_brands":[],"product_cat":[],"product_tag":[],"scent-family":[880],"diffusion-area":[],"scent-intensity":[910],"scent-recommendations":[930,916,926],"scent-pyramid":[],"class_list":{"0":"post-18153","1":"product","2":"type-product","3":"status-publish","4":"has-post-thumbnail","6":"pa_dung-tich-10ml","7":"pa_dung-tich-50ml","8":"pa_dung-tich-110ml","9":"pa_dung-tich-500ml","10":"scent-family-fresh-en","11":"scent-intensity-strong-en","12":"scent-recommendations-medical-en","13":"scent-recommendations-office-en","14":"scent-recommendations-spa-en","16":"first","17":"instock","18":"shipping-taxable","19":"purchasable","20":"product-type-simple"},"acf":[],"_links":{"self":[{"href":"https:\/\/kodointernational.com\/th\/wp-json\/wp\/v2\/product\/18153","targetHints":{"allow":["GET"]}}],"collection":[{"href":"https:\/\/kodointernational.com\/th\/wp-json\/wp\/v2\/product"}],"about":[{"href":"https:\/\/kodointernational.com\/th\/wp-json\/wp\/v2\/types\/product"}],"replies":[{"embeddable":true,"href":"https:\/\/kodointernational.com\/th\/wp-json\/wp\/v2\/comments?post=18153"}],"version-history":[{"count":0,"href":"https:\/\/kodointernational.com\/th\/wp-json\/wp\/v2\/product\/18153\/revisions"}],"wp:featuredmedia":[{"embeddable":true,"href":"https:\/\/kodointernational.com\/th\/wp-json\/wp\/v2\/media\/13390"}],"wp:attachment":[{"href":"https:\/\/kodointernational.com\/th\/wp-json\/wp\/v2\/media?parent=18153"}],"wp:term":[{"taxonomy":"brand","embeddable":true,"href":"https:\/\/kodointernational.com\/th\/wp-json\/wp\/v2\/etheme_brands?post=18153"},{"taxonomy":"product_cat","embeddable":true,"href":"https:\/\/kodointernational.com\/th\/wp-json\/wp\/v2\/product_cat?post=18153"},{"taxonomy":"product_tag","embeddable":true,"href":"https:\/\/kodointernational.com\/th\/wp-json\/wp\/v2\/product_tag?post=18153"},{"taxonomy":"scent-family","embeddable":true,"href":"https:\/\/kodointernational.com\/th\/wp-json\/wp\/v2\/scent-family?post=18153"},{"taxonomy":"diffusion-area","embeddable":true,"href":"https:\/\/kodointernational.com\/th\/wp-json\/wp\/v2\/diffusion-area?post=18153"},{"taxonomy":"scent-intensity","embeddable":true,"href":"https:\/\/kodointernational.com\/th\/wp-json\/wp\/v2\/scent-intensity?post=18153"},{"taxonomy":"scent-recommendations","embeddable":true,"href":"https:\/\/kodointernational.com\/th\/wp-json\/wp\/v2\/scent-recommendations?post=18153"},{"taxonomy":"scent-pyramid","embeddable":true,"href":"https:\/\/kodointernational.com\/th\/wp-json\/wp\/v2\/scent-pyramid?post=18153"}],"curies":[{"name":"wp","href":"https:\/\/api.w.org\/{rel}","templated":true}]}}