{"id":18142,"date":"2023-02-28T03:06:54","date_gmt":"2023-02-27T20:06:54","guid":{"rendered":"https:\/\/kodointernational.com\/product\/citrus-bloom\/"},"modified":"2023-02-28T03:06:54","modified_gmt":"2023-02-27T20:06:54","slug":"citrus-bloom","status":"publish","type":"product","link":"https:\/\/kodointernational.com\/th\/product\/citrus-bloom\/","title":{"rendered":"Citrus Bloom"},"content":{"rendered":"","protected":false},"excerpt":{"rendered":"<p><span data-sheets-value=\"{\"1\":2,\"2\":\"H\u01b0\u01a1ng th\u01a1m Citrus Bloom mang \u0111\u1ebfn m\u1ed9t tr\u1ea3i nghi\u1ec7m t\u01b0\u01a1i m\u00e1t, s\u1ed1ng \u0111\u1ed9ng v\u00e0 tinh t\u1ebf nh\u01b0 b\u00f4ng hoa cam qu\u00fdt. \u0110\u00e2y l\u00e0 m\u1ed9t h\u01b0\u01a1ng th\u01a1m r\u1ea1ng r\u1ee1 v\u00e0 tr\u00e0n \u0111\u1ea7y s\u1ee9c s\u1ed1ng, t\u1ea1o n\u00ean m\u1ed9t c\u1ea3m gi\u00e1c t\u01b0\u01a1i m\u1edbi v\u00e0 ph\u1ea5n kh\u00edch\"}\" data-sheets-userformat=\"{\"2\":769,\"3\":{\"1\":0},\"11\":4,\"12\":0}\">Citrus Bloom fragrance offers a fresh, lively and delicate experience like a citrus flower. This is a fragrance that is radiant and full of life, creating a feeling of freshness and excitement<\/span><\/p>\n","protected":false},"featured_media":13400,"comment_status":"open","ping_status":"closed","template":"","meta":[],"etheme_brands":[],"product_cat":[],"product_tag":[],"scent-family":[874],"diffusion-area":[],"scent-intensity":[908],"scent-recommendations":[928,930,916,926],"scent-pyramid":[],"class_list":{"0":"post-18142","1":"product","2":"type-product","3":"status-publish","4":"has-post-thumbnail","6":"pa_dung-tich-10ml","7":"pa_dung-tich-50ml","8":"pa_dung-tich-110ml","9":"pa_dung-tich-500ml","10":"scent-family-floral-en","11":"scent-intensity-medium-en","12":"scent-recommendations-gym-en","13":"scent-recommendations-medical-en","14":"scent-recommendations-office-en","15":"scent-recommendations-spa-en","17":"first","18":"instock","19":"shipping-taxable","20":"purchasable","21":"product-type-simple"},"acf":[],"_links":{"self":[{"href":"https:\/\/kodointernational.com\/th\/wp-json\/wp\/v2\/product\/18142","targetHints":{"allow":["GET"]}}],"collection":[{"href":"https:\/\/kodointernational.com\/th\/wp-json\/wp\/v2\/product"}],"about":[{"href":"https:\/\/kodointernational.com\/th\/wp-json\/wp\/v2\/types\/product"}],"replies":[{"embeddable":true,"href":"https:\/\/kodointernational.com\/th\/wp-json\/wp\/v2\/comments?post=18142"}],"version-history":[{"count":0,"href":"https:\/\/kodointernational.com\/th\/wp-json\/wp\/v2\/product\/18142\/revisions"}],"wp:featuredmedia":[{"embeddable":true,"href":"https:\/\/kodointernational.com\/th\/wp-json\/wp\/v2\/media\/13400"}],"wp:attachment":[{"href":"https:\/\/kodointernational.com\/th\/wp-json\/wp\/v2\/media?parent=18142"}],"wp:term":[{"taxonomy":"brand","embeddable":true,"href":"https:\/\/kodointernational.com\/th\/wp-json\/wp\/v2\/etheme_brands?post=18142"},{"taxonomy":"product_cat","embeddable":true,"href":"https:\/\/kodointernational.com\/th\/wp-json\/wp\/v2\/product_cat?post=18142"},{"taxonomy":"product_tag","embeddable":true,"href":"https:\/\/kodointernational.com\/th\/wp-json\/wp\/v2\/product_tag?post=18142"},{"taxonomy":"scent-family","embeddable":true,"href":"https:\/\/kodointernational.com\/th\/wp-json\/wp\/v2\/scent-family?post=18142"},{"taxonomy":"diffusion-area","embeddable":true,"href":"https:\/\/kodointernational.com\/th\/wp-json\/wp\/v2\/diffusion-area?post=18142"},{"taxonomy":"scent-intensity","embeddable":true,"href":"https:\/\/kodointernational.com\/th\/wp-json\/wp\/v2\/scent-intensity?post=18142"},{"taxonomy":"scent-recommendations","embeddable":true,"href":"https:\/\/kodointernational.com\/th\/wp-json\/wp\/v2\/scent-recommendations?post=18142"},{"taxonomy":"scent-pyramid","embeddable":true,"href":"https:\/\/kodointernational.com\/th\/wp-json\/wp\/v2\/scent-pyramid?post=18142"}],"curies":[{"name":"wp","href":"https:\/\/api.w.org\/{rel}","templated":true}]}}