{"id":26521,"date":"2024-08-17T20:47:37","date_gmt":"2024-08-17T13:47:37","guid":{"rendered":"https:\/\/kodointernational.com\/product\/kodo-diffusor-steinlampen-set-fuer-aetherische-oele-quarzsteinlampe\/"},"modified":"2024-08-17T20:47:37","modified_gmt":"2024-08-17T13:47:37","slug":"kodo-diffusor-steinlampen-set-fuer-aetherische-oele-quarzsteinlampe","status":"publish","type":"product","link":"https:\/\/kodointernational.com\/de\/produkt\/kodo-diffusor-steinlampen-set-fuer-aetherische-oele-quarzsteinlampe\/","title":{"rendered":"KODO Diffusor-Steinlampen-Set f\u00fcr \u00e4therische \u00d6le, Quarzsteinlampe"},"content":{"rendered":"","protected":false},"excerpt":{"rendered":"<p>Das Erhitzen von Citrin und \u00e4therischen \u00d6len ist sehr effektiv, um Wohlstand und Erfolg anzulocken. Dies ist auch eine Therapie, die positive Energie f\u00fcr den Geist erzeugt und gro\u00dfes Selbstvertrauen, Optimismus und Willenskraft bringt&#8230;. Daher umfasst die 3IN1-Kollektion von KODO: Aromalampen, \u00e4therische \u00d6le und Quarzsteine sind die ideale Wahl f\u00fcr Sie. Nur ein paar Tropfen \u00e4therisches KODO-\u00d6l in Kombination mit der W\u00e4rme der AROMA-Lampe sorgen daf\u00fcr, dass der Quarzstein in Ihrem Zuhause einen \u00e4u\u00dferst angenehmen Duft verstr\u00f6mt.   <\/p>\n","protected":false},"featured_media":26493,"comment_status":"open","ping_status":"closed","template":"","meta":[],"etheme_brands":[],"product_cat":[837],"product_tag":[],"scent-family":[],"diffusion-area":[],"scent-intensity":[],"scent-recommendations":[],"scent-pyramid":[],"class_list":{"0":"post-26521","1":"product","2":"type-product","3":"status-publish","4":"has-post-thumbnail","6":"product_cat-weitere-produkte","8":"first","9":"instock","10":"shipping-taxable","11":"product-type-simple"},"acf":[],"_links":{"self":[{"href":"https:\/\/kodointernational.com\/de\/wp-json\/wp\/v2\/product\/26521","targetHints":{"allow":["GET"]}}],"collection":[{"href":"https:\/\/kodointernational.com\/de\/wp-json\/wp\/v2\/product"}],"about":[{"href":"https:\/\/kodointernational.com\/de\/wp-json\/wp\/v2\/types\/product"}],"replies":[{"embeddable":true,"href":"https:\/\/kodointernational.com\/de\/wp-json\/wp\/v2\/comments?post=26521"}],"version-history":[{"count":0,"href":"https:\/\/kodointernational.com\/de\/wp-json\/wp\/v2\/product\/26521\/revisions"}],"wp:featuredmedia":[{"embeddable":true,"href":"https:\/\/kodointernational.com\/de\/wp-json\/wp\/v2\/media\/26493"}],"wp:attachment":[{"href":"https:\/\/kodointernational.com\/de\/wp-json\/wp\/v2\/media?parent=26521"}],"wp:term":[{"taxonomy":"brand","embeddable":true,"href":"https:\/\/kodointernational.com\/de\/wp-json\/wp\/v2\/etheme_brands?post=26521"},{"taxonomy":"product_cat","embeddable":true,"href":"https:\/\/kodointernational.com\/de\/wp-json\/wp\/v2\/product_cat?post=26521"},{"taxonomy":"product_tag","embeddable":true,"href":"https:\/\/kodointernational.com\/de\/wp-json\/wp\/v2\/product_tag?post=26521"},{"taxonomy":"scent-family","embeddable":true,"href":"https:\/\/kodointernational.com\/de\/wp-json\/wp\/v2\/scent-family?post=26521"},{"taxonomy":"diffusion-area","embeddable":true,"href":"https:\/\/kodointernational.com\/de\/wp-json\/wp\/v2\/diffusion-area?post=26521"},{"taxonomy":"scent-intensity","embeddable":true,"href":"https:\/\/kodointernational.com\/de\/wp-json\/wp\/v2\/scent-intensity?post=26521"},{"taxonomy":"scent-recommendations","embeddable":true,"href":"https:\/\/kodointernational.com\/de\/wp-json\/wp\/v2\/scent-recommendations?post=26521"},{"taxonomy":"scent-pyramid","embeddable":true,"href":"https:\/\/kodointernational.com\/de\/wp-json\/wp\/v2\/scent-pyramid?post=26521"}],"curies":[{"name":"wp","href":"https:\/\/api.w.org\/{rel}","templated":true}]}}