{"id":26487,"date":"2024-08-17T20:36:41","date_gmt":"2024-08-17T13:36:41","guid":{"rendered":"https:\/\/kodointernational.com\/product\/aetherisches-premium-massageoel-von-kodo\/"},"modified":"2024-08-17T20:36:41","modified_gmt":"2024-08-17T13:36:41","slug":"aetherisches-premium-massageoel-von-kodo","status":"publish","type":"product","link":"https:\/\/kodointernational.com\/de\/produkt\/aetherisches-premium-massageoel-von-kodo\/","title":{"rendered":"\u00c4therisches Premium-Massage\u00f6l von Kodo"},"content":{"rendered":"","protected":false},"excerpt":{"rendered":"<p>Hochwertige \u00e4therische Massage\u00f6le, 100 % nat\u00fcrlich, absolut sicher. Hochwertige \u00e4therische \u00d6le enthalten viele N\u00e4hrstoffe, die die Haut pflegen, regenerieren und versch\u00f6nern. Sanfter nat\u00fcrlicher Duft, entspannt Emotionen, regeneriert die Gesundheit und stellt die Energie wieder her. Die Hautpflege-Essenz zieht schnell ein, fettet nicht und gl\u00e4nzt nicht auf der Haut<\/p>\n","protected":false},"featured_media":26455,"comment_status":"open","ping_status":"closed","template":"","meta":[],"etheme_brands":[],"product_cat":[837],"product_tag":[],"scent-family":[],"diffusion-area":[],"scent-intensity":[],"scent-recommendations":[],"scent-pyramid":[],"class_list":{"0":"post-26487","1":"product","2":"type-product","3":"status-publish","4":"has-post-thumbnail","6":"product_cat-weitere-produkte","8":"first","9":"instock","10":"shipping-taxable","11":"product-type-simple"},"acf":[],"_links":{"self":[{"href":"https:\/\/kodointernational.com\/de\/wp-json\/wp\/v2\/product\/26487","targetHints":{"allow":["GET"]}}],"collection":[{"href":"https:\/\/kodointernational.com\/de\/wp-json\/wp\/v2\/product"}],"about":[{"href":"https:\/\/kodointernational.com\/de\/wp-json\/wp\/v2\/types\/product"}],"replies":[{"embeddable":true,"href":"https:\/\/kodointernational.com\/de\/wp-json\/wp\/v2\/comments?post=26487"}],"version-history":[{"count":0,"href":"https:\/\/kodointernational.com\/de\/wp-json\/wp\/v2\/product\/26487\/revisions"}],"wp:featuredmedia":[{"embeddable":true,"href":"https:\/\/kodointernational.com\/de\/wp-json\/wp\/v2\/media\/26455"}],"wp:attachment":[{"href":"https:\/\/kodointernational.com\/de\/wp-json\/wp\/v2\/media?parent=26487"}],"wp:term":[{"taxonomy":"brand","embeddable":true,"href":"https:\/\/kodointernational.com\/de\/wp-json\/wp\/v2\/etheme_brands?post=26487"},{"taxonomy":"product_cat","embeddable":true,"href":"https:\/\/kodointernational.com\/de\/wp-json\/wp\/v2\/product_cat?post=26487"},{"taxonomy":"product_tag","embeddable":true,"href":"https:\/\/kodointernational.com\/de\/wp-json\/wp\/v2\/product_tag?post=26487"},{"taxonomy":"scent-family","embeddable":true,"href":"https:\/\/kodointernational.com\/de\/wp-json\/wp\/v2\/scent-family?post=26487"},{"taxonomy":"diffusion-area","embeddable":true,"href":"https:\/\/kodointernational.com\/de\/wp-json\/wp\/v2\/diffusion-area?post=26487"},{"taxonomy":"scent-intensity","embeddable":true,"href":"https:\/\/kodointernational.com\/de\/wp-json\/wp\/v2\/scent-intensity?post=26487"},{"taxonomy":"scent-recommendations","embeddable":true,"href":"https:\/\/kodointernational.com\/de\/wp-json\/wp\/v2\/scent-recommendations?post=26487"},{"taxonomy":"scent-pyramid","embeddable":true,"href":"https:\/\/kodointernational.com\/de\/wp-json\/wp\/v2\/scent-pyramid?post=26487"}],"curies":[{"name":"wp","href":"https:\/\/api.w.org\/{rel}","templated":true}]}}