{"id":26435,"date":"2024-08-17T17:46:22","date_gmt":"2024-08-17T10:46:22","guid":{"rendered":"https:\/\/kodointernational.com\/product\/yoga-mat-cleaner-teppichreinigungs-und-desodorierungsloesung-50-ml\/"},"modified":"2024-08-17T17:46:22","modified_gmt":"2024-08-17T10:46:22","slug":"yoga-mat-cleaner-teppichreinigungs-und-desodorierungsloesung-50-ml","status":"publish","type":"product","link":"https:\/\/kodointernational.com\/de\/produkt\/yoga-mat-cleaner-teppichreinigungs-und-desodorierungsloesung-50-ml\/","title":{"rendered":"Yoga Mat Cleaner Teppichreinigungs- und Desodorierungsl\u00f6sung 50 ml"},"content":{"rendered":"","protected":false},"excerpt":{"rendered":"<p>Reinigungsl\u00f6sung f\u00fcr Yogamatten: Desodoriert Schwei\u00df, reinigt Bakterien, hinterl\u00e4sst einen angenehmen Duft f\u00fcr Yogamatten, Fitnessger\u00e4te, Pilates usw. Tr\u00e4gt dazu bei, sich beim Teilen von Trainingsmatten oder Sportger\u00e4ten in \u00f6ffentlichen Clubs sicher zu f\u00fchlen.<\/p>\n","protected":false},"featured_media":26415,"comment_status":"open","ping_status":"closed","template":"","meta":[],"etheme_brands":[],"product_cat":[837],"product_tag":[],"scent-family":[],"diffusion-area":[],"scent-intensity":[],"scent-recommendations":[],"scent-pyramid":[],"class_list":{"0":"post-26435","1":"product","2":"type-product","3":"status-publish","4":"has-post-thumbnail","6":"product_cat-weitere-produkte","8":"first","9":"instock","10":"shipping-taxable","11":"product-type-simple"},"acf":[],"_links":{"self":[{"href":"https:\/\/kodointernational.com\/de\/wp-json\/wp\/v2\/product\/26435","targetHints":{"allow":["GET"]}}],"collection":[{"href":"https:\/\/kodointernational.com\/de\/wp-json\/wp\/v2\/product"}],"about":[{"href":"https:\/\/kodointernational.com\/de\/wp-json\/wp\/v2\/types\/product"}],"replies":[{"embeddable":true,"href":"https:\/\/kodointernational.com\/de\/wp-json\/wp\/v2\/comments?post=26435"}],"version-history":[{"count":0,"href":"https:\/\/kodointernational.com\/de\/wp-json\/wp\/v2\/product\/26435\/revisions"}],"wp:featuredmedia":[{"embeddable":true,"href":"https:\/\/kodointernational.com\/de\/wp-json\/wp\/v2\/media\/26415"}],"wp:attachment":[{"href":"https:\/\/kodointernational.com\/de\/wp-json\/wp\/v2\/media?parent=26435"}],"wp:term":[{"taxonomy":"brand","embeddable":true,"href":"https:\/\/kodointernational.com\/de\/wp-json\/wp\/v2\/etheme_brands?post=26435"},{"taxonomy":"product_cat","embeddable":true,"href":"https:\/\/kodointernational.com\/de\/wp-json\/wp\/v2\/product_cat?post=26435"},{"taxonomy":"product_tag","embeddable":true,"href":"https:\/\/kodointernational.com\/de\/wp-json\/wp\/v2\/product_tag?post=26435"},{"taxonomy":"scent-family","embeddable":true,"href":"https:\/\/kodointernational.com\/de\/wp-json\/wp\/v2\/scent-family?post=26435"},{"taxonomy":"diffusion-area","embeddable":true,"href":"https:\/\/kodointernational.com\/de\/wp-json\/wp\/v2\/diffusion-area?post=26435"},{"taxonomy":"scent-intensity","embeddable":true,"href":"https:\/\/kodointernational.com\/de\/wp-json\/wp\/v2\/scent-intensity?post=26435"},{"taxonomy":"scent-recommendations","embeddable":true,"href":"https:\/\/kodointernational.com\/de\/wp-json\/wp\/v2\/scent-recommendations?post=26435"},{"taxonomy":"scent-pyramid","embeddable":true,"href":"https:\/\/kodointernational.com\/de\/wp-json\/wp\/v2\/scent-pyramid?post=26435"}],"curies":[{"name":"wp","href":"https:\/\/api.w.org\/{rel}","templated":true}]}}