{"id":26409,"date":"2024-08-17T17:31:33","date_gmt":"2024-08-17T10:31:33","guid":{"rendered":"https:\/\/kodointernational.com\/product\/hochwertiges-duftendes-keramikstueck-von-kodo-mit-10-ml-aetherischem-parfuemoel\/"},"modified":"2024-08-17T17:31:33","modified_gmt":"2024-08-17T10:31:33","slug":"hochwertiges-duftendes-keramikstueck-von-kodo-mit-10-ml-aetherischem-parfuemoel","status":"publish","type":"product","link":"https:\/\/kodointernational.com\/de\/produkt\/hochwertiges-duftendes-keramikstueck-von-kodo-mit-10-ml-aetherischem-parfuemoel\/","title":{"rendered":"Hochwertiges, duftendes Keramikst\u00fcck von Kodo mit 10 ml \u00e4therischem Parf\u00fcm\u00f6l"},"content":{"rendered":"","protected":false},"excerpt":{"rendered":"<p>Das sch\u00f6ne, nach Kodo duftende Keramikst\u00fcck sorgt daf\u00fcr, dass Ihre Arbeitsecke oder Ihr Zimmer immer einen angenehmen, schwachen Duft verstr\u00f6mt. Bei der Verwendung m\u00fcssen Sie einen Tropfen \u00e4therisches Kodo-Aroma\u00f6l direkt auf das duftende Keramikst\u00fcck tropfen und es aufh\u00e4ngen. Das Produktset enth\u00e4lt 10 ml aromatisches Keramikst\u00fcck und \u00e4therisches \u00d6l.  <\/p>\n","protected":false},"featured_media":26405,"comment_status":"open","ping_status":"closed","template":"","meta":[],"etheme_brands":[],"product_cat":[837],"product_tag":[],"scent-family":[],"diffusion-area":[],"scent-intensity":[],"scent-recommendations":[933,917],"scent-pyramid":[],"class_list":{"0":"post-26409","1":"product","2":"type-product","3":"status-publish","4":"has-post-thumbnail","6":"product_cat-weitere-produkte","7":"scent-recommendations-appartement-de","8":"scent-recommendations-office-de","10":"first","11":"instock","12":"shipping-taxable","13":"product-type-simple"},"acf":[],"_links":{"self":[{"href":"https:\/\/kodointernational.com\/de\/wp-json\/wp\/v2\/product\/26409","targetHints":{"allow":["GET"]}}],"collection":[{"href":"https:\/\/kodointernational.com\/de\/wp-json\/wp\/v2\/product"}],"about":[{"href":"https:\/\/kodointernational.com\/de\/wp-json\/wp\/v2\/types\/product"}],"replies":[{"embeddable":true,"href":"https:\/\/kodointernational.com\/de\/wp-json\/wp\/v2\/comments?post=26409"}],"version-history":[{"count":0,"href":"https:\/\/kodointernational.com\/de\/wp-json\/wp\/v2\/product\/26409\/revisions"}],"wp:featuredmedia":[{"embeddable":true,"href":"https:\/\/kodointernational.com\/de\/wp-json\/wp\/v2\/media\/26405"}],"wp:attachment":[{"href":"https:\/\/kodointernational.com\/de\/wp-json\/wp\/v2\/media?parent=26409"}],"wp:term":[{"taxonomy":"brand","embeddable":true,"href":"https:\/\/kodointernational.com\/de\/wp-json\/wp\/v2\/etheme_brands?post=26409"},{"taxonomy":"product_cat","embeddable":true,"href":"https:\/\/kodointernational.com\/de\/wp-json\/wp\/v2\/product_cat?post=26409"},{"taxonomy":"product_tag","embeddable":true,"href":"https:\/\/kodointernational.com\/de\/wp-json\/wp\/v2\/product_tag?post=26409"},{"taxonomy":"scent-family","embeddable":true,"href":"https:\/\/kodointernational.com\/de\/wp-json\/wp\/v2\/scent-family?post=26409"},{"taxonomy":"diffusion-area","embeddable":true,"href":"https:\/\/kodointernational.com\/de\/wp-json\/wp\/v2\/diffusion-area?post=26409"},{"taxonomy":"scent-intensity","embeddable":true,"href":"https:\/\/kodointernational.com\/de\/wp-json\/wp\/v2\/scent-intensity?post=26409"},{"taxonomy":"scent-recommendations","embeddable":true,"href":"https:\/\/kodointernational.com\/de\/wp-json\/wp\/v2\/scent-recommendations?post=26409"},{"taxonomy":"scent-pyramid","embeddable":true,"href":"https:\/\/kodointernational.com\/de\/wp-json\/wp\/v2\/scent-pyramid?post=26409"}],"curies":[{"name":"wp","href":"https:\/\/api.w.org\/{rel}","templated":true}]}}