{"id":26325,"date":"2024-08-15T11:53:32","date_gmt":"2024-08-15T04:53:32","guid":{"rendered":"https:\/\/kodointernational.com\/product\/arabian-night-parfuem-diffusor-set-mit-aetherischen-oelen\/"},"modified":"2024-08-15T11:53:32","modified_gmt":"2024-08-15T04:53:32","slug":"arabian-night-parfuem-diffusor-set-mit-aetherischen-oelen","status":"publish","type":"product","link":"https:\/\/kodointernational.com\/de\/produkt\/arabian-night-parfuem-diffusor-set-mit-aetherischen-oelen\/","title":{"rendered":"Arabian Night Parf\u00fcm-Diffusor-Set mit \u00e4therischen \u00d6len"},"content":{"rendered":"","protected":false},"excerpt":{"rendered":"<p>Das Arabian Night Perfume-Diffusor-Set mit \u00e4therischen \u00d6len ist wie ein mystisches Abenteuer, das Sie in die ostasiatische Region entf\u00fchrt, wo jeder Dufttropfen eine Geschichte \u00fcber Adel und Klasse ist. Kombiniert den Duft von Eukalyptus, Orange, Rose, Safran, Geranie, Adlerholz, Sandelholz, Zedernholz und Patschuli<\/p>\n","protected":false},"featured_media":26321,"comment_status":"open","ping_status":"closed","template":"","meta":[],"etheme_brands":[],"product_cat":[845],"product_tag":[],"scent-family":[],"diffusion-area":[],"scent-intensity":[911],"scent-recommendations":[],"scent-pyramid":[],"class_list":{"0":"post-26325","1":"product","2":"type-product","3":"status-publish","4":"has-post-thumbnail","6":"product_cat-diffusorstab-kit","7":"scent-intensity-strong-de","9":"first","10":"instock","11":"shipping-taxable","12":"product-type-simple"},"acf":[],"_links":{"self":[{"href":"https:\/\/kodointernational.com\/de\/wp-json\/wp\/v2\/product\/26325","targetHints":{"allow":["GET"]}}],"collection":[{"href":"https:\/\/kodointernational.com\/de\/wp-json\/wp\/v2\/product"}],"about":[{"href":"https:\/\/kodointernational.com\/de\/wp-json\/wp\/v2\/types\/product"}],"replies":[{"embeddable":true,"href":"https:\/\/kodointernational.com\/de\/wp-json\/wp\/v2\/comments?post=26325"}],"version-history":[{"count":0,"href":"https:\/\/kodointernational.com\/de\/wp-json\/wp\/v2\/product\/26325\/revisions"}],"wp:featuredmedia":[{"embeddable":true,"href":"https:\/\/kodointernational.com\/de\/wp-json\/wp\/v2\/media\/26321"}],"wp:attachment":[{"href":"https:\/\/kodointernational.com\/de\/wp-json\/wp\/v2\/media?parent=26325"}],"wp:term":[{"taxonomy":"brand","embeddable":true,"href":"https:\/\/kodointernational.com\/de\/wp-json\/wp\/v2\/etheme_brands?post=26325"},{"taxonomy":"product_cat","embeddable":true,"href":"https:\/\/kodointernational.com\/de\/wp-json\/wp\/v2\/product_cat?post=26325"},{"taxonomy":"product_tag","embeddable":true,"href":"https:\/\/kodointernational.com\/de\/wp-json\/wp\/v2\/product_tag?post=26325"},{"taxonomy":"scent-family","embeddable":true,"href":"https:\/\/kodointernational.com\/de\/wp-json\/wp\/v2\/scent-family?post=26325"},{"taxonomy":"diffusion-area","embeddable":true,"href":"https:\/\/kodointernational.com\/de\/wp-json\/wp\/v2\/diffusion-area?post=26325"},{"taxonomy":"scent-intensity","embeddable":true,"href":"https:\/\/kodointernational.com\/de\/wp-json\/wp\/v2\/scent-intensity?post=26325"},{"taxonomy":"scent-recommendations","embeddable":true,"href":"https:\/\/kodointernational.com\/de\/wp-json\/wp\/v2\/scent-recommendations?post=26325"},{"taxonomy":"scent-pyramid","embeddable":true,"href":"https:\/\/kodointernational.com\/de\/wp-json\/wp\/v2\/scent-pyramid?post=26325"}],"curies":[{"name":"wp","href":"https:\/\/api.w.org\/{rel}","templated":true}]}}