{"id":26286,"date":"2024-08-15T11:25:50","date_gmt":"2024-08-15T04:25:50","guid":{"rendered":"https:\/\/kodointernational.com\/product\/das-cosmopolitan-parfuem-diffusor-set-mit-aetherischen-oelen\/"},"modified":"2024-08-15T11:25:50","modified_gmt":"2024-08-15T04:25:50","slug":"das-cosmopolitan-parfuem-diffusor-set-mit-aetherischen-oelen","status":"publish","type":"product","link":"https:\/\/kodointernational.com\/de\/produkt\/das-cosmopolitan-parfuem-diffusor-set-mit-aetherischen-oelen\/","title":{"rendered":"Das Cosmopolitan Parf\u00fcm-Diffusor-Set mit \u00e4therischen \u00d6len"},"content":{"rendered":"","protected":false},"excerpt":{"rendered":"<p>Ein zarter und moderner Duft, wie eine harmonische Kombination zwischen dem k\u00fchlen Duft von Kr\u00e4utern und der Vitalit\u00e4t bezaubernder Blumen. Kombination aus schwarzem Pfeffer, Rosmarin, Eukalyptus, Anis, Lavendel, Flieder, Amber, Moschus, Sandelholz<\/p>\n","protected":false},"featured_media":26282,"comment_status":"open","ping_status":"closed","template":"","meta":[],"etheme_brands":[],"product_cat":[845],"product_tag":[],"scent-family":[],"diffusion-area":[],"scent-intensity":[909],"scent-recommendations":[],"scent-pyramid":[],"class_list":{"0":"post-26286","1":"product","2":"type-product","3":"status-publish","4":"has-post-thumbnail","6":"product_cat-diffusorstab-kit","7":"scent-intensity-medium-de","9":"first","10":"instock","11":"shipping-taxable","12":"product-type-simple"},"acf":[],"_links":{"self":[{"href":"https:\/\/kodointernational.com\/de\/wp-json\/wp\/v2\/product\/26286","targetHints":{"allow":["GET"]}}],"collection":[{"href":"https:\/\/kodointernational.com\/de\/wp-json\/wp\/v2\/product"}],"about":[{"href":"https:\/\/kodointernational.com\/de\/wp-json\/wp\/v2\/types\/product"}],"replies":[{"embeddable":true,"href":"https:\/\/kodointernational.com\/de\/wp-json\/wp\/v2\/comments?post=26286"}],"version-history":[{"count":0,"href":"https:\/\/kodointernational.com\/de\/wp-json\/wp\/v2\/product\/26286\/revisions"}],"wp:featuredmedia":[{"embeddable":true,"href":"https:\/\/kodointernational.com\/de\/wp-json\/wp\/v2\/media\/26282"}],"wp:attachment":[{"href":"https:\/\/kodointernational.com\/de\/wp-json\/wp\/v2\/media?parent=26286"}],"wp:term":[{"taxonomy":"brand","embeddable":true,"href":"https:\/\/kodointernational.com\/de\/wp-json\/wp\/v2\/etheme_brands?post=26286"},{"taxonomy":"product_cat","embeddable":true,"href":"https:\/\/kodointernational.com\/de\/wp-json\/wp\/v2\/product_cat?post=26286"},{"taxonomy":"product_tag","embeddable":true,"href":"https:\/\/kodointernational.com\/de\/wp-json\/wp\/v2\/product_tag?post=26286"},{"taxonomy":"scent-family","embeddable":true,"href":"https:\/\/kodointernational.com\/de\/wp-json\/wp\/v2\/scent-family?post=26286"},{"taxonomy":"diffusion-area","embeddable":true,"href":"https:\/\/kodointernational.com\/de\/wp-json\/wp\/v2\/diffusion-area?post=26286"},{"taxonomy":"scent-intensity","embeddable":true,"href":"https:\/\/kodointernational.com\/de\/wp-json\/wp\/v2\/scent-intensity?post=26286"},{"taxonomy":"scent-recommendations","embeddable":true,"href":"https:\/\/kodointernational.com\/de\/wp-json\/wp\/v2\/scent-recommendations?post=26286"},{"taxonomy":"scent-pyramid","embeddable":true,"href":"https:\/\/kodointernational.com\/de\/wp-json\/wp\/v2\/scent-pyramid?post=26286"}],"curies":[{"name":"wp","href":"https:\/\/api.w.org\/{rel}","templated":true}]}}