{"id":26277,"date":"2024-08-15T11:20:38","date_gmt":"2024-08-15T04:20:38","guid":{"rendered":"https:\/\/kodointernational.com\/product\/nachthimmel-parfuem-diffusor-set-mit-aetherischen-oelen\/"},"modified":"2024-08-15T11:20:38","modified_gmt":"2024-08-15T04:20:38","slug":"nachthimmel-parfuem-diffusor-set-mit-aetherischen-oelen","status":"publish","type":"product","link":"https:\/\/kodointernational.com\/de\/produkt\/nachthimmel-parfuem-diffusor-set-mit-aetherischen-oelen\/","title":{"rendered":"Nachthimmel-Parf\u00fcm-Diffusor-Set mit \u00e4therischen \u00d6len"},"content":{"rendered":"","protected":false},"excerpt":{"rendered":"<p>Ein moderner und raffinierter Duft, eine wunderbare Kombination aus dem frischen Duft von gr\u00fcnem Tee und der stolzen Sch\u00f6nheit bezaubernder Blumen. Eine Kombination aus k\u00fchlem Gr\u00fcntee, Lilie, Pfingstrose, Iris, Moschus, Vanille und Moos <\/p>\n","protected":false},"featured_media":26272,"comment_status":"open","ping_status":"closed","template":"","meta":[],"etheme_brands":[],"product_cat":[845],"product_tag":[],"scent-family":[],"diffusion-area":[],"scent-intensity":[909],"scent-recommendations":[],"scent-pyramid":[],"class_list":{"0":"post-26277","1":"product","2":"type-product","3":"status-publish","4":"has-post-thumbnail","6":"product_cat-diffusorstab-kit","7":"scent-intensity-medium-de","9":"first","10":"instock","11":"shipping-taxable","12":"product-type-simple"},"acf":[],"_links":{"self":[{"href":"https:\/\/kodointernational.com\/de\/wp-json\/wp\/v2\/product\/26277","targetHints":{"allow":["GET"]}}],"collection":[{"href":"https:\/\/kodointernational.com\/de\/wp-json\/wp\/v2\/product"}],"about":[{"href":"https:\/\/kodointernational.com\/de\/wp-json\/wp\/v2\/types\/product"}],"replies":[{"embeddable":true,"href":"https:\/\/kodointernational.com\/de\/wp-json\/wp\/v2\/comments?post=26277"}],"version-history":[{"count":0,"href":"https:\/\/kodointernational.com\/de\/wp-json\/wp\/v2\/product\/26277\/revisions"}],"wp:featuredmedia":[{"embeddable":true,"href":"https:\/\/kodointernational.com\/de\/wp-json\/wp\/v2\/media\/26272"}],"wp:attachment":[{"href":"https:\/\/kodointernational.com\/de\/wp-json\/wp\/v2\/media?parent=26277"}],"wp:term":[{"taxonomy":"brand","embeddable":true,"href":"https:\/\/kodointernational.com\/de\/wp-json\/wp\/v2\/etheme_brands?post=26277"},{"taxonomy":"product_cat","embeddable":true,"href":"https:\/\/kodointernational.com\/de\/wp-json\/wp\/v2\/product_cat?post=26277"},{"taxonomy":"product_tag","embeddable":true,"href":"https:\/\/kodointernational.com\/de\/wp-json\/wp\/v2\/product_tag?post=26277"},{"taxonomy":"scent-family","embeddable":true,"href":"https:\/\/kodointernational.com\/de\/wp-json\/wp\/v2\/scent-family?post=26277"},{"taxonomy":"diffusion-area","embeddable":true,"href":"https:\/\/kodointernational.com\/de\/wp-json\/wp\/v2\/diffusion-area?post=26277"},{"taxonomy":"scent-intensity","embeddable":true,"href":"https:\/\/kodointernational.com\/de\/wp-json\/wp\/v2\/scent-intensity?post=26277"},{"taxonomy":"scent-recommendations","embeddable":true,"href":"https:\/\/kodointernational.com\/de\/wp-json\/wp\/v2\/scent-recommendations?post=26277"},{"taxonomy":"scent-pyramid","embeddable":true,"href":"https:\/\/kodointernational.com\/de\/wp-json\/wp\/v2\/scent-pyramid?post=26277"}],"curies":[{"name":"wp","href":"https:\/\/api.w.org\/{rel}","templated":true}]}}